{"id":114841,"date":"2025-12-18T00:00:00","date_gmt":"2025-12-18T05:00:00","guid":{"rendered":"http:\/\/gpl-love.com\/es\/?post_type=product&#038;p=114841"},"modified":"2026-03-09T07:39:56","modified_gmt":"2026-03-09T12:39:56","slug":"gravity-forms-mailchimp-addon","status":"publish","type":"product","link":"https:\/\/gpl-love.com\/es\/producto\/gravity-forms-mailchimp-addon\/","title":{"rendered":"Gravity Forms Mailchimp Addon 5.7.2"},"content":{"rendered":"<h3>Gravity Forms Mailchimp Addon Caracteristicas<\/h3>\n<p>La gravedad forma MailChimp Addon, una herramienta muy robusta, sirve como un excelente facilitador para lograr una integraci\u00f3n perfecta entre los formularios de gravedad y MailChimp. A trav\u00e9s de la utilizaci\u00f3n de este complemento, la conexi\u00f3n sin esfuerzo de sus formularios de gravedad a su cuenta de MailChimp es posible, incorporando autom\u00e1ticamente nuevos suscriptores en su lista de correo. Este complemento ha sido ideado ingeniosamente para simplificar su vida, automatizando efectivamente la ardua tarea de administrar su lista de correo electr\u00f3nico. Al personalizar convenientemente sus formularios de registro y seleccionar meticulosamente los campos que se incluir\u00e1n, se le proporciona un medio sin problemas para recopilar la informaci\u00f3n necesaria de sus suscriptores. Sin lugar a dudas, los formularios de gravedad MailChimp Addon es un elemento indispensable para las personas que aspiran a optimizar sus esfuerzos de marketing por correo electr\u00f3nico y amplificar su base de suscriptores.<\/p>\n<ul>\n<li>Integraci\u00f3n perfecta entre los formularios de gravedad y MailChimp<\/li>\n<li>Capacidad para sincronizar env\u00edos de formulario con listas de mailchimp<\/li>\n<li>Opci\u00f3n para mapear los campos de formulario a las etiquetas de fusi\u00f3n de mailchimp<\/li>\n<li>Actualizaciones en tiempo real de informaci\u00f3n de contacto en MailChimp<\/li>\n<li>Configuraci\u00f3n y configuraci\u00f3n f\u00e1cil con instrucciones paso a paso<\/li>\n<li>Admite m\u00faltiples cuentas de MageChimp<\/li>\n<li>Proceso autom\u00e1tico de opci\u00f3n doble para verificaci\u00f3n de correo electr\u00f3nico adicional<\/li>\n<li>Opciones de segmentaci\u00f3n flexibles para marketing por correo electr\u00f3nico dirigido<\/li>\n<li>Campa\u00f1as de correo electr\u00f3nico automatizadas activadas por env\u00edos de formularios<\/li>\n<li>Informes y an\u00e1lisis mejorados para el seguimiento del \u00e9xito de la campa\u00f1a de correo electr\u00f3nico<\/li>\n<\/ul>\n","protected":false},"excerpt":{"rendered":"<p>El complemento de MailChimp Gravity Forms es una herramienta incre\u00edblemente robusta que se ha desarrollado espec\u00edficamente para mejorar y optimizar todo el procedimiento de recopilar direcciones de correo electr\u00f3nico y posteriormente incorporarlas en su cuenta de MailChimp. Al utilizar este complemento excepcional, podr\u00e1 generar formas personalizadas que se integran sin problemas con MailChimp, lo que le permite acumular autom\u00e1ticamente los clientes potenciales y suscriptores frescos. Revelarse en las extraordinarias funcionalidades ofrecidas por este complemento, como la capacidad de mapear campos personalizados, emplear el sistema de doble opci\u00f3n y presentar mensajes de opci\u00f3n personalizados, todo al tiempo que garantiza un encuentro optimizado y f\u00e1cil de usar para los visitantes de su sitio web . Despedirse de la laboriosa entrada de datos manuales y abrazar las maravillas del marketing automatizado con los extraordinarios formularios de gravedad MailChimp Addon.<\/p>\n","protected":false},"featured_media":166316,"comment_status":"open","ping_status":"open","template":"","meta":[],"product_brand":[2469],"product_cat":[1232,1206,1211],"product_tag":[1300],"class_list":{"0":"post-114841","1":"product","2":"type-product","3":"status-publish","4":"has-post-thumbnail","6":"product_brand-gravityforms","7":"product_cat-marketing-wordpress-plugins","8":"product_cat-plugins","9":"product_cat-wordpress-plugins","10":"product_tag-gravityforms","11":"member-discount","12":"discount-restricted","14":"first","15":"instock","16":"sale","17":"downloadable","18":"virtual","19":"sold-individually","20":"purchasable","21":"product-type-simple"},"_links":{"self":[{"href":"https:\/\/gpl-love.com\/es\/wp-json\/wp\/v2\/product\/114841","targetHints":{"allow":["GET"]}}],"collection":[{"href":"https:\/\/gpl-love.com\/es\/wp-json\/wp\/v2\/product"}],"about":[{"href":"https:\/\/gpl-love.com\/es\/wp-json\/wp\/v2\/types\/product"}],"replies":[{"embeddable":true,"href":"https:\/\/gpl-love.com\/es\/wp-json\/wp\/v2\/comments?post=114841"}],"wp:featuredmedia":[{"embeddable":true,"href":"https:\/\/gpl-love.com\/es\/wp-json\/wp\/v2\/media\/166316"}],"wp:attachment":[{"href":"https:\/\/gpl-love.com\/es\/wp-json\/wp\/v2\/media?parent=114841"}],"wp:term":[{"taxonomy":"product_brand","embeddable":true,"href":"https:\/\/gpl-love.com\/es\/wp-json\/wp\/v2\/product_brand?post=114841"},{"taxonomy":"product_cat","embeddable":true,"href":"https:\/\/gpl-love.com\/es\/wp-json\/wp\/v2\/product_cat?post=114841"},{"taxonomy":"product_tag","embeddable":true,"href":"https:\/\/gpl-love.com\/es\/wp-json\/wp\/v2\/product_tag?post=114841"}],"curies":[{"name":"wp","href":"https:\/\/api.w.org\/{rel}","templated":true}]}}