{"id":114839,"date":"2024-05-22T00:00:00","date_gmt":"2024-05-22T05:00:00","guid":{"rendered":"http:\/\/gpl-love.com\/es\/?post_type=product&#038;p=114839"},"modified":"2026-03-09T07:39:55","modified_gmt":"2026-03-09T12:39:55","slug":"gravity-forms-mad-mimi-addon","status":"publish","type":"product","link":"https:\/\/gpl-love.com\/es\/producto\/gravity-forms-mad-mimi-addon\/","title":{"rendered":"Gravity Forms Mad Mimi Addon 1.5.0"},"content":{"rendered":"<h3>Gravity Forms Mad Mimi Addon Caracteristicas<\/h3>\n<p>La gravedad Forms Mad Mimi Addon sirve como una herramienta incre\u00edblemente robusta y potente, lo que permite a los usuarios integrar sin problemas sus formularios de gravedad con el estimado servicio de marketing por correo electr\u00f3nico MIMI MIMI. Con la ayuda de este notable complemento, las personas pueden capturar sin esfuerzo clientes potenciales y automatizar intrincadas campa\u00f1as de correo electr\u00f3nico, facilitando as\u00ed el establecimiento y el cultivo de conexiones duraderas con su estimada clientela. Independientemente de si los esfuerzos de uno abarcan la gesti\u00f3n de una tienda en l\u00ednea o la operaci\u00f3n de un negocio a peque\u00f1a escala, la gravedad forma Mad Mimi Addon tiene el potencial de acelerar los procesos, conservar un tiempo valioso y amplificar el resultado final de una manera sin precedentes. En consecuencia, \u00bfpor qu\u00e9 retrasarse m\u00e1s? \u00a1Da el salto hoy y experimenta de primera mano el impacto transformador que puede tener en los esfuerzos de marketing por correo electr\u00f3nico!<\/p>\n<ul>\n<li>-Entice f\u00e1cilmente la plataforma de marketing por correo electr\u00f3nico de Mimi Mad con formularios de gravedad<\/li>\n<li>-Sync Datos entre las formas de gravedad y Mad Mimi sin problemas<\/li>\n<li>-Elecci\u00f3n que se forma conectarse con Mad Mimi y qu\u00e9 campos mapear<\/li>\n<li>-Customizar plantillas de correo electr\u00f3nico con el editor de arrastrar y soltar de Mad Mimi<\/li>\n<li>-Setea campa\u00f1as de correo electr\u00f3nico basadas en env\u00edos de formularios de gravedad<\/li>\n<li>-Autom\u00e1ticamente administra suscriptores en MIMI MIMI basado en presentaciones de formularios<\/li>\n<li>-El remover a los duplicados y administrar sus suscriptores<\/li>\n<li>Resultados de la campa\u00f1a de correo electr\u00f3nico de Monitor con las herramientas de an\u00e1lisis de Mad Mimi<\/li>\n<li>-TRINGLINE su flujo de trabajo y mejore sus esfuerzos de marketing por correo electr\u00f3nico con formularios de gravedad Mimi Addon.<\/li>\n<\/ul>\n","protected":false},"excerpt":{"rendered":"<p>La gravedad Forms Mad Mimi Addon es una herramienta incre\u00edblemente robusta y din\u00e1mica que le otorga la capacidad perfecta para integrar sus formularios de gravedad y su software de marketing por correo electr\u00f3nico MIMI MIMI. A trav\u00e9s de la utilizaci\u00f3n de este notable complemento, puede recopilar sin esfuerzo datos valiosos de los clientes, rastrear meticulosamente los env\u00edos de formularios y enviar correos electr\u00f3nicos altamente espec\u00edficos directamente a su estimada clientela, todo logrado sin tener que dejar la comodidad de su sitio de WordPress. Adem\u00e1s, la interfaz f\u00e1cil de usar junto con la riqueza de caracter\u00edsticas poderosas presentes dentro de este complemento permite un nivel de facilidad y conveniencia que nunca antes hab\u00eda sido experimentado, ofreci\u00e9ndole la oportunidad de elevar sus campa\u00f1as de marketing por correo electr\u00f3nico a alturas sin precedentes. Independientemente de si usted es un propietario de peque\u00f1as empresas diligentes o un vendedor experimentado y astuto, la gravedad Forms Mad Mimi Addon es la soluci\u00f3n por excelencia para mejorar su estrategia de marketing por correo electr\u00f3nico y impulsar el crecimiento de su estimada empresa.<\/p>\n","protected":false},"featured_media":166315,"comment_status":"open","ping_status":"open","template":"","meta":[],"product_brand":[2469],"product_cat":[1232,1206,1211],"product_tag":[1300],"class_list":{"0":"post-114839","1":"product","2":"type-product","3":"status-publish","4":"has-post-thumbnail","6":"product_brand-gravityforms","7":"product_cat-marketing-wordpress-plugins","8":"product_cat-plugins","9":"product_cat-wordpress-plugins","10":"product_tag-gravityforms","11":"member-discount","12":"discount-restricted","14":"first","15":"instock","16":"sale","17":"downloadable","18":"virtual","19":"sold-individually","20":"purchasable","21":"product-type-simple"},"_links":{"self":[{"href":"https:\/\/gpl-love.com\/es\/wp-json\/wp\/v2\/product\/114839","targetHints":{"allow":["GET"]}}],"collection":[{"href":"https:\/\/gpl-love.com\/es\/wp-json\/wp\/v2\/product"}],"about":[{"href":"https:\/\/gpl-love.com\/es\/wp-json\/wp\/v2\/types\/product"}],"replies":[{"embeddable":true,"href":"https:\/\/gpl-love.com\/es\/wp-json\/wp\/v2\/comments?post=114839"}],"wp:featuredmedia":[{"embeddable":true,"href":"https:\/\/gpl-love.com\/es\/wp-json\/wp\/v2\/media\/166315"}],"wp:attachment":[{"href":"https:\/\/gpl-love.com\/es\/wp-json\/wp\/v2\/media?parent=114839"}],"wp:term":[{"taxonomy":"product_brand","embeddable":true,"href":"https:\/\/gpl-love.com\/es\/wp-json\/wp\/v2\/product_brand?post=114839"},{"taxonomy":"product_cat","embeddable":true,"href":"https:\/\/gpl-love.com\/es\/wp-json\/wp\/v2\/product_cat?post=114839"},{"taxonomy":"product_tag","embeddable":true,"href":"https:\/\/gpl-love.com\/es\/wp-json\/wp\/v2\/product_tag?post=114839"}],"curies":[{"name":"wp","href":"https:\/\/api.w.org\/{rel}","templated":true}]}}