{"id":114837,"date":"2025-05-05T00:00:00","date_gmt":"2025-05-05T05:00:00","guid":{"rendered":"http:\/\/gpl-love.com\/es\/?post_type=product&#038;p=114837"},"modified":"2026-03-09T07:39:54","modified_gmt":"2026-03-09T12:39:54","slug":"gravity-forms-icontact-addon","status":"publish","type":"product","link":"https:\/\/gpl-love.com\/es\/producto\/gravity-forms-icontact-addon\/","title":{"rendered":"Gravity Forms IContact Addon 1.8.0"},"content":{"rendered":"<h3>Gravity Forms IContact Addon Caracteristicas<\/h3>\n<p>La gravedad forma Icontact Addon, una herramienta robusta y din\u00e1mica de la m\u00e1xima potencia, permite a los usuarios fusionar sin problemas y sin esfuerzo sus formularios de gravedad con Icontact, una plataforma de marketing por correo electr\u00f3nico ampliamente aclamada y prevalente. Al utilizar este complemento notable, los usuarios obtienen la clara ventaja de sincronizar r\u00e1pidamente y sin esfuerzo sus presentaciones de formularios de gravedad con listas de Icontact, facilitando as\u00ed la gesti\u00f3n fluida y el seguimiento meticuloso de sus campa\u00f1as de marketing por correo electr\u00f3nico. Este complemento extraordinario cuenta con una extensa variedad de caracter\u00edsticas muy buscadas, como la notable capacidad de mapear sin problemas los campos de forma de gravedad a los campos Icontact, la adici\u00f3n autom\u00e1tica de suscriptores frescos y novedosos a las listas de Icontact, y el manejo eficiente de las cescrituras y los rebozos. Con su interfaz incomparable y f\u00e1cil de usar, as\u00ed como su integraci\u00f3n impecable e impecable, la gravedad forma icontact Addon indiscutiblemente surge como una herramienta indispensable e indispensable para las empresas de todas las magnitudes que aspiran a racionalizar y optimizar sus esfuerzos de marketing por correo electr\u00f3nico.<\/p>\n<ul>\n<li>Mejorar la integraci\u00f3n de Icontact con formas de gravedad<\/li>\n<li>Agregar autom\u00e1ticamente los env\u00edos de formulario a las listas de Icontact<\/li>\n<li>Controle las listas espec\u00edficas de Icontact para cada formulario de gravedad<\/li>\n<li>Personalice la asignaci\u00f3n de campos de formulario a los campos de Icontact<\/li>\n<li>Optimice sus campa\u00f1as de marketing por correo electr\u00f3nico con datos de contacto precisos<\/li>\n<li>No se requiere codificaci\u00f3n, proceso de integraci\u00f3n simple<\/li>\n<\/ul>\n","protected":false},"excerpt":{"rendered":"<p>La gravedad forma Icontact Addon, que es una herramienta inmensamente poderosa, le ofrece la capacidad perfecta para integrar a la perfecci\u00f3n sus formularios de contacto con Icontact, una plataforma de marketing por correo electr\u00f3nico estimada y preeminente. Este complemento notable sin esfuerzo le permite agregar e incorporar autom\u00e1ticamente nuevas presentaciones de formulario a sus listas de Icontact, simplificando as\u00ed la ardua tarea de garantizar que sus campa\u00f1as de correo electr\u00f3nico est\u00e9n constantemente actualizadas, lo que posteriormente le permite comunicarse de manera efectiva con su audiencia a trav\u00e9s de l\u00e1ser y l\u00e1ser altamente personalizados y l\u00e1ser -Mensajes atar. Al incorporar y aprovechar las capacidades extraordinarias del complemento Icontact Forms de gravedad, tiene la invaluable oportunidad de optimizar y racionalizar sus esfuerzos de marketing, fomentando y cultivando relaciones m\u00e1s fuertes y profundas con su estimada base de clientes.<\/p>\n","protected":false},"featured_media":166314,"comment_status":"open","ping_status":"open","template":"","meta":[],"product_brand":[2469],"product_cat":[1232,1206,1211],"product_tag":[1300],"class_list":{"0":"post-114837","1":"product","2":"type-product","3":"status-publish","4":"has-post-thumbnail","6":"product_brand-gravityforms","7":"product_cat-marketing-wordpress-plugins","8":"product_cat-plugins","9":"product_cat-wordpress-plugins","10":"product_tag-gravityforms","11":"member-discount","12":"discount-restricted","14":"first","15":"instock","16":"sale","17":"downloadable","18":"virtual","19":"sold-individually","20":"purchasable","21":"product-type-simple"},"_links":{"self":[{"href":"https:\/\/gpl-love.com\/es\/wp-json\/wp\/v2\/product\/114837","targetHints":{"allow":["GET"]}}],"collection":[{"href":"https:\/\/gpl-love.com\/es\/wp-json\/wp\/v2\/product"}],"about":[{"href":"https:\/\/gpl-love.com\/es\/wp-json\/wp\/v2\/types\/product"}],"replies":[{"embeddable":true,"href":"https:\/\/gpl-love.com\/es\/wp-json\/wp\/v2\/comments?post=114837"}],"wp:featuredmedia":[{"embeddable":true,"href":"https:\/\/gpl-love.com\/es\/wp-json\/wp\/v2\/media\/166314"}],"wp:attachment":[{"href":"https:\/\/gpl-love.com\/es\/wp-json\/wp\/v2\/media?parent=114837"}],"wp:term":[{"taxonomy":"product_brand","embeddable":true,"href":"https:\/\/gpl-love.com\/es\/wp-json\/wp\/v2\/product_brand?post=114837"},{"taxonomy":"product_cat","embeddable":true,"href":"https:\/\/gpl-love.com\/es\/wp-json\/wp\/v2\/product_cat?post=114837"},{"taxonomy":"product_tag","embeddable":true,"href":"https:\/\/gpl-love.com\/es\/wp-json\/wp\/v2\/product_tag?post=114837"}],"curies":[{"name":"wp","href":"https:\/\/api.w.org\/{rel}","templated":true}]}}