{"id":114835,"date":"2021-07-04T00:00:00","date_gmt":"2021-07-04T05:00:00","guid":{"rendered":"http:\/\/gpl-love.com\/es\/?post_type=product&#038;p=114835"},"modified":"2026-03-09T07:39:52","modified_gmt":"2026-03-09T12:39:52","slug":"gravity-forms-hipchat-addon","status":"publish","type":"product","link":"https:\/\/gpl-love.com\/es\/producto\/gravity-forms-hipchat-addon\/","title":{"rendered":"Gravity Forms HipChat Addon 1.2"},"content":{"rendered":"<h3>Gravity Forms HipChat Addon Caracteristicas<\/h3>\n<p>La gravedad forma Hipchat Addon, una herramienta altamente eficiente, proporciona a los usuarios la capacidad de integrar a la perfecci\u00f3n sus formas con Hipchat, facilitando as\u00ed la gesti\u00f3n y la racionalizaci\u00f3n de sus procesos de comunicaci\u00f3n. Este notable complemento faculta a los usuarios para recibir notificaciones de inmediato relacionadas con los env\u00edos de formulario, asegurando as\u00ed las actualizaciones en tiempo real. Adem\u00e1s, los usuarios tienen la flexibilidad de personalizar estas notificaciones, garantizando la recepci\u00f3n de informaci\u00f3n \u00fanica. En particular, la instalaci\u00f3n y el uso de las formas de gravedad Hipchat Addon son notablemente sin esfuerzo, y su extensa gama de caracter\u00edsticas sirve para mejorar el flujo de trabajo y optimizar los procesos comerciales para individuos y organizaciones por igual, independientemente de su escala. Por lo tanto, si uno es un propietario de una peque\u00f1a empresa o parte de una gran empresa, la gravedad forma complemento Hipchat surge indudablemente como una herramienta invaluable que puede permitir efectivamente retener una ventaja competitiva en el \u00e1mbito de la comunicaci\u00f3n.<\/p>\n<ul>\n<li>Integre perfectamente Hipchat en sus formas de gravedad<\/li>\n<li>Recibir notificaciones instant\u00e1neas de nuevas presentaciones de formulario en Hipchat<\/li>\n<li>Configurar notificaciones que se enviar\u00e1n a habitaciones o usuarios espec\u00edficos de Hipchat<\/li>\n<li>Personalizar mensajes de notificaci\u00f3n con campos de datos de formulario din\u00e1mico<\/li>\n<li>Reducir la necesidad de monitoreo manual de los env\u00edos de formularios<\/li>\n<li>Mejorar la comunicaci\u00f3n del equipo y la colaboraci\u00f3n con notificaciones en tiempo real<\/li>\n<li>Instalaci\u00f3n f\u00e1cil y proceso de configuraci\u00f3n<\/li>\n<li>No se requieren habilidades de codificaci\u00f3n<\/li>\n<li>Compatible con las versiones basadas en la nube y autohostadas de Hipchat<\/li>\n<li>Compatible con todos los tipos de campo de formularios de gravedad y configuraciones de forma.<\/li>\n<\/ul>\n","protected":false},"excerpt":{"rendered":"<p>La gravedad forma complemento Hipchat, reconocido por su inmensa potencia y eficacia, le ofrece la incre\u00edble capacidad de recibir notificaciones oportunas y pertinentes dentro de sus habitaciones de Hipchat designadas cada vez que se presenta un formulario en su estimado sitio de WordPress que emplea los formularios de gravedad altamente aclamados. Este complemento extraordinario armoniza e integra sin problemas con su configuraci\u00f3n de formularios de gravedad preexistentes, lo que lo permite permanecer meticulosamente informado y r\u00e1pidamente receptivo frente a nuevas presentaciones de formulario. Acompa\u00f1ado por el complemento de Hipchat Forms Hipchat de gravedad incomparables, obtiene la capacidad de monitorear y rastrear las actividades sin esfuerzo que se producen en su estimado sitio, participar en la comunicaci\u00f3n en tiempo real con su estimado equipo y mejorar ampliamente la eficiencia general y la eficacia de su flujo de trabajo meticuloso. Independientemente de si preside una bulliciosa plataforma de comercio electr\u00f3nico o un blog profundamente personal, el complemento de Hipchat de gravedad indispensable se destaca como un esencial irrefutable para cualquier usuario de WordPress en busca de procesos optimizados y miembros del equipo inquebrantablemente informados.<\/p>\n","protected":false},"featured_media":166312,"comment_status":"open","ping_status":"open","template":"","meta":[],"product_brand":[2469],"product_cat":[1214,1206,1211],"product_tag":[1300],"class_list":{"0":"post-114835","1":"product","2":"type-product","3":"status-publish","4":"has-post-thumbnail","6":"product_brand-gravityforms","7":"product_cat-personalizacion","8":"product_cat-plugins","9":"product_cat-wordpress-plugins","10":"product_tag-gravityforms","11":"member-discount","12":"discount-restricted","14":"first","15":"instock","16":"sale","17":"downloadable","18":"virtual","19":"sold-individually","20":"purchasable","21":"product-type-simple"},"_links":{"self":[{"href":"https:\/\/gpl-love.com\/es\/wp-json\/wp\/v2\/product\/114835","targetHints":{"allow":["GET"]}}],"collection":[{"href":"https:\/\/gpl-love.com\/es\/wp-json\/wp\/v2\/product"}],"about":[{"href":"https:\/\/gpl-love.com\/es\/wp-json\/wp\/v2\/types\/product"}],"replies":[{"embeddable":true,"href":"https:\/\/gpl-love.com\/es\/wp-json\/wp\/v2\/comments?post=114835"}],"wp:featuredmedia":[{"embeddable":true,"href":"https:\/\/gpl-love.com\/es\/wp-json\/wp\/v2\/media\/166312"}],"wp:attachment":[{"href":"https:\/\/gpl-love.com\/es\/wp-json\/wp\/v2\/media?parent=114835"}],"wp:term":[{"taxonomy":"product_brand","embeddable":true,"href":"https:\/\/gpl-love.com\/es\/wp-json\/wp\/v2\/product_brand?post=114835"},{"taxonomy":"product_cat","embeddable":true,"href":"https:\/\/gpl-love.com\/es\/wp-json\/wp\/v2\/product_cat?post=114835"},{"taxonomy":"product_tag","embeddable":true,"href":"https:\/\/gpl-love.com\/es\/wp-json\/wp\/v2\/product_tag?post=114835"}],"curies":[{"name":"wp","href":"https:\/\/api.w.org\/{rel}","templated":true}]}}