{"id":114833,"date":"2021-07-04T00:00:00","date_gmt":"2021-07-04T05:00:00","guid":{"rendered":"http:\/\/gpl-love.com\/es\/?post_type=product&#038;p=114833"},"modified":"2026-03-09T07:39:51","modified_gmt":"2026-03-09T12:39:51","slug":"gravity-forms-highrise-addon","status":"publish","type":"product","link":"https:\/\/gpl-love.com\/es\/producto\/gravity-forms-highrise-addon\/","title":{"rendered":"Gravity Forms Highrise Addon 1.3"},"content":{"rendered":"<h3>Gravity Forms Highrise Addon Caracteristicas<\/h3>\n<p>La gravedad forma Highrise Addon, una herramienta muy robusta, ofrece a los usuarios una integraci\u00f3n perfecta entre sus formas de gravedad y CRM de alto aumento, lo que resulta en una mir\u00edada de beneficios. Al utilizar este complemento, los usuarios est\u00e1n facultados para obtener sin esfuerzo y eficientemente los clientes y datos de los clientes directamente desde su sitio web, lo que posteriormente lo transmite directamente a Highrise. Tal caracter\u00edstica no solo optimiza la gesti\u00f3n del tiempo, sino que tambi\u00e9n garantiza la adquisici\u00f3n precisa de la informaci\u00f3n de contacto esencial. Adem\u00e1s, los usuarios poseen la autonom\u00eda para adaptar los campos que desean capturar, permitiendo un enfoque personalizado e incluso asignan etiquetas a los contactos, facilitando as\u00ed la segmentaci\u00f3n sin esfuerzo. En consecuencia, este complemento sirve como catalizador en la refinaci\u00f3n de los procedimientos de captura de plomo de las empresas, mejorando en \u00faltima instancia su rendimiento general de ventas.<\/p>\n<ul>\n<li>Integra perfectamente las formas de gravedad con el sistema CRM de alto aumento<\/li>\n<li>Env\u00eda env\u00edos de formulario directamente a Highrise para una f\u00e1cil captura de plomo y gesti\u00f3n de plomo<\/li>\n<li>Crea autom\u00e1ticamente nuevos contactos y ofertas en altura en funci\u00f3n de los env\u00edos de formularios<\/li>\n<li>Permite el mapeo de los campos de forma de gravedad a los campos de alto nivel correspondientes<\/li>\n<li>Configuraci\u00f3n personalizable para controlar c\u00f3mo se env\u00edan datos de formulario a Highrise<\/li>\n<li>Ahorra tiempo en la entrada de datos manuales y reduce los errores<\/li>\n<li>Aumenta la eficiencia y la productividad en los equipos de ventas y marketing<\/li>\n<li>Compatible con la mayor\u00eda de los temas y complementos de WordPress<\/li>\n<li>Actualizaciones regulares y atenci\u00f3n al cliente proporcionadas<\/li>\n<\/ul>\n","protected":false},"excerpt":{"rendered":"<p>La gravedad forma Highrise Addon se presenta como una herramienta extremadamente potente para administrar y fomentar efectivamente las relaciones con los clientes. En virtud de este invaluable complemento, se lo convierte en capaz de establecer sin esfuerzo una conexi\u00f3n entre sus formularios de gravedad los formularios de contacto y su Highrise CRM, facilitando as\u00ed un medio perfecto para capturar y organizar la informaci\u00f3n de plomo. Adem\u00e1s, este complemento le otorga la capacidad de generar campos y etiquetas personalizados para sus datos de alto aumento, facilitando as\u00ed el proceso de segmentar sus clientes potenciales y fomentar un entorno de organizaci\u00f3n. Independientemente de si uno se identifica como vendedor, profesional de ventas o emprendedor, la utilizaci\u00f3n del complemento de alto aumento de las formas de gravedad puede contribuir indudablemente a la optimizaci\u00f3n de los procesos de captura y gesti\u00f3n de leads, que culminan en el resultado deseable de la expansi\u00f3n de los negocios.<\/p>\n","protected":false},"featured_media":166311,"comment_status":"open","ping_status":"open","template":"","meta":[],"product_brand":[2469],"product_cat":[1232,1206,1211],"product_tag":[1300],"class_list":{"0":"post-114833","1":"product","2":"type-product","3":"status-publish","4":"has-post-thumbnail","6":"product_brand-gravityforms","7":"product_cat-marketing-wordpress-plugins","8":"product_cat-plugins","9":"product_cat-wordpress-plugins","10":"product_tag-gravityforms","11":"member-discount","12":"discount-restricted","14":"first","15":"instock","16":"sale","17":"downloadable","18":"virtual","19":"sold-individually","20":"purchasable","21":"product-type-simple"},"_links":{"self":[{"href":"https:\/\/gpl-love.com\/es\/wp-json\/wp\/v2\/product\/114833","targetHints":{"allow":["GET"]}}],"collection":[{"href":"https:\/\/gpl-love.com\/es\/wp-json\/wp\/v2\/product"}],"about":[{"href":"https:\/\/gpl-love.com\/es\/wp-json\/wp\/v2\/types\/product"}],"replies":[{"embeddable":true,"href":"https:\/\/gpl-love.com\/es\/wp-json\/wp\/v2\/comments?post=114833"}],"wp:featuredmedia":[{"embeddable":true,"href":"https:\/\/gpl-love.com\/es\/wp-json\/wp\/v2\/media\/166311"}],"wp:attachment":[{"href":"https:\/\/gpl-love.com\/es\/wp-json\/wp\/v2\/media?parent=114833"}],"wp:term":[{"taxonomy":"product_brand","embeddable":true,"href":"https:\/\/gpl-love.com\/es\/wp-json\/wp\/v2\/product_brand?post=114833"},{"taxonomy":"product_cat","embeddable":true,"href":"https:\/\/gpl-love.com\/es\/wp-json\/wp\/v2\/product_cat?post=114833"},{"taxonomy":"product_tag","embeddable":true,"href":"https:\/\/gpl-love.com\/es\/wp-json\/wp\/v2\/product_tag?post=114833"}],"curies":[{"name":"wp","href":"https:\/\/api.w.org\/{rel}","templated":true}]}}