{"id":114831,"date":"2025-11-25T00:00:00","date_gmt":"2025-11-25T05:00:00","guid":{"rendered":"http:\/\/gpl-love.com\/es\/?post_type=product&#038;p=114831"},"modified":"2026-03-09T07:39:50","modified_gmt":"2026-03-09T12:39:50","slug":"gravity-forms-help-scout-addon","status":"publish","type":"product","link":"https:\/\/gpl-love.com\/es\/producto\/gravity-forms-help-scout-addon\/","title":{"rendered":"Gravity Forms Help Scout Addon 2.4.0.1"},"content":{"rendered":"<h3>Gravity Forms Help Scout Addon Caracteristicas<\/h3>\n<p>La funcionalidad y las capacidades ofrecidas por los formularios de gravedad ayudan a Scout Addon son realmente formidables e invaluables. Principalmente, esta notable herramienta facilita sin esfuerzo la integraci\u00f3n de los formularios de Holy Scout y Gravity, ofreciendo a los usuarios una experiencia simplificada y perfecta. Al aprovechar este complemento, el proceso de generar tickets en ayuda de Help Scout de los env\u00edos de usuarios en formas de gravedad se automatiza, lo que mejora en gran medida la eficiencia y la conveniencia con la que las consultas de los clientes se abordan y resuelven. Adem\u00e1s, la versatilidad del complemento permite a los usuarios adaptar y personalizar los campos y etiquetas de boletos para alinearse con sus requisitos espec\u00edficos y \u00fanicos. Adem\u00e1s, la incorporaci\u00f3n de l\u00f3gica condicional permite a los usuarios ejercer control sobre la creaci\u00f3n de boletos, lo que permite el establecimiento de protocolos de priorizaci\u00f3n y la gesti\u00f3n efectiva de la carga de trabajo de soporte. En conclusi\u00f3n, los formularios de gravedad ayudan a Scout Addon, sin duda, representa un activo indispensable para cualquier empresa u organizaci\u00f3n que est\u00e9 comprometida a ofrecer niveles incomparables de atenci\u00f3n al cliente y satisfacci\u00f3n.<\/p>\n<ul>\n<li>Integra los formularios de gravedad con Help Scout, lo que permite la transferencia perfecta de los env\u00edos de formularios para ayudar a los boletos de Scouts<\/li>\n<li>Ahorra tiempo y elimina la entrada manual de los datos de formulario en Help Scout<\/li>\n<li>Mapeo personalizable de campos de formulario para ayudar a explorar los campos de boletos<\/li>\n<li>Crea autom\u00e1ticamente una nueva conversaci\u00f3n de Help Scout para cada env\u00edo de formulario<\/li>\n<li>Capacidad para asignar los buzones y usuarios de Ayuda de Ayuda espec\u00edficos para recibir env\u00edos de formulario<\/li>\n<li>Funciona con m\u00faltiples formularios de gravedad y ayuda a las cuentas de exploraci\u00f3n<\/li>\n<li>Proporciona un historial completo de presentaciones de formulario dentro de Help Scout<\/li>\n<li>Incluye apoyo prioritario del equipo de Formularios de Gravedad.<\/li>\n<\/ul>\n","protected":false},"excerpt":{"rendered":"<p>Los formularios de gravedad ayudan a Scout Addon es una herramienta incre\u00edblemente efectiva y eficiente que est\u00e1 dise\u00f1ada para revolucionar y optimizar su proceso de atenci\u00f3n al cliente. Con sus capacidades de integraci\u00f3n perfecta, este complemento fusiona sin esfuerzo la potente funcionalidad de las formas de gravedad, un complemento de constructor de formulario muy popular, con las caracter\u00edsticas robustas e integrales de Help Scout, un software l\u00edder de atenci\u00f3n al cliente. Al utilizar este complemento, puede crear y personalizar los formularios espec\u00edficamente adaptados espec\u00edficamente para satisfacer las necesidades y requisitos \u00fanicos de sus clientes. Estos formularios pueden capturar y recopilar informaci\u00f3n y consultas vitales de sus clientes, asegurando que sus solicitudes se aborden de manera r\u00e1pida y precisa. Gracias al sistema de enrutamiento inteligente proporcionado por Help Scout, estos formularios se dirigen autom\u00e1ticamente hacia el miembro del equipo m\u00e1s apropiado, garantizando que sus clientes reciban soporte r\u00e1pido y eficiente.<\/p>\n","protected":false},"featured_media":166310,"comment_status":"open","ping_status":"open","template":"","meta":[],"product_brand":[2469],"product_cat":[1214,1206,1211],"product_tag":[1300],"class_list":{"0":"post-114831","1":"product","2":"type-product","3":"status-publish","4":"has-post-thumbnail","6":"product_brand-gravityforms","7":"product_cat-personalizacion","8":"product_cat-plugins","9":"product_cat-wordpress-plugins","10":"product_tag-gravityforms","11":"member-discount","12":"discount-restricted","14":"first","15":"instock","16":"sale","17":"downloadable","18":"virtual","19":"sold-individually","20":"purchasable","21":"product-type-simple"},"_links":{"self":[{"href":"https:\/\/gpl-love.com\/es\/wp-json\/wp\/v2\/product\/114831","targetHints":{"allow":["GET"]}}],"collection":[{"href":"https:\/\/gpl-love.com\/es\/wp-json\/wp\/v2\/product"}],"about":[{"href":"https:\/\/gpl-love.com\/es\/wp-json\/wp\/v2\/types\/product"}],"replies":[{"embeddable":true,"href":"https:\/\/gpl-love.com\/es\/wp-json\/wp\/v2\/comments?post=114831"}],"wp:featuredmedia":[{"embeddable":true,"href":"https:\/\/gpl-love.com\/es\/wp-json\/wp\/v2\/media\/166310"}],"wp:attachment":[{"href":"https:\/\/gpl-love.com\/es\/wp-json\/wp\/v2\/media?parent=114831"}],"wp:term":[{"taxonomy":"product_brand","embeddable":true,"href":"https:\/\/gpl-love.com\/es\/wp-json\/wp\/v2\/product_brand?post=114831"},{"taxonomy":"product_cat","embeddable":true,"href":"https:\/\/gpl-love.com\/es\/wp-json\/wp\/v2\/product_cat?post=114831"},{"taxonomy":"product_tag","embeddable":true,"href":"https:\/\/gpl-love.com\/es\/wp-json\/wp\/v2\/product_tag?post=114831"}],"curies":[{"name":"wp","href":"https:\/\/api.w.org\/{rel}","templated":true}]}}