{"id":114829,"date":"2026-02-05T00:00:00","date_gmt":"2026-02-05T05:00:00","guid":{"rendered":"http:\/\/gpl-love.com\/es\/?post_type=product&#038;p=114829"},"modified":"2026-03-09T07:39:47","modified_gmt":"2026-03-09T12:39:47","slug":"gravity-forms-getresponse-addon","status":"publish","type":"product","link":"https:\/\/gpl-love.com\/es\/producto\/gravity-forms-getresponse-addon\/","title":{"rendered":"Gravity Forms GetResponse Addon 1.9.1"},"content":{"rendered":"<h3>Gravity Forms GetResponse Addon Caracteristicas<\/h3>\n<p>La gravedad forma GetResponse Addon, que sirve como una herramienta formidable, presenta a los usuarios la oportunidad de integrar sin problemas sus formularios de gravedad con GetResponse, una plataforma de marketing por correo electr\u00f3nico ampliamente reconocida. Al utilizar este complemento, a los usuarios se les otorga la comodidad de capturar sin esfuerzo los clientes potenciales y generar suscriptores a partir de sus env\u00edos de formularios de gravedad, lo que posteriormente los agrega a sus listas de correo electr\u00f3nico GetResponse de manera automatizada. Adem\u00e1s de su interfaz f\u00e1cil de usar, este complemento proporciona una gran cantidad de opciones personalizables que capacitan a los usuarios para adaptar sus campa\u00f1as de marketing por correo electr\u00f3nico a sus requisitos precisos. Algunas de estas opciones incluyen la capacidad de fabricar campos personalizados, establecer flujos de trabajo de automatizaci\u00f3n y monitorear meticulosamente el rendimiento de sus campa\u00f1as de correo electr\u00f3nico. En general, los formularios de gravedad GetResponse Addon surgen como una herramienta indispensable para las empresas en busca de optimizar sus esfuerzos de generaci\u00f3n de leads y marketing por correo electr\u00f3nico.<\/p>\n<ul>\n<li>Integraci\u00f3n perfecta de las formas de gravedad con GetResponse<\/li>\n<li>Agregue autom\u00e1ticamente nuevos cables a su cuenta de GetResponse<\/li>\n<li>Maps de gravedad de forma f\u00e1cilmente de gravedad a los campos de respuesta a la respuesta correspondiente<\/li>\n<li>Opci\u00f3n para agregar etiquetas a sus nuevos clientes potenciales en GetResponse para una mejor organizaci\u00f3n y segmentaci\u00f3n<\/li>\n<li>Configuraci\u00f3n de opci\u00f3n personalizable para ajustar c\u00f3mo se agregan sus clientes potenciales a su cuenta de GetResponse<\/li>\n<li>La sincronizaci\u00f3n en tiempo real asegura que sus clientes potenciales se agregan a GetResponse tan pronto como env\u00eden un formulario<\/li>\n<li>No se requiere conocimiento de codificaci\u00f3n: simplemente instale el complemento y comience a integrarse inmediatamente<\/li>\n<li>Acceso a documentaci\u00f3n y soporte detallado para garantizar un proceso de integraci\u00f3n sin problemas.<\/li>\n<\/ul>\n","protected":false},"excerpt":{"rendered":"<p>La gravedad forma GetResponse Addon, una herramienta altamente efectiva que tiene como objetivo optimizar y mejorar sus esfuerzos de marketing por correo electr\u00f3nico, posee una multitud de caracter\u00edsticas potentes. Este complemento f\u00e1cil de usar integra perfectamente los formularios de gravedad con GetResponse, otorg\u00e1ndole la capacidad de exportar de inmediato los env\u00edos de formulario directamente a su cuenta GetResponse. Al utilizar este complemento, puede establecer sin esfuerzo campa\u00f1as de correo electr\u00f3nico personalizadas que se adapten a los env\u00edos de formularios de usuario, lo que resulta en una estrategia de marketing por correo electr\u00f3nico altamente eficiente y automatizada. Independientemente de si usted es propietario de una peque\u00f1a empresa o un vendedor experimentado, los formularios de gravedad GetResponse Addon es una herramienta indispensable y vital que est\u00e1 garantizada para optimizar sus logros de marketing por correo electr\u00f3nico y el \u00e9xito general.<\/p>\n","protected":false},"featured_media":166308,"comment_status":"open","ping_status":"open","template":"","meta":[],"product_brand":[2469],"product_cat":[1232,1206,1211],"product_tag":[1300],"class_list":{"0":"post-114829","1":"product","2":"type-product","3":"status-publish","4":"has-post-thumbnail","6":"product_brand-gravityforms","7":"product_cat-marketing-wordpress-plugins","8":"product_cat-plugins","9":"product_cat-wordpress-plugins","10":"product_tag-gravityforms","11":"member-discount","12":"discount-restricted","14":"first","15":"instock","16":"sale","17":"downloadable","18":"virtual","19":"sold-individually","20":"purchasable","21":"product-type-simple"},"_links":{"self":[{"href":"https:\/\/gpl-love.com\/es\/wp-json\/wp\/v2\/product\/114829","targetHints":{"allow":["GET"]}}],"collection":[{"href":"https:\/\/gpl-love.com\/es\/wp-json\/wp\/v2\/product"}],"about":[{"href":"https:\/\/gpl-love.com\/es\/wp-json\/wp\/v2\/types\/product"}],"replies":[{"embeddable":true,"href":"https:\/\/gpl-love.com\/es\/wp-json\/wp\/v2\/comments?post=114829"}],"wp:featuredmedia":[{"embeddable":true,"href":"https:\/\/gpl-love.com\/es\/wp-json\/wp\/v2\/media\/166308"}],"wp:attachment":[{"href":"https:\/\/gpl-love.com\/es\/wp-json\/wp\/v2\/media?parent=114829"}],"wp:term":[{"taxonomy":"product_brand","embeddable":true,"href":"https:\/\/gpl-love.com\/es\/wp-json\/wp\/v2\/product_brand?post=114829"},{"taxonomy":"product_cat","embeddable":true,"href":"https:\/\/gpl-love.com\/es\/wp-json\/wp\/v2\/product_cat?post=114829"},{"taxonomy":"product_tag","embeddable":true,"href":"https:\/\/gpl-love.com\/es\/wp-json\/wp\/v2\/product_tag?post=114829"}],"curies":[{"name":"wp","href":"https:\/\/api.w.org\/{rel}","templated":true}]}}