{"id":114827,"date":"2021-07-04T00:00:00","date_gmt":"2021-07-04T05:00:00","guid":{"rendered":"http:\/\/gpl-love.com\/es\/?post_type=product&#038;p=114827"},"modified":"2026-03-09T07:39:46","modified_gmt":"2026-03-09T12:39:46","slug":"gravity-forms-freshbooks-addon","status":"publish","type":"product","link":"https:\/\/gpl-love.com\/es\/producto\/gravity-forms-freshbooks-addon\/","title":{"rendered":"Gravity Forms Freshbooks Addon 2.7"},"content":{"rendered":"<h3>Gravity Forms Freshbooks Addon Caracteristicas<\/h3>\n<p>Gravity Forms FreshBooks Addon, una herramienta altamente efectiva, se acelera a las empresas que buscan optimizar sus procedimientos de contabilidad y facturaci\u00f3n. Al integrar sin problemas sus datos de formularios de gravedad con su cuenta de FreshBooks, este complemento facilita el intercambio suave de informaci\u00f3n entre estas dos plataformas. No solo permite la automatizaci\u00f3n de su proceso de facturaci\u00f3n, sino que tambi\u00e9n le permite generar y enviar facturas directamente desde sus env\u00edos de formularios de gravedad. Adem\u00e1s, proporciona monitoreo en tiempo real de pagos y gastos. Sin lugar a dudas, el complemento de FreshBooks de Gravity Forms juega un papel vital en la simplificaci\u00f3n de las operaciones contables y la mejora de la productividad para las empresas.<\/p>\n<ul>\n<li>Integra sin problemas Freshbooks con formularios de gravedad<\/li>\n<li>Automatiza la creaci\u00f3n de facturas y clientes en Freshbooks<\/li>\n<li>Permite la personalizaci\u00f3n de los detalles de la factura, como fechas de vencimiento y notas del cliente<\/li>\n<li>Asegura la precisi\u00f3n de la transferencia de datos entre formularios de gravedad y Freshbooks<\/li>\n<li>Ahorra tiempo eliminando la necesidad de entrada de datos manuales<\/li>\n<li>Mejora la organizaci\u00f3n manteniendo toda la informaci\u00f3n del cliente y la factura en un solo lugar<\/li>\n<li>Interfaz f\u00e1cil de usar para una f\u00e1cil configuraci\u00f3n y configuraci\u00f3n<\/li>\n<li>Compatible con todas las versiones de Forms y Freshbooks de Gravity<\/li>\n<li>Atenci\u00f3n al cliente confiable para cualquier problema o pregunta<\/li>\n<li>Precios asequibles con opciones de licencia simples.<\/li>\n<\/ul>\n","protected":false},"excerpt":{"rendered":"<p>La gravedad forma FreshBooks Addon, una herramienta de vanguardia, ofrece a los usuarios la capacidad de establecer una conexi\u00f3n entre sus formularios de gravedad y FreshBooks, mejorando y simplificando as\u00ed su flujo de trabajo mientras automatiza el proceso de facturaci\u00f3n. A trav\u00e9s de la integraci\u00f3n perfecta de estas dos aplicaciones s\u00f3lidas, los usuarios pueden recopilar informaci\u00f3n sin esfuerzo y r\u00e1pidamente, automatizar procedimientos de facturaci\u00f3n, monitorear el tiempo y el gasto, y participar en otras tareas similares. Independientemente de si uno es un propietario de una empresa modesta o un ejecutivo de una corporaci\u00f3n en expansi\u00f3n, la gravedad forma FreshBooks Addon proporciona un medio directo pero altamente eficiente para administrar asuntos financieros de manera efectiva y aumentar la productividad general. Entonces, \u00bfpor qu\u00e9 postergar? \u00a1Comience su viaje hoy y presencie de primera mano la gran destreza incorporada dentro de la gravedad de FreshBooks Addon!<\/p>\n","protected":false},"featured_media":166307,"comment_status":"open","ping_status":"open","template":"","meta":[],"product_brand":[2469],"product_cat":[1214,1206,1211],"product_tag":[1300],"class_list":{"0":"post-114827","1":"product","2":"type-product","3":"status-publish","4":"has-post-thumbnail","6":"product_brand-gravityforms","7":"product_cat-personalizacion","8":"product_cat-plugins","9":"product_cat-wordpress-plugins","10":"product_tag-gravityforms","11":"member-discount","12":"discount-restricted","14":"first","15":"instock","16":"sale","17":"downloadable","18":"virtual","19":"sold-individually","20":"purchasable","21":"product-type-simple"},"_links":{"self":[{"href":"https:\/\/gpl-love.com\/es\/wp-json\/wp\/v2\/product\/114827","targetHints":{"allow":["GET"]}}],"collection":[{"href":"https:\/\/gpl-love.com\/es\/wp-json\/wp\/v2\/product"}],"about":[{"href":"https:\/\/gpl-love.com\/es\/wp-json\/wp\/v2\/types\/product"}],"replies":[{"embeddable":true,"href":"https:\/\/gpl-love.com\/es\/wp-json\/wp\/v2\/comments?post=114827"}],"wp:featuredmedia":[{"embeddable":true,"href":"https:\/\/gpl-love.com\/es\/wp-json\/wp\/v2\/media\/166307"}],"wp:attachment":[{"href":"https:\/\/gpl-love.com\/es\/wp-json\/wp\/v2\/media?parent=114827"}],"wp:term":[{"taxonomy":"product_brand","embeddable":true,"href":"https:\/\/gpl-love.com\/es\/wp-json\/wp\/v2\/product_brand?post=114827"},{"taxonomy":"product_cat","embeddable":true,"href":"https:\/\/gpl-love.com\/es\/wp-json\/wp\/v2\/product_cat?post=114827"},{"taxonomy":"product_tag","embeddable":true,"href":"https:\/\/gpl-love.com\/es\/wp-json\/wp\/v2\/product_tag?post=114827"}],"curies":[{"name":"wp","href":"https:\/\/api.w.org\/{rel}","templated":true}]}}