{"id":114825,"date":"2023-04-14T00:00:00","date_gmt":"2023-04-14T05:00:00","guid":{"rendered":"http:\/\/gpl-love.com\/es\/?post_type=product&#038;p=114825"},"modified":"2026-03-09T07:39:36","modified_gmt":"2026-03-09T12:39:36","slug":"gravity-forms-cleverreach-addon","status":"publish","type":"product","link":"https:\/\/gpl-love.com\/es\/producto\/gravity-forms-cleverreach-addon\/","title":{"rendered":"Gravity Forms CleverReach Addon 1.9.0"},"content":{"rendered":"<h3>Gravity Forms CleverReach Addon Caracteristicas<\/h3>\n<p>La gravedad forma CleverReach Addon, una herramienta excepcional para aquellos que buscan optimizar sus campa\u00f1as de marketing por correo electr\u00f3nico, sirve como un recurso invaluable. Este complemento, integrado sin problemas con los formularios de gravedad y CleverReach, ofrece una soluci\u00f3n simplificada para capturar clientes potenciales y automatizar procesos de marketing por correo electr\u00f3nico. Su funcionalidad permite la creaci\u00f3n sin esfuerzo de formas personalizadas que capturan efectivamente los datos del usuario y los transmiten sin problemas a su cuenta de CleverReach. Adem\u00e1s, este complemento facilita la segmentaci\u00f3n de su lista de correo electr\u00f3nico, la automatizaci\u00f3n de los correos electr\u00f3nicos de seguimiento y el seguimiento integral de las actuaciones de campa\u00f1a. En consecuencia, es innegable que los formularios de gravedad CleverReach Addon representan un instrumento notablemente potente y f\u00e1cil de usar capaz de impulsar sus esfuerzos de marketing por correo electr\u00f3nico a alturas sin precedentes.<\/p>\n<ul>\n<li>Integra sin problemas los formularios de gravedad con la plataforma de marketing por correo electr\u00f3nico de CleverReach<\/li>\n<li>Permite a los usuarios agregar suscriptores a las listas de correo de CleverReach directamente de los env\u00edos de formularios de gravedad<\/li>\n<li>Syncs Gravity Forms Fields y CleverReach Fields personalizados para una recopilaci\u00f3n precisa de datos<\/li>\n<li>Proporciona actualizaciones de datos de suscriptores en tiempo real entre los formularios de gravedad y CleverReach<\/li>\n<li>Las campa\u00f1as de correo electr\u00f3nico automatizadas se pueden activar en funci\u00f3n de los env\u00edos de formularios de gravedad<\/li>\n<li>Opciones de filtrado avanzadas para campa\u00f1as de correo electr\u00f3nico espec\u00edficas<\/li>\n<li>Interfaz f\u00e1cil de usar con configuraci\u00f3n y configuraci\u00f3n f\u00e1cil<\/li>\n<li>Aumenta los esfuerzos de marketing al racionalizar los procesos de marketing de la generaci\u00f3n de leads y el correo electr\u00f3nico<\/li>\n<li>Compatible con WordPress y Gravity Forms Versiones -9 y superiores.<\/li>\n<\/ul>\n","protected":false},"excerpt":{"rendered":"<p>Los formularios de gravedad CleverReach Addon es una herramienta indispensable para las empresas que buscan optimizar y mejorar sus procesos de marketing por correo electr\u00f3nico. Este complemento notablemente f\u00e1cil de usar integra perfectamente las capacidades formidables de los formularios de gravedad con CleverReach, facilitando la gesti\u00f3n de contacto impecable y la comunicaci\u00f3n de correo electr\u00f3nico simplificada. Al aprovechar las caracter\u00edsticas de los formularios de gravedad CleverReach Addon, puede dise\u00f1ar campa\u00f1as de correo electr\u00f3nico personalizadas sin esfuerzo, monitorear meticulosamente los indicadores clave de rendimiento y cultivar persistentemente a los clientes potenciales a trav\u00e9s de mensajes dirigidos por precisi\u00f3n. Despedirse de las herramientas desarticuladas por el marketing por correo electr\u00f3nico y la gesti\u00f3n de contactos, y adoptar un proceso de marketing por correo electr\u00f3nico notablemente m\u00e1s racionalizado con el complemento CleverReach de Gravity Forms.<\/p>\n","protected":false},"featured_media":166300,"comment_status":"open","ping_status":"open","template":"","meta":[],"product_brand":[2469],"product_cat":[1232,1206,1211],"product_tag":[1300],"class_list":{"0":"post-114825","1":"product","2":"type-product","3":"status-publish","4":"has-post-thumbnail","6":"product_brand-gravityforms","7":"product_cat-marketing-wordpress-plugins","8":"product_cat-plugins","9":"product_cat-wordpress-plugins","10":"product_tag-gravityforms","11":"member-discount","12":"discount-restricted","14":"first","15":"instock","16":"sale","17":"downloadable","18":"virtual","19":"sold-individually","20":"purchasable","21":"product-type-simple"},"_links":{"self":[{"href":"https:\/\/gpl-love.com\/es\/wp-json\/wp\/v2\/product\/114825","targetHints":{"allow":["GET"]}}],"collection":[{"href":"https:\/\/gpl-love.com\/es\/wp-json\/wp\/v2\/product"}],"about":[{"href":"https:\/\/gpl-love.com\/es\/wp-json\/wp\/v2\/types\/product"}],"replies":[{"embeddable":true,"href":"https:\/\/gpl-love.com\/es\/wp-json\/wp\/v2\/comments?post=114825"}],"wp:featuredmedia":[{"embeddable":true,"href":"https:\/\/gpl-love.com\/es\/wp-json\/wp\/v2\/media\/166300"}],"wp:attachment":[{"href":"https:\/\/gpl-love.com\/es\/wp-json\/wp\/v2\/media?parent=114825"}],"wp:term":[{"taxonomy":"product_brand","embeddable":true,"href":"https:\/\/gpl-love.com\/es\/wp-json\/wp\/v2\/product_brand?post=114825"},{"taxonomy":"product_cat","embeddable":true,"href":"https:\/\/gpl-love.com\/es\/wp-json\/wp\/v2\/product_cat?post=114825"},{"taxonomy":"product_tag","embeddable":true,"href":"https:\/\/gpl-love.com\/es\/wp-json\/wp\/v2\/product_tag?post=114825"}],"curies":[{"name":"wp","href":"https:\/\/api.w.org\/{rel}","templated":true}]}}