{"id":114823,"date":"2026-01-12T00:00:00","date_gmt":"2026-01-12T05:00:00","guid":{"rendered":"http:\/\/gpl-love.com\/es\/?post_type=product&#038;p=114823"},"modified":"2026-03-09T07:39:35","modified_gmt":"2026-03-09T12:39:35","slug":"gravity-forms-chained-selects","status":"publish","type":"product","link":"https:\/\/gpl-love.com\/es\/producto\/gravity-forms-chained-selects\/","title":{"rendered":"Gravity Forms Chained Selects 1.8.1"},"content":{"rendered":"<h3>Gravity Forms Chained Selects Caracteristicas<\/h3>\n<p>Gravity Forms Chained Selects es un complemento incre\u00edblemente innovador y excepcionalmente potente que ha sido meticulosamente dise\u00f1ado para mejorar y acelerar en gran medida el proceso de construcci\u00f3n de formularios en los sitios web de WordPress. Esta notable herramienta faculta a los usuarios para fabricar formas avanzadas sin esfuerzo que muestran campos interconectados o encadenados, facilitando as\u00ed la gesti\u00f3n f\u00e1cil de conjuntos de datos intrincados y la recopilaci\u00f3n de informaci\u00f3n altamente precisa y precisa de su estimada audiencia. Adem\u00e1s, este complemento proporciona una interfaz notablemente f\u00e1cil de usar que permite a los usuarios adaptar los campos de formularios a sus necesidades espec\u00edficas y crear men\u00fas desplegables altamente personalizados. Adem\u00e1s, cuenta con una variedad notable de caracter\u00edsticas avanzadas, como la l\u00f3gica condicional inmensamente ventajosa, la capacidad de generar formas de varias p\u00e1ginas y muchas otras funcionalidades invaluables. Ya sea que est\u00e9 en el proceso de recopilar datos de encuestas invaluables, procesar eficientemente una multitud de \u00f3rdenes o simplemente recopilar informaci\u00f3n de contacto esencial, est\u00e1 inequ\u00edvocamente claro que la adquisici\u00f3n de formularios de gravedad que selecciona es una necesidad absoluta para cualquier propietario del sitio web de WordPress exigente que sea el propietario de un sitio web de WordPress exigente que Desea racionalizar y acelerar significativamente su proceso de construcci\u00f3n de formularios a nuevas alturas incomparables.<\/p>\n<ul>\n<li>Complemento para el complemento de formularios de gravedad popular<\/li>\n<li>Permite la creaci\u00f3n f\u00e1cil de campos de selecci\u00f3n din\u00e1mica<\/li>\n<li>Establecer dependencias entre campos seleccionados<\/li>\n<li>Elija entre m\u00faltiples tipos de campos seleccionados, incluidos desplegables y botones de radio<\/li>\n<li>Crear tantos niveles de dependencias seg\u00fan sea necesario<\/li>\n<li>La l\u00f3gica condicional permite la visualizaci\u00f3n de ciertos campos en funci\u00f3n de las selecciones de usuarios<\/li>\n<li>Se integra f\u00e1cilmente con CSS para un estilo personalizado<\/li>\n<li>La interfaz intuitiva permite una configuraci\u00f3n y personalizaci\u00f3n r\u00e1pida<\/li>\n<li>Compatible con todos los temas y versiones de WordPress<\/li>\n<li>Sirve como una herramienta poderosa para mejorar la experiencia del usuario y aumentar las conversiones en su sitio web.<\/li>\n<\/ul>\n","protected":false},"excerpt":{"rendered":"<p>Los formularios de gravedad encadenados seleccionan se presenta como un instrumento incre\u00edblemente potente para la construcci\u00f3n de formas multinivel m\u00faltiples intrincadas y din\u00e1micas dentro del marco de WordPress. A trav\u00e9s de la utilizaci\u00f3n de este complemento ingenioso, se puede incorporar sin esfuerzo men\u00fas desplegables que sufran alteraciones dependientes de las elecciones realizadas por el usuario, simplificando as\u00ed la recopilaci\u00f3n de datos intrincados de los visitantes a su estimado sitio web. Ya sea que se encuentre en el proceso de desarrollar una encuesta exhaustiva, un cuestionario detallado o una forma de contacto directa, queda muy claro que la gravedad encadenada selecciona realmente la libertad sin precedentes y el dominio autorizado necesario para producir una forma completamente personalizada. a sus requisitos precisos y particulares. En consecuencia, parece completamente incongruente conformarse con una forma que sigue siendo impermeable a cambiar y estancarse en un estado de est\u00e1zidad implacable cuando uno puede optar activamente por el potencial transformador que viene de la mano con las formas de gravedad encadenadas, marcando el punto de Un mayor nivel de compromiso e interactividad que seguramente cautivar\u00e1 y cautivar\u00e1 a su estimada audiencia.<\/p>\n","protected":false},"featured_media":166299,"comment_status":"open","ping_status":"open","template":"","meta":[],"product_brand":[2469],"product_cat":[1214,1206,1211],"product_tag":[1300],"class_list":{"0":"post-114823","1":"product","2":"type-product","3":"status-publish","4":"has-post-thumbnail","6":"product_brand-gravityforms","7":"product_cat-personalizacion","8":"product_cat-plugins","9":"product_cat-wordpress-plugins","10":"product_tag-gravityforms","11":"member-discount","12":"discount-restricted","14":"first","15":"instock","16":"sale","17":"downloadable","18":"virtual","19":"sold-individually","20":"purchasable","21":"product-type-simple"},"_links":{"self":[{"href":"https:\/\/gpl-love.com\/es\/wp-json\/wp\/v2\/product\/114823","targetHints":{"allow":["GET"]}}],"collection":[{"href":"https:\/\/gpl-love.com\/es\/wp-json\/wp\/v2\/product"}],"about":[{"href":"https:\/\/gpl-love.com\/es\/wp-json\/wp\/v2\/types\/product"}],"replies":[{"embeddable":true,"href":"https:\/\/gpl-love.com\/es\/wp-json\/wp\/v2\/comments?post=114823"}],"wp:featuredmedia":[{"embeddable":true,"href":"https:\/\/gpl-love.com\/es\/wp-json\/wp\/v2\/media\/166299"}],"wp:attachment":[{"href":"https:\/\/gpl-love.com\/es\/wp-json\/wp\/v2\/media?parent=114823"}],"wp:term":[{"taxonomy":"product_brand","embeddable":true,"href":"https:\/\/gpl-love.com\/es\/wp-json\/wp\/v2\/product_brand?post=114823"},{"taxonomy":"product_cat","embeddable":true,"href":"https:\/\/gpl-love.com\/es\/wp-json\/wp\/v2\/product_cat?post=114823"},{"taxonomy":"product_tag","embeddable":true,"href":"https:\/\/gpl-love.com\/es\/wp-json\/wp\/v2\/product_tag?post=114823"}],"curies":[{"name":"wp","href":"https:\/\/api.w.org\/{rel}","templated":true}]}}