{"id":114821,"date":"2025-03-20T00:00:00","date_gmt":"2025-03-20T05:00:00","guid":{"rendered":"http:\/\/gpl-love.com\/es\/?post_type=product&#038;p=114821"},"modified":"2026-03-09T07:39:34","modified_gmt":"2026-03-09T12:39:34","slug":"gravity-forms-capsule-crm-addon","status":"publish","type":"product","link":"https:\/\/gpl-love.com\/es\/producto\/gravity-forms-capsule-crm-addon\/","title":{"rendered":"Gravity Forms Capsule CRM Addon 1.8.0"},"content":{"rendered":"<h3>Gravity Forms Capsule CRM Addon Caracteristicas<\/h3>\n<p>La gravedad forma Capsule CRM Addon, una herramienta robusta meticulosamente elaborada para mejorar la eficacia de las operaciones de su negocio y simplifica las complejidades de la gesti\u00f3n de datos, surge como un activo invaluable. A trav\u00e9s de la integraci\u00f3n armoniosa de las formas de gravedad y la c\u00e1psula CRM, este notable complemento le permite capturar y retener la informaci\u00f3n vital del cliente, rastrear diligentemente la comunicaci\u00f3n y las actividades, e incluso acelerar la automatizaci\u00f3n de numerosas tareas. La interfaz de usuario intuitiva junto con su amplia gama de caracter\u00edsticas de vanguardia se une a la perfecci\u00f3n para proporcionar un enfoque inigualable para manejar eficazmente los datos de la relaci\u00f3n con el cliente, en consecuencia, optimizar su flujo de trabajo y reforzar significativamente su productividad general. Independientemente de si usted es un propietario de una empresa modesta o un profesional de marketing experimentado, este complemento formidable sirve como la soluci\u00f3n por excelencia para ajustar sus esfuerzos de ventas y marketing, al tiempo que simplifica simult\u00e1neamente la ardua tarea de administrar su apreciada clientela.<\/p>\n<ul>\n<li>Integraci\u00f3n perfecta entre las formas de gravedad y la c\u00e1psula CRM<\/li>\n<li>Sincronizar autom\u00e1ticamente los env\u00edos del formulario con Capsule CRM<\/li>\n<li>No hay necesidad de entrada de datos manuales<\/li>\n<li>Eliminar las posibilidades de errores y duplicados<\/li>\n<li>Mapa de los campos de formulario a los campos correspondientes en la c\u00e1psula CRM<\/li>\n<li>Use etiquetas para clasificar los env\u00edos de formularios en Capsule CRM<\/li>\n<li>Crear nuevos contactos o actualizar los existentes con datos de formulario<\/li>\n<li>Utilice campos personalizados en Capsule CRM para una recopilaci\u00f3n de datos adicional<\/li>\n<li>Aumentar la eficiencia y el ahorro de tiempo en la gesti\u00f3n de datos<\/li>\n<li>Mejorar la generaci\u00f3n de leads y los procesos de gesti\u00f3n del cliente.<\/li>\n<\/ul>\n","protected":false},"excerpt":{"rendered":"<p>El complemento Capsule CRM de Gravity Forms es una herramienta incre\u00edblemente potente y eficiente que se ha creado meticulosamente para optimizar y acelerar sus esfuerzos de gesti\u00f3n de relaciones con los clientes. Al integrar perfectamente este complemento en su configuraci\u00f3n existente, obtiene el invaluable beneficio de importar sin esfuerzo los env\u00edos de formulario de los formularios de gravedad directamente en su cuenta Capsule CRM. En consecuencia, esta caracter\u00edstica invaluable minimiza significativamente el potencial de errores de entrada de datos manuales y libera simult\u00e1neamente una cantidad sustancial de su precioso tiempo. Adem\u00e1s, esta innovadora integraci\u00f3n consolida efectivamente todo su contacto indispensable y lleva los datos a una ubicaci\u00f3n convenientemente centralizada, simplificando as\u00ed la ardua tarea de monitorear y analizar las perspectivas en todo el complejo ciclo de ventas. Adem\u00e1s, esta herramienta excepcional tambi\u00e9n le permite nutrir diligentemente dichos perspectivas al desplegar mensajes de marketing con precisi\u00f3n personalizados, lo que puede amplificar sustancialmente sus posibilidades de cerrar acuerdos m\u00e1s lucrativos. Sin lugar a dudas, si est\u00e1 buscando un medio para aumentar sus capacidades CRM actuales y optimizar su flujo de trabajo, la gravedad forma c\u00e1psula CRM Addon inequ\u00edvocamente merece un lugar destacado en su arsenal de herramientas indispensables.<\/p>\n","protected":false},"featured_media":166298,"comment_status":"open","ping_status":"open","template":"","meta":[],"product_brand":[2469],"product_cat":[1214,1206,1211],"product_tag":[1300],"class_list":{"0":"post-114821","1":"product","2":"type-product","3":"status-publish","4":"has-post-thumbnail","6":"product_brand-gravityforms","7":"product_cat-personalizacion","8":"product_cat-plugins","9":"product_cat-wordpress-plugins","10":"product_tag-gravityforms","11":"member-discount","12":"discount-restricted","14":"first","15":"instock","16":"sale","17":"downloadable","18":"virtual","19":"sold-individually","20":"purchasable","21":"product-type-simple"},"_links":{"self":[{"href":"https:\/\/gpl-love.com\/es\/wp-json\/wp\/v2\/product\/114821","targetHints":{"allow":["GET"]}}],"collection":[{"href":"https:\/\/gpl-love.com\/es\/wp-json\/wp\/v2\/product"}],"about":[{"href":"https:\/\/gpl-love.com\/es\/wp-json\/wp\/v2\/types\/product"}],"replies":[{"embeddable":true,"href":"https:\/\/gpl-love.com\/es\/wp-json\/wp\/v2\/comments?post=114821"}],"wp:featuredmedia":[{"embeddable":true,"href":"https:\/\/gpl-love.com\/es\/wp-json\/wp\/v2\/media\/166298"}],"wp:attachment":[{"href":"https:\/\/gpl-love.com\/es\/wp-json\/wp\/v2\/media?parent=114821"}],"wp:term":[{"taxonomy":"product_brand","embeddable":true,"href":"https:\/\/gpl-love.com\/es\/wp-json\/wp\/v2\/product_brand?post=114821"},{"taxonomy":"product_cat","embeddable":true,"href":"https:\/\/gpl-love.com\/es\/wp-json\/wp\/v2\/product_cat?post=114821"},{"taxonomy":"product_tag","embeddable":true,"href":"https:\/\/gpl-love.com\/es\/wp-json\/wp\/v2\/product_tag?post=114821"}],"curies":[{"name":"wp","href":"https:\/\/api.w.org\/{rel}","templated":true}]}}