{"id":114819,"date":"2021-07-04T00:00:00","date_gmt":"2021-07-04T05:00:00","guid":{"rendered":"http:\/\/gpl-love.com\/es\/?post_type=product&#038;p=114819"},"modified":"2026-03-09T07:39:32","modified_gmt":"2026-03-09T12:39:32","slug":"gravity-forms-campfire","status":"publish","type":"product","link":"https:\/\/gpl-love.com\/es\/producto\/gravity-forms-campfire\/","title":{"rendered":"Gravity Forms Campfire 1.2.2"},"content":{"rendered":"<h3>Gravity Forms Campfire Caracteristicas<\/h3>\n<p>Gravity Forms Campfire es un complemento muy innovador e incre\u00edblemente \u00fatil que atiende a las necesidades de los usuarios que buscan una integraci\u00f3n perfecta entre sus formas de gravedad y la plataforma de chat de Campfire. Este notable complemento act\u00faa como un puente confiable y eficiente, conectando efectivamente estas dos plataformas y permitiendo a los usuarios recibir sin esfuerzo env\u00edos de formularios directamente dentro de sus salas de chat de fogata designadas. Al aprovechar el poder de la gravedad de la fogata, los usuarios est\u00e1n facultados para configurar sin esfuerzo notificaciones personalizadas y recibir alertas r\u00e1pidas en tiempo real cada vez que un nuevo formulario de env\u00edo. Este complemento en particular es particularmente adecuado para los equipos que dependen en gran medida de la fogata para sus necesidades de comunicaci\u00f3n, ya que les ofrece un m\u00e9todo simplificado y eficiente para recibir y administrar sus valiosas presentaciones de formularios. En conclusi\u00f3n, la gravedad forma fogata sin lugar a dudas se destaca como un complemento indispensable para individuos o equipos que buscan mejorar su flujo de trabajo y optimizar significativamente sus canales de comunicaci\u00f3n.<\/p>\n<ul>\n<li>El complemento de gravedad simple y f\u00e1cil de usar para fogata.<\/li>\n<li>Capacidad para recibir notificaciones en tiempo real en la fogata cuando se env\u00eda un formulario a trav\u00e9s de formularios de gravedad.<\/li>\n<li>Configuraci\u00f3n de notificaci\u00f3n personalizable para garantizar que solo reciba las notificaciones que m\u00e1s le importan.<\/li>\n<li>Integraci\u00f3n avanzada con formularios de gravedad para enviar autom\u00e1ticamente los datos de env\u00edo de formularios a Campfire.<\/li>\n<li>Integre perfectamente sus formas de gravedad y los flujos de trabajo de la fogata para una mayor productividad y eficiencia.<\/li>\n<li>Ideal para empresas y organizaciones que buscan optimizar su proceso de env\u00edo de formularios y mejorar la comunicaci\u00f3n entre los miembros del equipo.<\/li>\n<\/ul>\n","protected":false},"excerpt":{"rendered":"<p>Gravity Forms Campfire es una soluci\u00f3n altamente eficiente y robusta que integra perfectamente las funcionalidades de las formas de gravedad y la fogata. Facilita la comunicaci\u00f3n y la colaboraci\u00f3n sin esfuerzo entre los miembros del equipo. Al aprovechar esta integraci\u00f3n, cualquier env\u00edo del formulario impulsar\u00e1 instant\u00e1neamente notificaciones que se enviar\u00e1n en su sala de chat de fogata designada, lo que permite un trabajo en equipo r\u00e1pido y eficiente. Se desprende del problema de las presentaciones de formulario pasadas por alto y la comunicaci\u00f3n fragmentada, ya que Campfire Forms de gravedad lo ayudar\u00e1 a racionalizar su flujo de trabajo sin esfuerzo.<\/p>\n","protected":false},"featured_media":166297,"comment_status":"open","ping_status":"open","template":"","meta":[],"product_brand":[2469],"product_cat":[1214,1206,1211],"product_tag":[1300],"class_list":{"0":"post-114819","1":"product","2":"type-product","3":"status-publish","4":"has-post-thumbnail","6":"product_brand-gravityforms","7":"product_cat-personalizacion","8":"product_cat-plugins","9":"product_cat-wordpress-plugins","10":"product_tag-gravityforms","11":"member-discount","12":"discount-restricted","14":"first","15":"instock","16":"sale","17":"downloadable","18":"virtual","19":"sold-individually","20":"purchasable","21":"product-type-simple"},"_links":{"self":[{"href":"https:\/\/gpl-love.com\/es\/wp-json\/wp\/v2\/product\/114819","targetHints":{"allow":["GET"]}}],"collection":[{"href":"https:\/\/gpl-love.com\/es\/wp-json\/wp\/v2\/product"}],"about":[{"href":"https:\/\/gpl-love.com\/es\/wp-json\/wp\/v2\/types\/product"}],"replies":[{"embeddable":true,"href":"https:\/\/gpl-love.com\/es\/wp-json\/wp\/v2\/comments?post=114819"}],"wp:featuredmedia":[{"embeddable":true,"href":"https:\/\/gpl-love.com\/es\/wp-json\/wp\/v2\/media\/166297"}],"wp:attachment":[{"href":"https:\/\/gpl-love.com\/es\/wp-json\/wp\/v2\/media?parent=114819"}],"wp:term":[{"taxonomy":"product_brand","embeddable":true,"href":"https:\/\/gpl-love.com\/es\/wp-json\/wp\/v2\/product_brand?post=114819"},{"taxonomy":"product_cat","embeddable":true,"href":"https:\/\/gpl-love.com\/es\/wp-json\/wp\/v2\/product_cat?post=114819"},{"taxonomy":"product_tag","embeddable":true,"href":"https:\/\/gpl-love.com\/es\/wp-json\/wp\/v2\/product_tag?post=114819"}],"curies":[{"name":"wp","href":"https:\/\/api.w.org\/{rel}","templated":true}]}}