{"id":114817,"date":"2023-12-22T00:00:00","date_gmt":"2023-12-22T05:00:00","guid":{"rendered":"http:\/\/gpl-love.com\/es\/?post_type=product&#038;p=114817"},"modified":"2026-03-09T07:39:31","modified_gmt":"2026-03-09T12:39:31","slug":"gravity-forms-campaign-monitor-addon","status":"publish","type":"product","link":"https:\/\/gpl-love.com\/es\/producto\/gravity-forms-campaign-monitor-addon\/","title":{"rendered":"Gravity Forms Campaign Monitor Addon 4.0.0"},"content":{"rendered":"<h3>Gravity Forms Campaign Monitor Addon Caracteristicas<\/h3>\n<p>El complemento del monitor de la campa\u00f1a de Gravity Forms demuestra ser una herramienta muy potente que optimiza y mejora de manera efectiva la eficiencia de sus campa\u00f1as de marketing por correo electr\u00f3nico. Al integrar perfectamente sus datos de formularios de gravedad con el monitor de campa\u00f1a, este complemento facilita el proceso de recopilaci\u00f3n y administraci\u00f3n de su valiosa lista de suscriptores, reduciendo as\u00ed significativamente la carga de trabajo involucrada. Adem\u00e1s, el Addon le permite crear campos personalizados personalizados y personalizados en el monitor de campa\u00f1a, asegurando que recopile la informaci\u00f3n precisa y pertinente de sus suscriptores. Con una amplia gama de caracter\u00edsticas, este complemento abarca la capacidad de enviar correos electr\u00f3nicos espec\u00edficos, monitorear y evaluar meticulosamente el rendimiento de sus campa\u00f1as, e incluso automatizar sus esfuerzos de marketing por correo electr\u00f3nico. Con el complemento del monitor de la campa\u00f1a de Gravity Forms a su disposici\u00f3n, el \u00e1mbito de sus empresas de marketing por correo electr\u00f3nico se eleva a alturas sin precedentes, lo que le permite obtener resultados superiores y desatar todo el potencial de sus campa\u00f1as.<\/p>\n<ul>\n<li>Integra perfectamente formularios de gravedad y monitor de campa\u00f1a<\/li>\n<li>Permite una f\u00e1cil sincronizaci\u00f3n de listas de contactos<\/li>\n<li>Habilita la creaci\u00f3n autom\u00e1tica de la lista de suscriptores desde las entradas de formulario<\/li>\n<li>Admite etiquetas, campos y grupos personalizables para la informaci\u00f3n de suscriptores<\/li>\n<li>Proporciona informes y an\u00e1lisis en tiempo real para campa\u00f1as de monitor de campa\u00f1a<\/li>\n<li>Habilita campa\u00f1as de marketing por correo electr\u00f3nico sin complicaciones desde los formularios de gravedad<\/li>\n<li>Admite la segmentaci\u00f3n automatizada de listas de suscriptores basados \u200b\u200ben datos de formulario<\/li>\n<li>Permite correos electr\u00f3nicos personalizados y marketing dirigido basado en datos de suscriptores.<\/li>\n<\/ul>\n","protected":false},"excerpt":{"rendered":"<p>El complemento del monitor de la campa\u00f1a de Gravity Forms es una herramienta inmensamente potente que facilita efectivamente la integraci\u00f3n perfecta de su complemento de Gravity Forms con su cuenta de marketing por correo electr\u00f3nico de monitor de campa\u00f1a. A trav\u00e9s de la utilizaci\u00f3n de este complemento invaluable, obtendr\u00e1 la capacidad de generar y supervisar sin esfuerzo las listas de correo electr\u00f3nico del monitor de campa\u00f1a directamente de la comodidad de su panel administrativo de WordPress, todo el tiempo garantizando la adquisici\u00f3n de datos de usuario invaluables a trav\u00e9s de sus formularios de formularios de gravedad meticulosamente elaborados. En consecuencia, este complemento transformador le permite racionalizar sus esfuerzos de marketing con una eficacia incomparable, lo que le permite optimizar el alcance de su alcance con eficiencia y competencia sin precedentes.<\/p>\n","protected":false},"featured_media":166296,"comment_status":"open","ping_status":"open","template":"","meta":[],"product_brand":[2469],"product_cat":[1232,1206,1211],"product_tag":[1300],"class_list":{"0":"post-114817","1":"product","2":"type-product","3":"status-publish","4":"has-post-thumbnail","6":"product_brand-gravityforms","7":"product_cat-marketing-wordpress-plugins","8":"product_cat-plugins","9":"product_cat-wordpress-plugins","10":"product_tag-gravityforms","11":"member-discount","12":"discount-restricted","14":"first","15":"instock","16":"sale","17":"downloadable","18":"virtual","19":"sold-individually","20":"purchasable","21":"product-type-simple"},"_links":{"self":[{"href":"https:\/\/gpl-love.com\/es\/wp-json\/wp\/v2\/product\/114817","targetHints":{"allow":["GET"]}}],"collection":[{"href":"https:\/\/gpl-love.com\/es\/wp-json\/wp\/v2\/product"}],"about":[{"href":"https:\/\/gpl-love.com\/es\/wp-json\/wp\/v2\/types\/product"}],"replies":[{"embeddable":true,"href":"https:\/\/gpl-love.com\/es\/wp-json\/wp\/v2\/comments?post=114817"}],"wp:featuredmedia":[{"embeddable":true,"href":"https:\/\/gpl-love.com\/es\/wp-json\/wp\/v2\/media\/166296"}],"wp:attachment":[{"href":"https:\/\/gpl-love.com\/es\/wp-json\/wp\/v2\/media?parent=114817"}],"wp:term":[{"taxonomy":"product_brand","embeddable":true,"href":"https:\/\/gpl-love.com\/es\/wp-json\/wp\/v2\/product_brand?post=114817"},{"taxonomy":"product_cat","embeddable":true,"href":"https:\/\/gpl-love.com\/es\/wp-json\/wp\/v2\/product_cat?post=114817"},{"taxonomy":"product_tag","embeddable":true,"href":"https:\/\/gpl-love.com\/es\/wp-json\/wp\/v2\/product_tag?post=114817"}],"curies":[{"name":"wp","href":"https:\/\/api.w.org\/{rel}","templated":true}]}}