{"id":114815,"date":"2024-05-17T00:00:00","date_gmt":"2024-05-17T05:00:00","guid":{"rendered":"http:\/\/gpl-love.com\/es\/?post_type=product&#038;p=114815"},"modified":"2026-03-09T07:39:30","modified_gmt":"2026-03-09T12:39:30","slug":"gravity-forms-breeze-addon","status":"publish","type":"product","link":"https:\/\/gpl-love.com\/es\/producto\/gravity-forms-breeze-addon\/","title":{"rendered":"Gravity Forms Breeze Addon 1.6.0"},"content":{"rendered":"<h3>Gravity Forms Breeze Addon Caracteristicas<\/h3>\n<p>El complemento de Gravity Forms Breeze es un instrumento inmensamente capaz y f\u00e1cil de usar que est\u00e1 espec\u00edficamente dise\u00f1ado para mejorar el rendimiento y la velocidad de su sitio web de WordPress. Al emplear este notable complemento, puede optimizar el tiempo de carga de sus formularios de gravedad comprimiendo efectivamente sus archivos CSS y JavaScript. En consecuencia, esto lleva a un sitio web que opera a un ritmo m\u00e1s r\u00e1pido, proporcionando una experiencia de usuario mejorada, as\u00ed como para reforzar la clasificaci\u00f3n de los motores de b\u00fasqueda. Adem\u00e1s, Breeze Addon ofrece notificaciones en tiempo real para los env\u00edos de formularios, otorg\u00e1ndole la capacidad de responder r\u00e1pidamente a cualquier consulta realizada por sus clientes. En general, se puede afirmar inequ\u00edvocamente que las formas de gravedad de Breeze Addon es una herramienta indispensable para las personas que buscan elevar el rendimiento de su sitio web de WordPress, al tiempo que agiliza todo el proceso de env\u00edo de formulario.<\/p>\n<ul>\n<li>Simplifica el proceso de creaci\u00f3n y gesti\u00f3n de entradas de formularios de gravedad<\/li>\n<li>Permite a los usuarios personalizar f\u00e1cilmente las notificaciones de correo electr\u00f3nico enviadas a los presentadores del formulario<\/li>\n<li>Proporciona una ubicaci\u00f3n centralizada para ver y administrar todas las entradas de formularios de gravedad<\/li>\n<li>Permite un f\u00e1cil filtrado y b\u00fasqueda de entradas basadas en criterios espec\u00edficos<\/li>\n<li>Facilita las exportaciones de datos r\u00e1pidas y f\u00e1ciles en varios formatos de archivo<\/li>\n<li>Ofrece medidas de seguridad mejoradas para proteger los datos del usuario<\/li>\n<li>Proporciona una interfaz f\u00e1cil de usar para administrar formularios y entradas<\/li>\n<li>Compatible con la mayor\u00eda de los complementos de gravedad y extensiones<\/li>\n<li>Actualizado regularmente con nuevas funciones y correcciones de errores<\/li>\n<li>Ofrece atenci\u00f3n al cliente dedicada para usuarios con cualquier problema o pregunta.<\/li>\n<\/ul>\n","protected":false},"excerpt":{"rendered":"<p>La gravedad forma Breeze Addon, un complemento robusto de WordPress, amplifica las capacidades del complemento de formularios de gravedad al incorporar una serie de funcionalidades sofisticadas que incluyen notificaciones en tiempo real, l\u00f3gica condicional, c\u00e1lculos intrincados y env\u00edo de formulario basado en AJAX. Al integrar el complemento de Breeze, sus formularios pueden optimizarse y hacer que sean m\u00e1s efectivos y centrados en el usuario, lo que resulta en conversiones mejoradas y una experiencia de usuario elevada. Independientemente de si opera un sitio web de comercio electr\u00f3nico, un blog o un portal corporativo, la indispensabilidad de las formas de gravedad en el complemento es innegable para las personas que buscan elevar sus formas a alturas sin precedentes.<\/p>\n","protected":false},"featured_media":166295,"comment_status":"open","ping_status":"open","template":"","meta":[],"product_brand":[2469],"product_cat":[1214,1206,1211],"product_tag":[1300],"class_list":{"0":"post-114815","1":"product","2":"type-product","3":"status-publish","4":"has-post-thumbnail","6":"product_brand-gravityforms","7":"product_cat-personalizacion","8":"product_cat-plugins","9":"product_cat-wordpress-plugins","10":"product_tag-gravityforms","11":"member-discount","12":"discount-restricted","14":"first","15":"instock","16":"sale","17":"downloadable","18":"virtual","19":"sold-individually","20":"purchasable","21":"product-type-simple"},"_links":{"self":[{"href":"https:\/\/gpl-love.com\/es\/wp-json\/wp\/v2\/product\/114815","targetHints":{"allow":["GET"]}}],"collection":[{"href":"https:\/\/gpl-love.com\/es\/wp-json\/wp\/v2\/product"}],"about":[{"href":"https:\/\/gpl-love.com\/es\/wp-json\/wp\/v2\/types\/product"}],"replies":[{"embeddable":true,"href":"https:\/\/gpl-love.com\/es\/wp-json\/wp\/v2\/comments?post=114815"}],"wp:featuredmedia":[{"embeddable":true,"href":"https:\/\/gpl-love.com\/es\/wp-json\/wp\/v2\/media\/166295"}],"wp:attachment":[{"href":"https:\/\/gpl-love.com\/es\/wp-json\/wp\/v2\/media?parent=114815"}],"wp:term":[{"taxonomy":"product_brand","embeddable":true,"href":"https:\/\/gpl-love.com\/es\/wp-json\/wp\/v2\/product_brand?post=114815"},{"taxonomy":"product_cat","embeddable":true,"href":"https:\/\/gpl-love.com\/es\/wp-json\/wp\/v2\/product_cat?post=114815"},{"taxonomy":"product_tag","embeddable":true,"href":"https:\/\/gpl-love.com\/es\/wp-json\/wp\/v2\/product_tag?post=114815"}],"curies":[{"name":"wp","href":"https:\/\/api.w.org\/{rel}","templated":true}]}}