{"id":114813,"date":"2021-07-04T00:00:00","date_gmt":"2021-07-04T05:00:00","guid":{"rendered":"http:\/\/gpl-love.com\/es\/?post_type=product&#038;p=114813"},"modified":"2026-03-09T07:39:29","modified_gmt":"2026-03-09T12:39:29","slug":"gravity-forms-batchbook-addon","status":"publish","type":"product","link":"https:\/\/gpl-love.com\/es\/producto\/gravity-forms-batchbook-addon\/","title":{"rendered":"Gravity Forms Batchbook Addon 1.3"},"content":{"rendered":"<h3>Gravity Forms Batchbook Addon Caracteristicas<\/h3>\n<p>El complemento de Batchbook Forms Batchbook, una herramienta indispensable para las empresas que buscan optimizar su gesti\u00f3n de relaciones con los clientes, sirve para integrar a la perfecci\u00f3n los formularios de gravedad con Batchbook, un sistema de gesti\u00f3n de clientes robusto. Mediante este complemento, uno puede recopilar clientes potenciales e informaci\u00f3n del cliente directamente desde su sitio web, importando en \u00faltima instancia los datos en Batchbook. Esto no solo proporciona una ventaja de ahorro de tiempo, sino que tambi\u00e9n garantiza la precisi\u00f3n y la moneda de los datos del cliente. Adem\u00e1s, este complemento permite a los usuarios generar campos personalizados en Batchbook que se alinean con formularios espec\u00edficos en formas de gravedad, simplificando as\u00ed la organizaci\u00f3n y la segmentaci\u00f3n de los datos del cliente. En resumen, el complemento de Batchbook Forms Batchbook es un recurso esencial para las empresas que buscan mejorar sus procesos de gesti\u00f3n de clientes.<\/p>\n<ul>\n<li>Integra sin problemas los formularios de gravedad con Batchbook, un popular sistema de gesti\u00f3n de relaciones con el cliente.<\/li>\n<li>Permite la creaci\u00f3n f\u00e1cil y autom\u00e1tica de nuevos contactos en Batchbook a partir de env\u00edos de formularios de gravedad.<\/li>\n<li>Opciones de mapeo personalizables para campos en formularios de gravedad a campos en Batchbook.<\/li>\n<li>Proceso de configuraci\u00f3n simple con instrucciones claras e interfaz intuitiva.<\/li>\n<li>Ahorra tiempo y reduce los errores al sincronizar autom\u00e1ticamente los datos entre los dos sistemas.<\/li>\n<li>Ayuda a optimizar el flujo de trabajo eliminando la necesidad de ingresar a datos manuales o exportaciones\/importaciones entre sistemas.<\/li>\n<li>Soluci\u00f3n asequible y confiable para empresas de varios tama\u00f1os e industrias.<\/li>\n<\/ul>\n","protected":false},"excerpt":{"rendered":"<p>El complemento de Batchbook Forms Batchbook, que sirve como una herramienta invaluable para administrar efectivamente los datos de los clientes, le proporciona la integraci\u00f3n perfecta de sus formularios de gravedad con Batchbook CRM. A trav\u00e9s de la utilizaci\u00f3n de este complemento, est\u00e1 dotado de la conveniente capacidad de capturar sin esfuerzo nuevos leads y contactos de sus env\u00edos de formularios de gravedad, lo que posteriormente los incorpora a su lote CRM. Adem\u00e1s, el complemento tambi\u00e9n le brinda la oportunidad de mejorar sus contactos existentes en Batchbook a trav\u00e9s de la integraci\u00f3n de una nueva informaci\u00f3n derivada de sus env\u00edos de formularios de gravedad. Al racionalizar su flujo de trabajo y erradicar la necesidad de una laboriosa entrada de datos manuales, este complemento indudablemente demuestra ser un activo que ahorra el tiempo, independientemente de si opera una empresa a peque\u00f1a escala o un conglomerado en expansi\u00f3n.<\/p>\n","protected":false},"featured_media":166294,"comment_status":"open","ping_status":"open","template":"","meta":[],"product_brand":[2469],"product_cat":[1232,1206,1211],"product_tag":[1300],"class_list":{"0":"post-114813","1":"product","2":"type-product","3":"status-publish","4":"has-post-thumbnail","6":"product_brand-gravityforms","7":"product_cat-marketing-wordpress-plugins","8":"product_cat-plugins","9":"product_cat-wordpress-plugins","10":"product_tag-gravityforms","11":"member-discount","12":"discount-restricted","14":"first","15":"instock","16":"sale","17":"downloadable","18":"virtual","19":"sold-individually","20":"purchasable","21":"product-type-simple"},"_links":{"self":[{"href":"https:\/\/gpl-love.com\/es\/wp-json\/wp\/v2\/product\/114813","targetHints":{"allow":["GET"]}}],"collection":[{"href":"https:\/\/gpl-love.com\/es\/wp-json\/wp\/v2\/product"}],"about":[{"href":"https:\/\/gpl-love.com\/es\/wp-json\/wp\/v2\/types\/product"}],"replies":[{"embeddable":true,"href":"https:\/\/gpl-love.com\/es\/wp-json\/wp\/v2\/comments?post=114813"}],"wp:featuredmedia":[{"embeddable":true,"href":"https:\/\/gpl-love.com\/es\/wp-json\/wp\/v2\/media\/166294"}],"wp:attachment":[{"href":"https:\/\/gpl-love.com\/es\/wp-json\/wp\/v2\/media?parent=114813"}],"wp:term":[{"taxonomy":"product_brand","embeddable":true,"href":"https:\/\/gpl-love.com\/es\/wp-json\/wp\/v2\/product_brand?post=114813"},{"taxonomy":"product_cat","embeddable":true,"href":"https:\/\/gpl-love.com\/es\/wp-json\/wp\/v2\/product_cat?post=114813"},{"taxonomy":"product_tag","embeddable":true,"href":"https:\/\/gpl-love.com\/es\/wp-json\/wp\/v2\/product_tag?post=114813"}],"curies":[{"name":"wp","href":"https:\/\/api.w.org\/{rel}","templated":true}]}}