{"id":114811,"date":"2025-05-10T00:00:00","date_gmt":"2025-05-10T05:00:00","guid":{"rendered":"http:\/\/gpl-love.com\/es\/?post_type=product&#038;p=114811"},"modified":"2026-03-09T07:39:25","modified_gmt":"2026-03-09T12:39:25","slug":"gravity-forms-agile-crm-addon","status":"publish","type":"product","link":"https:\/\/gpl-love.com\/es\/producto\/gravity-forms-agile-crm-addon\/","title":{"rendered":"Gravity Forms Agile CRM Addon 1.6.0"},"content":{"rendered":"<h3>Gravity Forms Agile CRM Addon Caracteristicas<\/h3>\n<p>La gravedad forma el complemento CRM \u00e1gil, una herramienta robusta e influyente, le proporciona la integraci\u00f3n perfecta de las formas de gravedad y el CRM \u00e1gil. A trav\u00e9s de la utilizaci\u00f3n de este complemento, tiene la capacidad de recopilar sin esfuerzo informaci\u00f3n de contacto y dirigir a trav\u00e9s de sus formularios de gravedad y transferirlos de manera efectiva a su cuenta de CRM \u00e1gil. Este complemento garantiza la precisi\u00f3n y la puntualidad de sus datos, lo que a su vez le ahorra tiempo y esfuerzo valiosos cuando se trata de administrar la gesti\u00f3n de la relaci\u00f3n con el cliente. Adem\u00e1s, este complemento le brinda la oportunidad de crear campos y etiquetas personalizados, facilitando as\u00ed la organizaci\u00f3n y la orientaci\u00f3n de clientes potenciales espec\u00edficos dentro de sus datos. Al utilizar los formularios de gravedad, el complemento CRM \u00e1gil, puede optimizar su proceso de generaci\u00f3n y gesti\u00f3n de leads, lo que finalmente le permite concentrarse en cultivar conexiones resistentes y significativas con sus valiosos clientes.<\/p>\n<ul>\n<li>Integraci\u00f3n perfecta entre las formas de gravedad y el CRM \u00e1gil<\/li>\n<li>Gesti\u00f3n de contacto optimizada con creaci\u00f3n autom\u00e1tica y actualizaci\u00f3n de contactos en CRM \u00e1gil<\/li>\n<li>F\u00e1cil personalizaci\u00f3n de campos de formulario y mapeo a campos CRM \u00e1giles<\/li>\n<li>Captura de plomo en tiempo real y seguimiento de conversi\u00f3n<\/li>\n<li>Opciones avanzadas de enrutamiento de plomo para distribuci\u00f3n autom\u00e1tica a su equipo de ventas<\/li>\n<li>Secuencias de seguimiento automatizadas basadas en presentaciones de formularios<\/li>\n<li>Informes y an\u00e1lisis robustos para rastrear los env\u00edos de formularios, fuentes de plomo y m\u00e1s<\/li>\n<li>Interfaz f\u00e1cil de usar y proceso de configuraci\u00f3n simple<\/li>\n<li>Actualizaciones y soporte regulares del equipo de Gravity Forms<\/li>\n<li>Compatible con el complemento de formularios de gravedad y la plataforma CRM \u00e1gil.<\/li>\n<\/ul>\n","protected":false},"excerpt":{"rendered":"<p>El complemento Agile CRM Forms CRM es una herramienta de integraci\u00f3n impresionante que se ha creado espec\u00edficamente para optimizar y mejorar su flujo de trabajo estableciendo perfectamente una conexi\u00f3n entre las formas de gravedad y el CRM \u00e1gil. Al aprovechar las capacidades de este complemento, est\u00e1 facultado para transferir sin esfuerzo todos los datos valiosos que se recopilan a trav\u00e9s de formularios de gravedad y canalizarlo directamente a su cuenta CRM \u00e1gil, racionalizando y agilizando as\u00ed sus procesos de gesti\u00f3n de relaciones con los clientes. Independientemente de si su enfoque radica en la generaci\u00f3n de leads, las ventas o el servicio al cliente, el notable gravedad de CRM Addon est\u00e1 aqu\u00ed para ayudarlo a capturar, nutrir y, en \u00faltima instancia, convertir sus clientes potenciales en clientes leales y dedicados. Le imploramos que lo pruebe hoy y disfrute de la eficiencia incomparable, la participaci\u00f3n superior del cliente y las mayores ganancias que promete entregar.<\/p>\n","protected":false},"featured_media":166290,"comment_status":"open","ping_status":"open","template":"","meta":[],"product_brand":[2469],"product_cat":[1232,1206,1211],"product_tag":[1300],"class_list":{"0":"post-114811","1":"product","2":"type-product","3":"status-publish","4":"has-post-thumbnail","6":"product_brand-gravityforms","7":"product_cat-marketing-wordpress-plugins","8":"product_cat-plugins","9":"product_cat-wordpress-plugins","10":"product_tag-gravityforms","11":"member-discount","12":"discount-restricted","14":"first","15":"instock","16":"sale","17":"downloadable","18":"virtual","19":"sold-individually","20":"purchasable","21":"product-type-simple"},"_links":{"self":[{"href":"https:\/\/gpl-love.com\/es\/wp-json\/wp\/v2\/product\/114811","targetHints":{"allow":["GET"]}}],"collection":[{"href":"https:\/\/gpl-love.com\/es\/wp-json\/wp\/v2\/product"}],"about":[{"href":"https:\/\/gpl-love.com\/es\/wp-json\/wp\/v2\/types\/product"}],"replies":[{"embeddable":true,"href":"https:\/\/gpl-love.com\/es\/wp-json\/wp\/v2\/comments?post=114811"}],"wp:featuredmedia":[{"embeddable":true,"href":"https:\/\/gpl-love.com\/es\/wp-json\/wp\/v2\/media\/166290"}],"wp:attachment":[{"href":"https:\/\/gpl-love.com\/es\/wp-json\/wp\/v2\/media?parent=114811"}],"wp:term":[{"taxonomy":"product_brand","embeddable":true,"href":"https:\/\/gpl-love.com\/es\/wp-json\/wp\/v2\/product_brand?post=114811"},{"taxonomy":"product_cat","embeddable":true,"href":"https:\/\/gpl-love.com\/es\/wp-json\/wp\/v2\/product_cat?post=114811"},{"taxonomy":"product_tag","embeddable":true,"href":"https:\/\/gpl-love.com\/es\/wp-json\/wp\/v2\/product_tag?post=114811"}],"curies":[{"name":"wp","href":"https:\/\/api.w.org\/{rel}","templated":true}]}}