{"id":114809,"date":"2025-07-19T00:00:00","date_gmt":"2025-07-19T05:00:00","guid":{"rendered":"http:\/\/gpl-love.com\/es\/?post_type=product&#038;p=114809"},"modified":"2026-03-09T07:39:19","modified_gmt":"2026-03-09T12:39:19","slug":"gravity-forms-active-campaign-addon","status":"publish","type":"product","link":"https:\/\/gpl-love.com\/es\/producto\/gravity-forms-active-campaign-addon\/","title":{"rendered":"Gravity Forms Active Campaign Addon 2.2.0"},"content":{"rendered":"<h3>Gravity Forms Active Campaign Addon Caracteristicas<\/h3>\n<p>La gravedad forma activa de campa\u00f1a Active, una herramienta muy robusta y potente, le permite fusionar sin esfuerzo sus formularios de gravedad con la campa\u00f1a activa. Al emplear este complemento, puede acumular y regular los clientes potenciales sin esfuerzo, dise\u00f1ar formularios personalizados y mecanizar sus campa\u00f1as de marketing por correo electr\u00f3nico. El proceso de integraci\u00f3n es sencillo y directo, lo que le brinda la oportunidad de adaptar sus formularios para alinearse armoniosamente con su marca y mensajes. Este complemento abarca una variedad de caracter\u00edsticas notables, como l\u00f3gica condicional, formularios de varias p\u00e1ginas y notificaciones por correo electr\u00f3nico, lo que lo convierte en una soluci\u00f3n ideal para empresas de todas las magnitudes. En esencia, el complemento de la campa\u00f1a activa de Gravity Forms es un activo indispensable para aquellos que buscan optimizar sus esfuerzos de generaci\u00f3n de leads y marketing por correo electr\u00f3nico.<\/p>\n<ul>\n<li>Integra perfectamente las formas de gravedad y la campa\u00f1a activa<\/li>\n<li>Permite la transferencia autom\u00e1tica de los env\u00edos de formulario a la campa\u00f1a activa<\/li>\n<li>Habilita la creaci\u00f3n de flujos de trabajo de automatizaci\u00f3n avanzados basados \u200b\u200ben presentaciones de formulario<\/li>\n<li>Aumenta la eficiencia al reducir la necesidad de entrada de datos manuales<\/li>\n<li>Proporciona informaci\u00f3n valiosa sobre las tendencias de env\u00edo de formularios a trav\u00e9s de informes activos de campa\u00f1a<\/li>\n<li>Producir l\u00edneas de plomo Procesos de captura y gesti\u00f3n para empresas de todos los tama\u00f1os<\/li>\n<li>Totalmente personalizable para adaptarse a necesidades y preferencias comerciales espec\u00edficas<\/li>\n<li>Incluye soporte robusto y actualizaciones continuas para garantizar un rendimiento \u00f3ptimo<\/li>\n<\/ul>\n","protected":false},"excerpt":{"rendered":"<p>El complemento de la campa\u00f1a activa de Gravity Forms es una herramienta incre\u00edblemente robusta que integra perfectamente la aclamada campa\u00f1a activa con los formularios de gravedad vers\u00e1tiles, lo que le permite optimizar de manera efectiva y automatizar sus campa\u00f1as de marketing y ventas multifac\u00e9ticas, lo que resulta en ahorros de tiempo y esfuerzo sustanciales. Con este ingenioso complemento a su disposici\u00f3n, tiene la capacidad excepcional de capturar y adquirir clientes potenciales valiosos y enviarlos instant\u00e1neamente directamente a su estimada cuenta de campa\u00f1a activa. Adem\u00e1s, tiene la notable capacidad de fabricar y adaptar h\u00e1bilmente formas y encuestas a medida, asegurando una personalizaci\u00f3n y precisi\u00f3n \u00f3ptimas. Adem\u00e1s, el complemento orquesta sin problemas el inicio de flujos de trabajo automatizados meticulosamente elaborados, basado exclusivamente en las respuestas del usuario individual. Independientemente de sus objetivos espec\u00edficos, ya sea cultivando lealtad inquebrantable a los clientes, impulsando las conversiones a alturas sin precedentes o fortalecer sus esfuerzos de marketing generales, tenga la seguridad de que este complemento extraordinario tiene las capacidades integrales para satisfacer todas sus necesidades y superar sus expectativas m\u00e1s elevadas.<\/p>\n","protected":false},"featured_media":166288,"comment_status":"open","ping_status":"open","template":"","meta":[],"product_brand":[2469],"product_cat":[1232,1206,1211],"product_tag":[1300],"class_list":{"0":"post-114809","1":"product","2":"type-product","3":"status-publish","4":"has-post-thumbnail","6":"product_brand-gravityforms","7":"product_cat-marketing-wordpress-plugins","8":"product_cat-plugins","9":"product_cat-wordpress-plugins","10":"product_tag-gravityforms","11":"member-discount","12":"discount-restricted","14":"first","15":"instock","16":"sale","17":"downloadable","18":"virtual","19":"sold-individually","20":"purchasable","21":"product-type-simple"},"_links":{"self":[{"href":"https:\/\/gpl-love.com\/es\/wp-json\/wp\/v2\/product\/114809","targetHints":{"allow":["GET"]}}],"collection":[{"href":"https:\/\/gpl-love.com\/es\/wp-json\/wp\/v2\/product"}],"about":[{"href":"https:\/\/gpl-love.com\/es\/wp-json\/wp\/v2\/types\/product"}],"replies":[{"embeddable":true,"href":"https:\/\/gpl-love.com\/es\/wp-json\/wp\/v2\/comments?post=114809"}],"wp:featuredmedia":[{"embeddable":true,"href":"https:\/\/gpl-love.com\/es\/wp-json\/wp\/v2\/media\/166288"}],"wp:attachment":[{"href":"https:\/\/gpl-love.com\/es\/wp-json\/wp\/v2\/media?parent=114809"}],"wp:term":[{"taxonomy":"product_brand","embeddable":true,"href":"https:\/\/gpl-love.com\/es\/wp-json\/wp\/v2\/product_brand?post=114809"},{"taxonomy":"product_cat","embeddable":true,"href":"https:\/\/gpl-love.com\/es\/wp-json\/wp\/v2\/product_cat?post=114809"},{"taxonomy":"product_tag","embeddable":true,"href":"https:\/\/gpl-love.com\/es\/wp-json\/wp\/v2\/product_tag?post=114809"}],"curies":[{"name":"wp","href":"https:\/\/api.w.org\/{rel}","templated":true}]}}