{"id":114807,"date":"2025-05-10T00:00:00","date_gmt":"2025-05-10T05:00:00","guid":{"rendered":"http:\/\/gpl-love.com\/es\/?post_type=product&#038;p=114807"},"modified":"2026-03-09T07:39:18","modified_gmt":"2026-03-09T12:39:18","slug":"gravity-forms-2checkout-addon","status":"publish","type":"product","link":"https:\/\/gpl-love.com\/es\/producto\/gravity-forms-2checkout-addon\/","title":{"rendered":"Gravity Forms 2Checkout Addon 2.4.0"},"content":{"rendered":"<h3>Gravity Forms 2Checkout Addon Caracteristicas<\/h3>\n<p>El complemento Gravity Forms 2 Checkout es una herramienta incre\u00edblemente robusta y altamente efectiva que capacita a los comerciantes al otorgarles la capacidad de integrar sin problemas sus actividades de procesamiento de pagos en l\u00ednea con la pasarela de pago de 2 checkout ampliamente utilizada y venerada. Este invaluable complemento se integra sin problemas con los formularios de gravedad inmensamente populares, otorgando a los usuarios la extraordinaria capacidad de generar sin esfuerzo y de forma segura formularios de pago individualmente y acumular r\u00e1pidamente los pagos. A trav\u00e9s de la utilizaci\u00f3n de una variedad de caracter\u00edsticas excepcionales, que incluyen, entre otros, el procesamiento de pagos instant\u00e1neos, la personalizaci\u00f3n de los campos de pago para adaptarse a las preferencias espec\u00edficas y el env\u00edo autom\u00e1tico de los correos electr\u00f3nicos de confirmaci\u00f3n de pagos, este notable complemento agiliza progresivamente el complejo proceso de pago, facilitando as\u00ed y acelerar las actividades de las empresas en l\u00ednea de manera sin precedentes. Independientemente de si uno es comercializar y vender productos digitales o mercanc\u00edas tangibles, el complemento de 2 checkout de forma gravedad proporciona a los comerciantes la soluci\u00f3n definitiva y por excelencia a su b\u00fasqueda inquebrantable de un mecanismo de procesamiento de pagos sin complicaciones, aerodin\u00e1mico y sin problemas.<\/p>\n<ul>\n<li>Integraci\u00f3n perfecta con formularios de gravedad y pasarela de pago de 2 checkout<\/li>\n<li>Configuraci\u00f3n y configuraci\u00f3n f\u00e1cil con una interfaz f\u00e1cil de usar<\/li>\n<li>Procesamiento de pago seguro con protecci\u00f3n de fraude de 2 checkout y cumplimiento de PCI<\/li>\n<li>Acepte pagos de clientes de todo el mundo en m\u00faltiples monedas<\/li>\n<li>P\u00e1ginas de pago personalizables para que coincidan con su marca y maximice las conversiones<\/li>\n<li>Monitoreo e informes de transacciones en tiempo real para un mejor seguimiento y an\u00e1lisis<\/li>\n<li>Compatibilidad con una amplia gama de temas y complementos de WordPress para la integraci\u00f3n de sitios web sin problemas<\/li>\n<li>Equipo de apoyo dedicado listo para ayudar con cualquier pregunta o problema.<\/li>\n<\/ul>\n","protected":false},"excerpt":{"rendered":"<p>El complemento de 2 checkout de gravedad, que es muy apreciado por su eficacia, le ofrece la integraci\u00f3n perfecta de sus formularios de gravedad con 2 checkout, una pasarela de pago de renombre mundial. Al emplear este complemento excepcional, tiene la capacidad de recopilar sin esfuerzo la informaci\u00f3n del cliente y realizar pagos de una manera que sea segura y eficiente. Independientemente de si est\u00e1 involucrado en la venta de productos o servicios, este complemento sirve como una soluci\u00f3n ideal para la optimizaci\u00f3n de su sistema de pago en l\u00ednea, lo que le brinda el lujo de ahorrar tiempo y energ\u00eda al tiempo que aumenta sus ingresos. \u00a1No pierda el tiempo y se embarque en el viaje de mejorar su negocio en l\u00ednea al aprovechar este invaluable complemento hoy!<\/p>\n","protected":false},"featured_media":166287,"comment_status":"open","ping_status":"open","template":"","meta":[],"product_brand":[2469],"product_cat":[1278,1206,1211],"product_tag":[1300],"class_list":{"0":"post-114807","1":"product","2":"type-product","3":"status-publish","4":"has-post-thumbnail","6":"product_brand-gravityforms","7":"product_cat-pago","8":"product_cat-plugins","9":"product_cat-wordpress-plugins","10":"product_tag-gravityforms","11":"member-discount","12":"discount-restricted","14":"first","15":"instock","16":"sale","17":"downloadable","18":"virtual","19":"sold-individually","20":"purchasable","21":"product-type-simple"},"_links":{"self":[{"href":"https:\/\/gpl-love.com\/es\/wp-json\/wp\/v2\/product\/114807","targetHints":{"allow":["GET"]}}],"collection":[{"href":"https:\/\/gpl-love.com\/es\/wp-json\/wp\/v2\/product"}],"about":[{"href":"https:\/\/gpl-love.com\/es\/wp-json\/wp\/v2\/types\/product"}],"replies":[{"embeddable":true,"href":"https:\/\/gpl-love.com\/es\/wp-json\/wp\/v2\/comments?post=114807"}],"wp:featuredmedia":[{"embeddable":true,"href":"https:\/\/gpl-love.com\/es\/wp-json\/wp\/v2\/media\/166287"}],"wp:attachment":[{"href":"https:\/\/gpl-love.com\/es\/wp-json\/wp\/v2\/media?parent=114807"}],"wp:term":[{"taxonomy":"product_brand","embeddable":true,"href":"https:\/\/gpl-love.com\/es\/wp-json\/wp\/v2\/product_brand?post=114807"},{"taxonomy":"product_cat","embeddable":true,"href":"https:\/\/gpl-love.com\/es\/wp-json\/wp\/v2\/product_cat?post=114807"},{"taxonomy":"product_tag","embeddable":true,"href":"https:\/\/gpl-love.com\/es\/wp-json\/wp\/v2\/product_tag?post=114807"}],"curies":[{"name":"wp","href":"https:\/\/api.w.org\/{rel}","templated":true}]}}