{"id":114804,"date":"2024-05-27T00:00:00","date_gmt":"2024-05-27T05:00:00","guid":{"rendered":"http:\/\/gpl-love.com\/es\/?post_type=product&#038;p=114804"},"modified":"2026-04-10T11:24:31","modified_gmt":"2026-04-10T16:24:31","slug":"shadepro-startup-y-saas-wordpress-theme","status":"publish","type":"product","link":"https:\/\/gpl-love.com\/es\/producto\/shadepro-startup-y-saas-wordpress-theme\/","title":{"rendered":"ShadePro Startup y SaaS Theme 3.6.5"},"content":{"rendered":"<h3>ShadePro Startup y SaaS Theme Caracteristicas<\/h3>\n<p>Shadepro Startup y SaaS Them, un tema de vanguardia y multifac\u00e9tico, ha sido meticulosamente elaborado para satisfacer las necesidades espec\u00edficas de las nuevas empresas y las empresas SaaS por igual. Ofreciendo una extensa gama de caracter\u00edsticas y elementos, este tema permite a los usuarios la capacidad de crear sitios web visualmente llamativos visualmente. Con un dise\u00f1o meticulosamente elaborado que no solo es elegante y contempor\u00e1neo, sino que tambi\u00e9n exuda profesionalismo, Shadepro toma capacidad de respuesta y personalizaci\u00f3n a alturas incomparables. Con una abundancia de plantillas predise\u00f1adas, dise\u00f1os, iconos y widgets a su disposici\u00f3n, el tema se puede adaptar sin esfuerzo para alinearse sin esfuerzo con la marca y el estilo de cualquier sitio web. Adem\u00e1s, el tema de Shadepro est\u00e1 ajustado para una velocidad \u00f3ptima y SEO, asegurando que los sitios web construidos sobre este tema obtengan clasificaciones favorables en los motores de b\u00fasqueda populares. En consecuencia, Shadepro brinda a los usuarios una oportunidad incomparable para establecer una presencia en l\u00ednea impresionante para su empresa de inicio o SaaS, mostrando efectivamente su amplia gama de productos y servicios a la posible clientela.<\/p>\n<ul>\n<li>Dise\u00f1o elegante y moderno para un aspecto profesional<\/li>\n<li>Compatible con una variedad de dispositivos y navegadores para conveniencia<\/li>\n<li>Dise\u00f1o receptivo con opciones personalizables para una f\u00e1cil configuraci\u00f3n y modificaci\u00f3n<\/li>\n<li>Incluye una variedad de p\u00e1ginas preconstruidas para diferentes prop\u00f3sitos, como tablas de precios y formularios de contacto<\/li>\n<li>C\u00f3digo limpio y organizado para un rendimiento sin problemas y una f\u00e1cil personalizaci\u00f3n por parte de los desarrolladores<\/li>\n<li>SEO optimizado para mejorar la visibilidad en los motores de b\u00fasqueda y un mayor potencial de tr\u00e1fico<\/li>\n<li>Integraci\u00f3n con complementos y herramientas de terceros populares para una funcionalidad mejorada<\/li>\n<li>Incluye documentaci\u00f3n y apoyo integral para la resoluci\u00f3n de problemas y asistencia<\/li>\n<li>Actualizaciones y mantenimiento regulares para seguridad y rendimiento garantizados<\/li>\n<li>Ideal para nuevas empresas y empresas SaaS que buscan un sitio web pulido y funcional.<\/li>\n<\/ul>\n","protected":false},"excerpt":{"rendered":"<p>El tema de la startup y SaaS de Shadepro es una soluci\u00f3n ideal para aspirantes a empresarios que buscan establecer un sitio web pulido y receptivo de manera expedita y sin esfuerzo. Este tema notablemente personalizado est\u00e1 meticulosamente elaborado para atender espec\u00edficamente a los requisitos \u00fanicos de las nuevas empresas y las empresas SaaS, ofreciendo una variedad de caracter\u00edsticas personalizables que le permiten personalizar su sitio con precisi\u00f3n a su gusto. Con un dise\u00f1o elegante y contempor\u00e1neo, as\u00ed como un dise\u00f1o pr\u00edstino, Shadepro facilita efectivamente la creaci\u00f3n de una primera impresi\u00f3n duradera e impactante en posibles clientes e inversores. Adem\u00e1s, su proceso de instalaci\u00f3n sin esfuerzo y sus capacidades de personalizaci\u00f3n perfecta le permiten lanzar y ajustar r\u00e1pidamente su sitio web sin ning\u00fan retraso innecesario. Eleve su negocio a nuevas alturas de \u00e9xito aprovechando el notable potencial de Shadepro.<\/p>\n","protected":false},"featured_media":167465,"comment_status":"open","ping_status":"open","template":"","meta":[],"product_brand":[2337],"product_cat":[1267,1237,1238],"product_tag":[1391],"class_list":{"0":"post-114804","1":"product","2":"type-product","3":"status-publish","4":"has-post-thumbnail","6":"product_brand-themeforest","7":"product_cat-creativo","8":"product_cat-temas","9":"product_cat-wordpress-temas","10":"product_tag-themeforest","11":"member-discount","12":"discount-restricted","14":"first","15":"instock","16":"sale","17":"downloadable","18":"virtual","19":"sold-individually","20":"purchasable","21":"product-type-simple"},"_links":{"self":[{"href":"https:\/\/gpl-love.com\/es\/wp-json\/wp\/v2\/product\/114804","targetHints":{"allow":["GET"]}}],"collection":[{"href":"https:\/\/gpl-love.com\/es\/wp-json\/wp\/v2\/product"}],"about":[{"href":"https:\/\/gpl-love.com\/es\/wp-json\/wp\/v2\/types\/product"}],"replies":[{"embeddable":true,"href":"https:\/\/gpl-love.com\/es\/wp-json\/wp\/v2\/comments?post=114804"}],"wp:featuredmedia":[{"embeddable":true,"href":"https:\/\/gpl-love.com\/es\/wp-json\/wp\/v2\/media\/167465"}],"wp:attachment":[{"href":"https:\/\/gpl-love.com\/es\/wp-json\/wp\/v2\/media?parent=114804"}],"wp:term":[{"taxonomy":"product_brand","embeddable":true,"href":"https:\/\/gpl-love.com\/es\/wp-json\/wp\/v2\/product_brand?post=114804"},{"taxonomy":"product_cat","embeddable":true,"href":"https:\/\/gpl-love.com\/es\/wp-json\/wp\/v2\/product_cat?post=114804"},{"taxonomy":"product_tag","embeddable":true,"href":"https:\/\/gpl-love.com\/es\/wp-json\/wp\/v2\/product_tag?post=114804"}],"curies":[{"name":"wp","href":"https:\/\/api.w.org\/{rel}","templated":true}]}}