{"id":114683,"date":"2025-10-20T00:00:00","date_gmt":"2025-10-20T05:00:00","guid":{"rendered":"http:\/\/gpl-love.com\/es\/?post_type=product&#038;p=114683"},"modified":"2026-03-09T08:11:38","modified_gmt":"2026-03-09T13:11:38","slug":"taber-tabs-para-elementor","status":"publish","type":"product","link":"https:\/\/gpl-love.com\/es\/producto\/taber-tabs-para-elementor\/","title":{"rendered":"Taber Tabs para Elementor 1.0.12"},"content":{"rendered":"<h3>Taber Tabs para Elementor Caracteristicas<\/h3>\n<p>Taber Tabs para Elementor es un complemento incre\u00edblemente robusto e influyente para Elementor que le brinda la capacidad de generar contenido con pesta\u00f1as extraordinario y cautivador para su sitio web. A trav\u00e9s de la utilizaci\u00f3n de su interfaz de arrastre y ca\u00edda de arrastre e intuitiva f\u00e1cil e intuitiva, puede fabricar sin esfuerzo numerosas pesta\u00f1as, organizar eficientemente su contenido e incorporar estilos personalizados para mejorar el atractivo visual de sus pesta\u00f1as. Este complemento excepcional presenta una amplia gama de opciones de personalizaci\u00f3n, incluida la incorporaci\u00f3n de fuentes de iconos, la selecci\u00f3n de colores de fondo y la implementaci\u00f3n de efectos cautivadores de desplazamiento, todos los cuales garantizan colectivamente que sus pesta\u00f1as combinan sin problemas y complementan el dise\u00f1o general de su sitio web. Independientemente de si su objetivo es crear una tabla integral de comparaci\u00f3n de productos, una secci\u00f3n de preguntas frecuentes integrales o cualquier otra forma de contenido, las pesta\u00f1as Taber para Elementer lo tienen completamente cubierto. Adem\u00e1s, el dise\u00f1o receptivo de esta herramienta muy ventajosa asegura que sus pesta\u00f1as parezcan perfectas y visualmente atractivas en cualquier dispositivo, lo que lo convierte en la mejor soluci\u00f3n para establecer una experiencia de usuario incomparable e ininterrumpida en su sitio web. Eleve el est\u00e1ndar de la experiencia de usuario de su sitio web adoptando las capacidades fenomenales de las pesta\u00f1as Taber para Elementor.<\/p>\n<ul>\n<li>Agregue pesta\u00f1as a su sitio web de Elemento con facilidad<\/li>\n<li>Personalizar el n\u00famero de pesta\u00f1as y etiquetas<\/li>\n<li>Estilizar las pesta\u00f1as para que coincida con el tema de su sitio web<\/li>\n<li>Agregar im\u00e1genes, videos y texto a cada pesta\u00f1a<\/li>\n<li>Las pesta\u00f1as responden y se ajustan a diferentes tama\u00f1os de pantalla<\/li>\n<li>No se requiere codificaci\u00f3n, conf\u00ede en sus pesta\u00f1as utilizando la interfaz de arrastrar y soltar de Elementer<\/li>\n<li>Las pesta\u00f1as son amigables con el SEO y ayudan a mejorar la navegaci\u00f3n del sitio web<\/li>\n<li>Actualizaciones regulares y atenci\u00f3n al cliente disponibles.<\/li>\n<\/ul>\n","protected":false},"excerpt":{"rendered":"<p>Taber Tabs para Elementor es un complemento notablemente potente y din\u00e1mico que se ha desarrollado espec\u00edficamente para ayudar a los usuarios en la creaci\u00f3n de pesta\u00f1as visualmente llamativas y altamente interactivas en sus sitios web. La interfaz f\u00e1cil de usar de este complemento permite la navegaci\u00f3n sin esfuerzo y permite a las personas generar pesta\u00f1as r\u00e1pidamente que sean completamente personalizables, presentando as\u00ed su contenido de una manera extremadamente elegante y cautivadora. Si el objetivo de uno es organizar de manera efectiva sus publicaciones de blog, mostrar elegantemente sus productos o resaltar prominentemente los estimados miembros del equipo, Taber Tabs para Elementor no solo cumple con estos requisitos con la m\u00e1xima delicadeza. Adem\u00e1s, el dise\u00f1o receptivo de este notable complemento asegura que las pesta\u00f1as creadas conserven su apariencia y funcionalidad impecables en una amplia gama de dispositivos. Por lo tanto, si est\u00e1 ansioso por elevar la calidad general y el atractivo est\u00e9tico de su sitio web, sin duda ser\u00eda prudente explorar las innumerables posibilidades ofrecidas por Taber Tabs para Elementor y experimentar personalmente la diferencia transformadora que puede llevar a su plataforma en l\u00ednea.<\/p>\n","protected":false},"featured_media":167683,"comment_status":"open","ping_status":"open","template":"","meta":[],"product_brand":[2339],"product_cat":[1214,1206,1211],"product_tag":[1256],"class_list":{"0":"post-114683","1":"product","2":"type-product","3":"status-publish","4":"has-post-thumbnail","6":"product_brand-codecanyon","7":"product_cat-personalizacion","8":"product_cat-plugins","9":"product_cat-wordpress-plugins","10":"product_tag-codecanyon","11":"member-discount","12":"discount-restricted","14":"first","15":"instock","16":"sale","17":"downloadable","18":"virtual","19":"sold-individually","20":"purchasable","21":"product-type-simple"},"_links":{"self":[{"href":"https:\/\/gpl-love.com\/es\/wp-json\/wp\/v2\/product\/114683","targetHints":{"allow":["GET"]}}],"collection":[{"href":"https:\/\/gpl-love.com\/es\/wp-json\/wp\/v2\/product"}],"about":[{"href":"https:\/\/gpl-love.com\/es\/wp-json\/wp\/v2\/types\/product"}],"replies":[{"embeddable":true,"href":"https:\/\/gpl-love.com\/es\/wp-json\/wp\/v2\/comments?post=114683"}],"wp:featuredmedia":[{"embeddable":true,"href":"https:\/\/gpl-love.com\/es\/wp-json\/wp\/v2\/media\/167683"}],"wp:attachment":[{"href":"https:\/\/gpl-love.com\/es\/wp-json\/wp\/v2\/media?parent=114683"}],"wp:term":[{"taxonomy":"product_brand","embeddable":true,"href":"https:\/\/gpl-love.com\/es\/wp-json\/wp\/v2\/product_brand?post=114683"},{"taxonomy":"product_cat","embeddable":true,"href":"https:\/\/gpl-love.com\/es\/wp-json\/wp\/v2\/product_cat?post=114683"},{"taxonomy":"product_tag","embeddable":true,"href":"https:\/\/gpl-love.com\/es\/wp-json\/wp\/v2\/product_tag?post=114683"}],"curies":[{"name":"wp","href":"https:\/\/api.w.org\/{rel}","templated":true}]}}