{"id":114681,"date":"2022-03-29T00:00:00","date_gmt":"2022-03-29T05:00:00","guid":{"rendered":"http:\/\/gpl-love.com\/es\/?post_type=product&#038;p=114681"},"modified":"2026-04-10T11:17:16","modified_gmt":"2026-04-10T16:17:16","slug":"moversco-movers-y-packers-wordpress-theme","status":"publish","type":"product","link":"https:\/\/gpl-love.com\/es\/producto\/moversco-movers-y-packers-wordpress-theme\/","title":{"rendered":"MoversCO Movers y Packers WordPress Theme 2.5"},"content":{"rendered":"<h3>MoversCO Movers y Packers WordPress Theme Caracteristicas<\/h3>\n<p>Moversco Movers y Packers WordPress Temo se presenta como una soluci\u00f3n integral y abarcadora dise\u00f1ada espec\u00edficamente para empresas m\u00f3viles y de embalaje. Con su tema predise\u00f1ado, ofrece una variedad de caracter\u00edsticas esenciales para crear sin esfuerzo un sitio web atractivo y altamente profesional que muestre efectivamente la amplia gama de servicios, el equipo dedicado y los testimonios brillantes de clientes satisfechos. Lo que distingue a este tema es su nivel incomparable de personalizaci\u00f3n, otorgando a las empresas la libertad de modificar el dise\u00f1o, el esquema de color y la tipograf\u00eda para alinearse perfectamente con su identidad de marca \u00fanica. Adem\u00e1s, Moversco va m\u00e1s all\u00e1 al incorporar herramientas avanzadas de constructor de p\u00e1ginas e integraci\u00f3n perfecta con complementos bien renombrados, simplificando as\u00ed los procesos operativos y mejorando significativamente el rendimiento general del sitio. En conclusi\u00f3n, el tema de Moversco Movers y Packers WordPress se destaca como una opci\u00f3n excepcional y muy recomendable para cualquier empresa de mudanzas y embalaje que aspire a establecer una presencia formidable en l\u00ednea.<\/p>\n<ul>\n<li>Un tema de WordPress profesional y moderno para empresas de motores y empacadores.<\/li>\n<li>El tema incluye una variedad de plantillas predise\u00f1adas para p\u00e1ginas como hogar, sobre nosotros, servicios, testimonios y contacto.<\/li>\n<li>Opciones de personalizaci\u00f3n f\u00e1ciles utilizando el potente constructor de p\u00e1ginas Elementor.<\/li>\n<li>Dise\u00f1o receptivo que se adapta a todos los tama\u00f1os y dispositivos de pantalla.<\/li>\n<li>Sistema de programaci\u00f3n de citas incorporada para que los clientes reserven servicios de movimiento.<\/li>\n<li>Integraci\u00f3n con complementos populares como WooCommerce y el Formulario de contacto 7 para una funcionalidad adicional.<\/li>\n<li>Optimizaci\u00f3n de SEO para mejorar la clasificaci\u00f3n de los motores de b\u00fasqueda y la visibilidad.<\/li>\n<li>Actualizaciones regulares y soporte dedicado de los desarrolladores de temas.<\/li>\n<li>C\u00f3digo limpio y bien organizado para velocidades de carga r\u00e1pidas y un mejor rendimiento del sitio web.<\/li>\n<li>La importaci\u00f3n de demostraci\u00f3n de un solo clic para configurar r\u00e1pidamente su sitio web con contenido predise\u00f1ado.<\/li>\n<\/ul>\n","protected":false},"excerpt":{"rendered":"<p>El tema de Moversco Movers y Packers WordPress proporciona una soluci\u00f3n contempor\u00e1nea y f\u00e1cil de usar adaptada para empresas de mudanza y servicios de embalaje. Al utilizar su constructor de p\u00e1ginas de arrastre y suelto f\u00e1cil de usar, puede construir sin esfuerzo un sitio web personalizado en un corto per\u00edodo de tiempo. Adem\u00e1s, este tema es totalmente receptivo y cuidadosamente optimizado para los motores de b\u00fasqueda, lo que garantiza que su negocio retratar\u00e1 una apariencia cautivadora y lograr\u00e1 la capacidad de descubrimiento sin esfuerzo en todos los dispositivos. Adem\u00e1s, ofrece una gama de p\u00e1ginas predise\u00f1adas que atienden a servicios, testimonios y formularios de contacto, lo que le permite establecer r\u00e1pidamente una presencia en l\u00ednea. Abrace Moversco hoy para distinguir realmente su negocio de mudanza o empaquetado en el \u00e1mbito en l\u00ednea.<\/p>\n","protected":false},"featured_media":166832,"comment_status":"open","ping_status":"open","template":"","meta":[],"product_brand":[2337],"product_cat":[1267,1237,1238],"product_tag":[1391],"class_list":{"0":"post-114681","1":"product","2":"type-product","3":"status-publish","4":"has-post-thumbnail","6":"product_brand-themeforest","7":"product_cat-creativo","8":"product_cat-temas","9":"product_cat-wordpress-temas","10":"product_tag-themeforest","11":"member-discount","12":"discount-restricted","14":"first","15":"instock","16":"sale","17":"downloadable","18":"virtual","19":"sold-individually","20":"purchasable","21":"product-type-simple"},"_links":{"self":[{"href":"https:\/\/gpl-love.com\/es\/wp-json\/wp\/v2\/product\/114681","targetHints":{"allow":["GET"]}}],"collection":[{"href":"https:\/\/gpl-love.com\/es\/wp-json\/wp\/v2\/product"}],"about":[{"href":"https:\/\/gpl-love.com\/es\/wp-json\/wp\/v2\/types\/product"}],"replies":[{"embeddable":true,"href":"https:\/\/gpl-love.com\/es\/wp-json\/wp\/v2\/comments?post=114681"}],"wp:featuredmedia":[{"embeddable":true,"href":"https:\/\/gpl-love.com\/es\/wp-json\/wp\/v2\/media\/166832"}],"wp:attachment":[{"href":"https:\/\/gpl-love.com\/es\/wp-json\/wp\/v2\/media?parent=114681"}],"wp:term":[{"taxonomy":"product_brand","embeddable":true,"href":"https:\/\/gpl-love.com\/es\/wp-json\/wp\/v2\/product_brand?post=114681"},{"taxonomy":"product_cat","embeddable":true,"href":"https:\/\/gpl-love.com\/es\/wp-json\/wp\/v2\/product_cat?post=114681"},{"taxonomy":"product_tag","embeddable":true,"href":"https:\/\/gpl-love.com\/es\/wp-json\/wp\/v2\/product_tag?post=114681"}],"curies":[{"name":"wp","href":"https:\/\/api.w.org\/{rel}","templated":true}]}}