{"id":114677,"date":"2026-04-18T00:00:00","date_gmt":"2026-04-18T05:00:00","guid":{"rendered":"http:\/\/gpl-love.com\/es\/?post_type=product&#038;p=114677"},"modified":"2026-04-18T17:15:58","modified_gmt":"2026-04-18T22:15:58","slug":"modal-survey-y-quiz-plugin","status":"publish","type":"product","link":"https:\/\/gpl-love.com\/es\/producto\/modal-survey-y-quiz-plugin\/","title":{"rendered":"Modal Survey y Quiz Plugin 2.0.2.1.7"},"content":{"rendered":"<h3>Modal Survey y Quiz Plugin Caracteristicas<\/h3>\n<p>La encuesta modal y el complemento de preguntas es una herramienta altamente eficiente y f\u00e1cil de usar que ha sido dise\u00f1ada espec\u00edficamente para personas que carecen de experiencia en codificaci\u00f3n pero que a\u00fan desean crear encuestas, cuestionarios y encuestas interesantes e informativas. Este incre\u00edble complemento ofrece una amplia gama de opciones y caracter\u00edsticas que facilitan enormemente el proceso de creaci\u00f3n de encuestas, lo que lo hace simple y efectivo. Los usuarios tienen la capacidad de crear r\u00e1pidamente encuestas, pruebas y encuestas utilizando una variedad de tipos de preguntas, incluidas, entre otras, escalas de opci\u00f3n m\u00faltiple, abierta y calificaci\u00f3n. Adem\u00e1s, el complemento cuenta con una impresionante variedad de opciones de personalizaci\u00f3n, lo que permite a los usuarios marcar, dise\u00f1ar y dise\u00f1ar sus encuestas para adaptarse a sus preferencias y requisitos \u00fanicos. Adem\u00e1s, la secci\u00f3n An\u00e1lisis del complemento ofrece informaci\u00f3n valiosa y facilita el an\u00e1lisis de datos exhaustivo, lo que permite a los usuarios obtener una comprensi\u00f3n integral de la informaci\u00f3n recopilada a trav\u00e9s de sus encuestas. Esta encuesta modal innovadora y vers\u00e1til y complemento de cuestiones es la soluci\u00f3n ideal tanto para individuos como para las empresas, ya que les permite reunir ideas invaluables de su p\u00fablico objetivo, lo que les permite mejorar y refinar sus productos o servicios de una manera que resuene con sus clientes en un nivel m\u00e1s profundo.<\/p>\n<ul>\n<li>Permite la creaci\u00f3n de encuestas y cuestionarios personalizables en su sitio web<\/li>\n<li>Ofrece una variedad de tipos de preguntas, que incluyen escamas de opci\u00f3n m\u00faltiple, abierta y calificaci\u00f3n<\/li>\n<li>Proporciona opciones de l\u00f3gica, ramificaci\u00f3n y aleatorizaci\u00f3n condicionales para crear encuestas atractivas y din\u00e1micas<\/li>\n<li>Incluye an\u00e1lisis de an\u00e1lisis avanzados y caracter\u00edsticas de informes para ayudarlo a analizar y comprender los resultados<\/li>\n<li>Se integra con las populares plataformas de marketing por correo electr\u00f3nico y CRM para la gesti\u00f3n de datos sin problemas<\/li>\n<li>Ofrece un dise\u00f1o receptivo para usuarios de dispositivos m\u00f3viles y de escritorio<\/li>\n<li>Proporciona soporte de varios idiomas para audiencias internacionales<\/li>\n<li>Ofrece una amplia gama de opciones de personalizaci\u00f3n para la consistencia de la marca y la experiencia del usuario.<\/li>\n<\/ul>\n","protected":false},"excerpt":{"rendered":"<p>La encuesta modal y el complemento de cuestionario se presentan como una soluci\u00f3n ideal para las personas que buscan desarrollar encuestas o cuestionarios en su sitio web. Con una interfaz f\u00e1cil de usar y una variedad de opciones de personalizaci\u00f3n, este complemento simplifica el proceso de construcci\u00f3n de encuestas y cuestionarios cautivadores que recopilan efectivamente datos y conocimientos valiosos de su audiencia. Independientemente de si est\u00e1 realizando investigaciones de mercado, recopilando comentarios de los clientes o simplemente con el objetivo de entretener e involucrar a los visitantes de su sitio web, la encuesta modal y el complemento de preguntas sirven como la herramienta final para este esfuerzo. \u00a1Le recomendamos que lo pruebe hoy y desbloquee una gran cantidad de posibilidades emocionantes para su sitio web!<\/p>\n","protected":false},"featured_media":166795,"comment_status":"open","ping_status":"open","template":"","meta":[],"product_brand":[2339],"product_cat":[1214,1206,1211],"product_tag":[1256],"class_list":{"0":"post-114677","1":"product","2":"type-product","3":"status-publish","4":"has-post-thumbnail","6":"product_brand-codecanyon","7":"product_cat-personalizacion","8":"product_cat-plugins","9":"product_cat-wordpress-plugins","10":"product_tag-codecanyon","11":"member-discount","12":"discount-restricted","14":"first","15":"instock","16":"sale","17":"downloadable","18":"virtual","19":"sold-individually","20":"purchasable","21":"product-type-simple"},"_links":{"self":[{"href":"https:\/\/gpl-love.com\/es\/wp-json\/wp\/v2\/product\/114677","targetHints":{"allow":["GET"]}}],"collection":[{"href":"https:\/\/gpl-love.com\/es\/wp-json\/wp\/v2\/product"}],"about":[{"href":"https:\/\/gpl-love.com\/es\/wp-json\/wp\/v2\/types\/product"}],"replies":[{"embeddable":true,"href":"https:\/\/gpl-love.com\/es\/wp-json\/wp\/v2\/comments?post=114677"}],"wp:featuredmedia":[{"embeddable":true,"href":"https:\/\/gpl-love.com\/es\/wp-json\/wp\/v2\/media\/166795"}],"wp:attachment":[{"href":"https:\/\/gpl-love.com\/es\/wp-json\/wp\/v2\/media?parent=114677"}],"wp:term":[{"taxonomy":"product_brand","embeddable":true,"href":"https:\/\/gpl-love.com\/es\/wp-json\/wp\/v2\/product_brand?post=114677"},{"taxonomy":"product_cat","embeddable":true,"href":"https:\/\/gpl-love.com\/es\/wp-json\/wp\/v2\/product_cat?post=114677"},{"taxonomy":"product_tag","embeddable":true,"href":"https:\/\/gpl-love.com\/es\/wp-json\/wp\/v2\/product_tag?post=114677"}],"curies":[{"name":"wp","href":"https:\/\/api.w.org\/{rel}","templated":true}]}}