{"id":114675,"date":"2026-01-10T00:00:00","date_gmt":"2026-01-10T05:00:00","guid":{"rendered":"http:\/\/gpl-love.com\/es\/?post_type=product&#038;p=114675"},"modified":"2026-03-09T08:29:55","modified_gmt":"2026-03-09T13:29:55","slug":"wp-sheet-editor-premium","status":"publish","type":"product","link":"https:\/\/gpl-love.com\/es\/producto\/wp-sheet-editor-premium\/","title":{"rendered":"WP Sheet Editor Premium 2.26.0"},"content":{"rendered":"<h3>WP Sheet Editor Premium Caracteristicas<\/h3>\n<p>WP Sheet Editor Premium es un complemento incre\u00edblemente robusto que proporciona a los usuarios la capacidad excepcional para editar convenientemente y administrar sin esfuerzo una gran cantidad de datos dentro de la plataforma de WordPress. Este notable complemento se destaca debido a sus caracter\u00edsticas notables, que incluyen la notable capacidad de editar simult\u00e1neamente m\u00faltiples publicaciones, p\u00e1ginas y tipos de publicaciones personalizados, as\u00ed como la notable funcionalidad para exportar e importar datos sin problemas. Al utilizar la prima del editor de la hoja de WP, los usuarios pueden ahorrar de manera efectiva y eficiente una cantidad y esfuerzo abundante. Adem\u00e1s, WP Sheet Editor Premium ofrece a los usuarios opciones de filtrado avanzado, f\u00f3rmulas personalizadas y la notable capacidad de deshacer sin esfuerzo los cambios. En resumen, WP Sheet Editor Premium es una herramienta absolutamente esencial que es imprescindible para las personas que buscan optimizar y optimizar sus esfuerzos de gesti\u00f3n de datos de WordPress.<\/p>\n<ul>\n<li>Simplifique la gesti\u00f3n de datos de su sitio web de WordPress con WP Hool Editor Premium<\/li>\n<li>Ahorre tiempo y esfuerzo editando grandes cantidades de datos directamente desde la hoja de c\u00e1lculo de su sitio web<\/li>\n<li>Disfrute de caracter\u00edsticas avanzadas como copias de seguridad autom\u00e1ticas, funcionalidad de deshacer\/rehacer e importaci\u00f3n\/exportaci\u00f3n f\u00e1cil de datos<\/li>\n<li>Beneficiarse de una interfaz intuitiva que sea f\u00e1cil de usar para principiantes y expertos por igual<\/li>\n<li>Aproveche las opciones de personalizaci\u00f3n para adaptar el complemento a sus necesidades y flujos de trabajo \u00fanicos<\/li>\n<li>Disfrute del apoyo 24\/7 de un equipo de expertos en WordPress<\/li>\n<li>Actualice a WP Pood Editor Premium Pro para obtener a\u00fan m\u00e1s funciones, incluida la capacidad de editar tipos de publicaciones personalizados y productos de WooCommerce<\/li>\n<\/ul>\n","protected":false},"excerpt":{"rendered":"<p>WP Sheet Editor Premium, un complemento de WordPress altamente robusto, ofrece a los usuarios la capacidad de editar y supervisar el contenido de su sitio web de manera eficiente y sin problemas. Esta herramienta innovadora simplifica el proceso de actualizaci\u00f3n de componentes individuales, como publicaciones, p\u00e1ginas y campos personalizados, lo que permite a los usuarios realizar todas estas tareas desde una pantalla conveniente de hoja de c\u00e1lculo. Independientemente de si se identifica como blogger, dise\u00f1ador o desarrollador, WP Sheet Editor Premium es un activo invaluable para mejorar la productividad y acelerar el flujo de trabajo. Lo invitamos a probarlo y presenciar el impacto transformador que puede tener en la experiencia de gesti\u00f3n de su sitio web de primera mano.<\/p>\n","protected":false},"featured_media":168455,"comment_status":"open","ping_status":"open","template":"","meta":[],"product_brand":[2637],"product_cat":[1212,1206,1211],"product_tag":[1566],"class_list":{"0":"post-114675","1":"product","2":"type-product","3":"status-publish","4":"has-post-thumbnail","6":"product_brand-wp-sheet-editor","7":"product_cat-administracion-wordpress-plugins","8":"product_cat-plugins","9":"product_cat-wordpress-plugins","10":"product_tag-wp-sheet-editor","11":"member-discount","12":"discount-restricted","14":"first","15":"instock","16":"sale","17":"downloadable","18":"virtual","19":"sold-individually","20":"purchasable","21":"product-type-simple"},"_links":{"self":[{"href":"https:\/\/gpl-love.com\/es\/wp-json\/wp\/v2\/product\/114675","targetHints":{"allow":["GET"]}}],"collection":[{"href":"https:\/\/gpl-love.com\/es\/wp-json\/wp\/v2\/product"}],"about":[{"href":"https:\/\/gpl-love.com\/es\/wp-json\/wp\/v2\/types\/product"}],"replies":[{"embeddable":true,"href":"https:\/\/gpl-love.com\/es\/wp-json\/wp\/v2\/comments?post=114675"}],"wp:featuredmedia":[{"embeddable":true,"href":"https:\/\/gpl-love.com\/es\/wp-json\/wp\/v2\/media\/168455"}],"wp:attachment":[{"href":"https:\/\/gpl-love.com\/es\/wp-json\/wp\/v2\/media?parent=114675"}],"wp:term":[{"taxonomy":"product_brand","embeddable":true,"href":"https:\/\/gpl-love.com\/es\/wp-json\/wp\/v2\/product_brand?post=114675"},{"taxonomy":"product_cat","embeddable":true,"href":"https:\/\/gpl-love.com\/es\/wp-json\/wp\/v2\/product_cat?post=114675"},{"taxonomy":"product_tag","embeddable":true,"href":"https:\/\/gpl-love.com\/es\/wp-json\/wp\/v2\/product_tag?post=114675"}],"curies":[{"name":"wp","href":"https:\/\/api.w.org\/{rel}","templated":true}]}}