{"id":114673,"date":"2025-07-28T00:00:00","date_gmt":"2025-07-28T05:00:00","guid":{"rendered":"http:\/\/gpl-love.com\/es\/?post_type=product&#038;p=114673"},"modified":"2026-04-10T11:20:36","modified_gmt":"2026-04-10T16:20:36","slug":"oxy-ultimate-addon-para-oxygen-builder","status":"publish","type":"product","link":"https:\/\/gpl-love.com\/es\/producto\/oxy-ultimate-addon-para-oxygen-builder\/","title":{"rendered":"Oxy Ultimate Addon para Oxygen Builder 1.6.14"},"content":{"rendered":"<h3>Oxy Ultimate Addon para Oxygen Builder Caracteristicas<\/h3>\n<p>El complemento Oxy Ultimate para Oxygen Builder es una herramienta incre\u00edblemente robusta y potente que mejora en gran medida las capacidades de su constructor de ox\u00edgeno. Su multitud de caracter\u00edsticas y funcionalidades est\u00e1 dise\u00f1ada para empoderarlo en la construcci\u00f3n de sitios web asombrosos, todos sin necesidad de ninguna experiencia de codificaci\u00f3n. Con la inclusi\u00f3n de este complemento, sin esfuerzo podr\u00e1 crear encabezados, pies de p\u00e1gina y plantillas hechos a medida para su sitio web, prestando un toque \u00fanico y personalizado. Adem\u00e1s, sus bloques predise\u00f1ados est\u00e1n a su disposici\u00f3n, lo que le permite infundir sus p\u00e1ginas sin esfuerzo con contenido impresionante y din\u00e1mico. Vale la pena mencionar que el complemento Oxy Ultimate para Oxygen Builder es extremadamente f\u00e1cil de usar, con una interfaz de usuario que es intuitiva y f\u00e1cil de navegar. Adem\u00e1s, su atenci\u00f3n al cliente es verdaderamente ejemplar, ofrece una asistencia incomparable que seguramente lo har\u00e1 sentir compatible y seguro. Es, sin duda, la soluci\u00f3n por excelencia para las personas que buscan impulsar a su constructor de ox\u00edgeno a alturas de excelencia sin precedentes.<\/p>\n<ul>\n<li>Mejora la funcionalidad de Oxygen Builder, una poderosa herramienta de creaci\u00f3n de sitios web<\/li>\n<li>Proporciona m\u00f3dulos, widgets y elementos adicionales para dise\u00f1ar sitios web<\/li>\n<li>Incluye dise\u00f1os y plantillas predise\u00f1ados para construir sitios web de manera f\u00e1cil y r\u00e1pida<\/li>\n<li>Permite a los usuarios crear dise\u00f1os y dise\u00f1os complejos sin codificar el conocimiento<\/li>\n<li>Ofrece opciones de personalizaci\u00f3n avanzada para crear dise\u00f1os de sitios web \u00fanicos<\/li>\n<li>Funciona sin problemas con el constructor de ox\u00edgeno y es f\u00e1cil de instalar y usar<\/li>\n<li>Actualizaciones regular con nuevas caracter\u00edsticas y mejoras para un rendimiento \u00f3ptimo<\/li>\n<li>Viene con documentaci\u00f3n integral y excelente apoyo del equipo de desarrolladores<\/li>\n<li>Ayuda a acelerar el dise\u00f1o y el proceso de desarrollo del sitio web<\/li>\n<li>Mejora el rendimiento del sitio web y mejora la experiencia del usuario.<\/li>\n<\/ul>\n","protected":false},"excerpt":{"rendered":"<p>Eleve su experiencia de constructor de ox\u00edgeno a alturas incomparables incorporando las capacidades extraordinarias del complemento Oxy Ultimate. Esta extensi\u00f3n excepcionalmente robusta presenta una variedad de caracter\u00edsticas innovadoras que est\u00e1n listas para revolucionar el proceso de creaci\u00f3n de su sitio web, lo que le permite producir sitios web impresionantemente hermosos y excepcionalmente eficientes como nunca antes. Con su gran cantidad de m\u00f3dulos personalizados y funcionalidades de vanguardia, el complemento Oxy Ultimate lo equipa con todas las herramientas necesarias para trascender los l\u00edmites del dise\u00f1o web tradicional y ascender al siguiente escal\u00f3n de excelencia. Integr\u00e1ndose sin problemas con el constructor de ox\u00edgeno y con una interfaz de usuario intuitiva sin esfuerzo, esta notable herramienta sin esfuerzo le permite desbloquear el potencial ilimitado que el constructor de ox\u00edgeno tiene para ofrecer.<\/p>\n","protected":false},"featured_media":167123,"comment_status":"open","ping_status":"open","template":"","meta":[],"product_brand":[2519],"product_cat":[1214,1206,1211],"product_tag":[2119],"class_list":{"0":"post-114673","1":"product","2":"type-product","3":"status-publish","4":"has-post-thumbnail","6":"product_brand-oxy-ultimate","7":"product_cat-personalizacion","8":"product_cat-plugins","9":"product_cat-wordpress-plugins","10":"product_tag-oxy-ultimate","11":"member-discount","12":"discount-restricted","14":"first","15":"instock","16":"sale","17":"downloadable","18":"virtual","19":"sold-individually","20":"purchasable","21":"product-type-simple"},"_links":{"self":[{"href":"https:\/\/gpl-love.com\/es\/wp-json\/wp\/v2\/product\/114673","targetHints":{"allow":["GET"]}}],"collection":[{"href":"https:\/\/gpl-love.com\/es\/wp-json\/wp\/v2\/product"}],"about":[{"href":"https:\/\/gpl-love.com\/es\/wp-json\/wp\/v2\/types\/product"}],"replies":[{"embeddable":true,"href":"https:\/\/gpl-love.com\/es\/wp-json\/wp\/v2\/comments?post=114673"}],"wp:featuredmedia":[{"embeddable":true,"href":"https:\/\/gpl-love.com\/es\/wp-json\/wp\/v2\/media\/167123"}],"wp:attachment":[{"href":"https:\/\/gpl-love.com\/es\/wp-json\/wp\/v2\/media?parent=114673"}],"wp:term":[{"taxonomy":"product_brand","embeddable":true,"href":"https:\/\/gpl-love.com\/es\/wp-json\/wp\/v2\/product_brand?post=114673"},{"taxonomy":"product_cat","embeddable":true,"href":"https:\/\/gpl-love.com\/es\/wp-json\/wp\/v2\/product_cat?post=114673"},{"taxonomy":"product_tag","embeddable":true,"href":"https:\/\/gpl-love.com\/es\/wp-json\/wp\/v2\/product_tag?post=114673"}],"curies":[{"name":"wp","href":"https:\/\/api.w.org\/{rel}","templated":true}]}}