{"id":114671,"date":"2026-02-24T00:00:00","date_gmt":"2026-02-24T05:00:00","guid":{"rendered":"http:\/\/gpl-love.com\/es\/?post_type=product&#038;p=114671"},"modified":"2026-03-09T08:29:39","modified_gmt":"2026-03-09T13:29:39","slug":"wp-scheduled-posts-pro-wordpress-plugin","status":"publish","type":"product","link":"https:\/\/gpl-love.com\/es\/producto\/wp-scheduled-posts-pro-wordpress-plugin\/","title":{"rendered":"WP Scheduled Posts Pro WordPress Plugin 5.2.3"},"content":{"rendered":"<h3>WP Scheduled Posts Pro WordPress Plugin Caracteristicas<\/h3>\n<p>El complemento WP Programado Publics Pro WordPress es una herramienta incre\u00edblemente robusta e indispensable que sirve para administrar y optimizar de manera efectiva la programaci\u00f3n y publicaci\u00f3n de contenido en su sitio web de WordPress. Este complemento extraordinario cuenta con una gran cantidad de caracter\u00edsticas avanzadas que le permiten programar sin esfuerzo sus publicaciones, p\u00e1ginas e incluso tipos de publicaciones personalizadas, asegurando que se publiquen en la fecha y hora precisas y predeterminadas de su elecci\u00f3n. Adem\u00e1s de sus notables capacidades de programaci\u00f3n, este complemento tambi\u00e9n le permite automatizar sus esfuerzos para compartir las redes sociales, aliviando as\u00ed la carga de promover manualmente su contenido en varias plataformas. Adem\u00e1s, las publicaciones programadas de WP le otorgan la capacidad de crear y personalizar sus propias plantillas, proporcion\u00e1ndole una flexibilidad y control incomparables sobre los elementos est\u00e9ticos y visuales de su contenido publicado. Por \u00faltimo, este complemento excepcional ofrece una interfaz incre\u00edblemente intuitiva y f\u00e1cil de usar, junto con una amplia gama de opciones de personalizaci\u00f3n, lo que lo convierte en una herramienta ideal e indispensable para blogueros, vendedores y empresas que desean optimizar su gesti\u00f3n del tiempo y mejorar su tiempo. presencia en l\u00ednea. En esencia, las publicaciones programadas de WP pueden ser consideradas inequ\u00edvocamente como una soluci\u00f3n probada y verdadera, confiable y notablemente eficiente para cualquier persona que alberga el deseo de revolucionar su estrategia de contenido y aumentar significativamente el tr\u00e1fico de su sitio web.<\/p>\n<ul>\n<li>Programar publicaciones que se publicar\u00e1n en momentos y fechas espec\u00edficas con facilidad<\/li>\n<li>Comparta autom\u00e1ticamente su contenido en las plataformas de redes sociales<\/li>\n<li>Ahorre tiempo por publicaciones de programaci\u00f3n a granel<\/li>\n<li>Personalizar estados de publicaci\u00f3n y categor\u00edas para una organizaci\u00f3n f\u00e1cil<\/li>\n<li>Obtener notificaciones por correo electr\u00f3nico de las publicaciones programadas y su estado<\/li>\n<li>Perfecto para empresas o personas que desean mantener un horario de publicaci\u00f3n consistente<\/li>\n<li>Compatible con la \u00faltima versi\u00f3n de WordPress<\/li>\n<li>Acceso a atenci\u00f3n al cliente y actualizaciones regulares de productos<\/li>\n<\/ul>\n","protected":false},"excerpt":{"rendered":"<p>WP Programed Posts Pro es un complemento de WordPress incre\u00edblemente robusto que ha sido dise\u00f1ado para simplificar el proceso de publicaci\u00f3n de contenido al proporcionar a los usuarios la capacidad de programar sus publicaciones de blog, p\u00e1ginas y tipos de publicaciones personalizadas. El complemento cuenta con una interfaz incre\u00edblemente f\u00e1cil de usar, que permite a los usuarios crear, personalizar y programar su contenido con mucha anticipaci\u00f3n, asegurando que su sitio web permanezca actualizado regularmente, incluso en su ausencia. En particular, este complemento ofrece una amplia gama de caracter\u00edsticas avanzadas, que incluyen capacidades de reducci\u00f3n autom\u00e1tica, integraci\u00f3n perfecta con varias plataformas de redes sociales y soporte integral de usuarios m\u00faltiples. Dadas estas caracter\u00edsticas impresionantes, es evidente que las publicaciones programadas de WP Pro es la soluci\u00f3n ideal para administrar efectivamente su flujo de trabajo editorial. Ac\u00e9tate a la tarea a menudo estresante y que requiere mucho tiempo de publicar contenido manualmente y, en cambio, optimiza la productividad de tu sitio web con la asistencia perfecta de las publicaciones programadas de WP Pro.<\/p>\n","protected":false},"featured_media":168444,"comment_status":"open","ping_status":"open","template":"","meta":[],"product_brand":[2375],"product_cat":[1214,1206,1211],"product_tag":[1785],"class_list":{"0":"post-114671","1":"product","2":"type-product","3":"status-publish","4":"has-post-thumbnail","6":"product_brand-wp-developer","7":"product_cat-personalizacion","8":"product_cat-plugins","9":"product_cat-wordpress-plugins","10":"product_tag-wp-developer","11":"member-discount","12":"discount-restricted","14":"first","15":"instock","16":"sale","17":"downloadable","18":"virtual","19":"sold-individually","20":"purchasable","21":"product-type-simple"},"_links":{"self":[{"href":"https:\/\/gpl-love.com\/es\/wp-json\/wp\/v2\/product\/114671","targetHints":{"allow":["GET"]}}],"collection":[{"href":"https:\/\/gpl-love.com\/es\/wp-json\/wp\/v2\/product"}],"about":[{"href":"https:\/\/gpl-love.com\/es\/wp-json\/wp\/v2\/types\/product"}],"replies":[{"embeddable":true,"href":"https:\/\/gpl-love.com\/es\/wp-json\/wp\/v2\/comments?post=114671"}],"wp:featuredmedia":[{"embeddable":true,"href":"https:\/\/gpl-love.com\/es\/wp-json\/wp\/v2\/media\/168444"}],"wp:attachment":[{"href":"https:\/\/gpl-love.com\/es\/wp-json\/wp\/v2\/media?parent=114671"}],"wp:term":[{"taxonomy":"product_brand","embeddable":true,"href":"https:\/\/gpl-love.com\/es\/wp-json\/wp\/v2\/product_brand?post=114671"},{"taxonomy":"product_cat","embeddable":true,"href":"https:\/\/gpl-love.com\/es\/wp-json\/wp\/v2\/product_cat?post=114671"},{"taxonomy":"product_tag","embeddable":true,"href":"https:\/\/gpl-love.com\/es\/wp-json\/wp\/v2\/product_tag?post=114671"}],"curies":[{"name":"wp","href":"https:\/\/api.w.org\/{rel}","templated":true}]}}