{"id":114659,"date":"2025-08-25T00:00:00","date_gmt":"2025-08-25T05:00:00","guid":{"rendered":"http:\/\/gpl-love.com\/es\/?post_type=product&#038;p=114659"},"modified":"2026-04-10T11:24:55","modified_gmt":"2026-04-10T16:24:55","slug":"skola-lms-online-courses-wordpress-theme","status":"publish","type":"product","link":"https:\/\/gpl-love.com\/es\/producto\/skola-lms-online-courses-wordpress-theme\/","title":{"rendered":"Skola LMS Online Courses WordPress Theme 1.0.36"},"content":{"rendered":"<h3>Skola LMS Online Courses WordPress Theme Caracteristicas<\/h3>\n<p>Los cursos en l\u00ednea de Skola LMS WordPress, el tema ofrece una amplia gama de soluciones integrales y f\u00e1ciles de usar para personas que buscan crear y supervisar un sitio web del curso en l\u00ednea. Este tema pone un fuerte \u00e9nfasis en la funcionalidad, con una variedad de caracter\u00edsticas que incluyen listado de cursos y gesti\u00f3n, registro de estudiantes y seguimiento de progreso, perfiles de instructor, cuestionarios y tareas, y mucho m\u00e1s. Adem\u00e1s, su dise\u00f1o frontal limpio y personalizable permite un nivel \u00f3ptimo de personalizaci\u00f3n. Adem\u00e1s, este tema es compatible con complementos populares como WooCommerce y BBPress, ampliando a\u00fan m\u00e1s sus capacidades y simplificando el proceso de establecer un entorno de aprendizaje profesional y cautivador. Independientemente de si usted es un maestro, entrenador o instituci\u00f3n educativa, Skola LMS sirve como la opci\u00f3n ideal para hacer una transici\u00f3n de manera efectiva sus cursos a una plataforma en l\u00ednea.<\/p>\n<ul>\n<li>Tema de WordPress elegante y moderno dise\u00f1ado espec\u00edficamente para cursos en l\u00ednea<\/li>\n<li>Opciones de personalizaci\u00f3n f\u00e1ciles para un toque personalizado<\/li>\n<li>Caracter\u00edsticas de gesti\u00f3n de cursos incorporados que incluyen cuestionarios, tareas y calificaci\u00f3n<\/li>\n<li>Se integra con sistemas populares de gesti\u00f3n de aprendizaje como Moodle y Blackboard<\/li>\n<li>Dise\u00f1o receptivo optimizado para la visualizaci\u00f3n m\u00f3vil<\/li>\n<li>Elementos interactivos como foros de discusi\u00f3n y calendarios de cursos<\/li>\n<li>La importaci\u00f3n de demostraci\u00f3n de un solo clic para configurar y dise\u00f1ar r\u00e1pidamente su sitio<\/li>\n<li>Documentaci\u00f3n integral y equipo de apoyo dedicado para la resoluci\u00f3n de problemas y asistencia<\/li>\n<\/ul>\n","protected":false},"excerpt":{"rendered":"<p>Presentamos el tema de WordPress de WordPress de Skola LMS, una soluci\u00f3n excepcional e integral adaptada a la creaci\u00f3n y gesti\u00f3n de sitios web de aprendizaje electr\u00f3nico. Con un dise\u00f1o elegante y sofisticado, el tema Skola LMS es el ep\u00edtome de la excelencia y una opci\u00f3n ideal para instituciones educativas, proveedores de cursos en l\u00ednea, as\u00ed como aspirantes a empresarios que buscan comercializar sus cursos a trav\u00e9s del \u00e1mbito en l\u00ednea. En particular, este tema es totalmente receptivo, lo que garantiza una experiencia visual excepcional en todos los dispositivos utilizados por sus estimados usuarios. Adem\u00e1s, Skola LMS est\u00e1 equipado con una gran cantidad de caracter\u00edsticas de vanguardia, que incluyen, entre otros, la gesti\u00f3n del curso, el seguimiento del progreso de los estudiantes e integraci\u00f3n de pagos en l\u00ednea sin problemas. Adem\u00e1s, el tema se integra perfectamente con una amplia gama de complementos muy solicitados, lo que lo permite con la m\u00e1xima flexibilidad y libertad creativa para adaptar su sitio web de acuerdo con sus requisitos y preferencias \u00fanicas. \u00bfPor qu\u00e9 esperar m\u00e1s? Inicie su viaje de venta de cursos en l\u00ednea hoy con el incomparable Skola LMS.<\/p>\n","protected":false},"featured_media":167499,"comment_status":"open","ping_status":"open","template":"","meta":[],"product_brand":[2337],"product_cat":[1267,1237,1238],"product_tag":[1391],"class_list":{"0":"post-114659","1":"product","2":"type-product","3":"status-publish","4":"has-post-thumbnail","6":"product_brand-themeforest","7":"product_cat-creativo","8":"product_cat-temas","9":"product_cat-wordpress-temas","10":"product_tag-themeforest","11":"member-discount","12":"discount-restricted","14":"first","15":"instock","16":"sale","17":"downloadable","18":"virtual","19":"sold-individually","20":"purchasable","21":"product-type-simple"},"_links":{"self":[{"href":"https:\/\/gpl-love.com\/es\/wp-json\/wp\/v2\/product\/114659","targetHints":{"allow":["GET"]}}],"collection":[{"href":"https:\/\/gpl-love.com\/es\/wp-json\/wp\/v2\/product"}],"about":[{"href":"https:\/\/gpl-love.com\/es\/wp-json\/wp\/v2\/types\/product"}],"replies":[{"embeddable":true,"href":"https:\/\/gpl-love.com\/es\/wp-json\/wp\/v2\/comments?post=114659"}],"wp:featuredmedia":[{"embeddable":true,"href":"https:\/\/gpl-love.com\/es\/wp-json\/wp\/v2\/media\/167499"}],"wp:attachment":[{"href":"https:\/\/gpl-love.com\/es\/wp-json\/wp\/v2\/media?parent=114659"}],"wp:term":[{"taxonomy":"product_brand","embeddable":true,"href":"https:\/\/gpl-love.com\/es\/wp-json\/wp\/v2\/product_brand?post=114659"},{"taxonomy":"product_cat","embeddable":true,"href":"https:\/\/gpl-love.com\/es\/wp-json\/wp\/v2\/product_cat?post=114659"},{"taxonomy":"product_tag","embeddable":true,"href":"https:\/\/gpl-love.com\/es\/wp-json\/wp\/v2\/product_tag?post=114659"}],"curies":[{"name":"wp","href":"https:\/\/api.w.org\/{rel}","templated":true}]}}