{"id":114648,"date":"2023-05-19T00:00:00","date_gmt":"2023-05-19T05:00:00","guid":{"rendered":"http:\/\/gpl-love.com\/es\/?post_type=product&#038;p=114648"},"modified":"2026-03-13T17:20:36","modified_gmt":"2026-03-13T22:20:36","slug":"event-conference-exhibz","status":"publish","type":"product","link":"https:\/\/gpl-love.com\/es\/producto\/event-conference-exhibz\/","title":{"rendered":"Event Conference Exhibz 2.5.2"},"content":{"rendered":"<h3>Event Conference Exhibz Caracteristicas<\/h3>\n<p>Event Conference Exhibz es una soluci\u00f3n de software multifac\u00e9tica que se ha desarrollado meticulosamente para racionalizar y facilitar el intrincado proceso de gesti\u00f3n y organizaci\u00f3n de conferencias, ferias comerciales y una gran cantidad de otros eventos. Esta plataforma de vanguardia cuenta con una interfaz muy intuitiva que empodera a los planificadores de eventos con la capacidad de crear sin esfuerzo y supervisar eficientemente todos los aspectos de sus eventos, desde boletos y registro hasta programaci\u00f3n y gesti\u00f3n de oradores. La incorporaci\u00f3n de funcionalidades formidables, que incluyen an\u00e1lisis en tiempo real, herramientas de gesti\u00f3n de patrocinadores integrales y caracter\u00edsticas innovadoras de participaci\u00f3n de los asistentes, permite a los eventos de la conferencia de eventos exhibir a los organizadores a ofrecer una experiencia sin problemas e indeleblemente memorables para sus apreciados asistentes. Independientemente de si est\u00e1 orquestando una conferencia de negocios \u00edntima y a peque\u00f1a escala o una extravagancia de feria comercial grandiosa y a gran escala, este software incomparable est\u00e1 inequ\u00edvocamente equipado con un conjunto de recursos indispensables que lo abarcan todo evento.<\/p>\n<ul>\n<li>Plataforma integral de gesti\u00f3n de eventos para conferencias y exhibiciones<\/li>\n<li>Sistema de registro y boletos f\u00e1ciles para los asistentes<\/li>\n<li>Capacidad para crear y administrar m\u00faltiples horarios y agendas de eventos<\/li>\n<li>Integraci\u00f3n con pasarelas de pago populares para transacciones seguras<\/li>\n<li>Sitio web de eventos personalizables y opciones de marca<\/li>\n<li>An\u00e1lisis en tiempo real y funciones de informes para organizadores de eventos<\/li>\n<li>Caracter\u00edsticas interactivas y atractivas, como sesiones de preguntas y respuestas en vivo y encuestas<\/li>\n<li>Oportunidades de redes para los asistentes a trav\u00e9s de chat virtual y mensajes<\/li>\n<li>Compatibilidad de la aplicaci\u00f3n m\u00f3vil para el acceso conveniente a la informaci\u00f3n del evento sobre la marcha<\/li>\n<li>Soporte y asistencia dedicada del equipo de exhibz durante todo el proceso de planificaci\u00f3n de eventos<\/li>\n<\/ul>\n","protected":false},"excerpt":{"rendered":"<p>Event Conference Exhibz es una plataforma de vanguardia y revolucionaria que ha sido meticulosamente dise\u00f1ada para simplificar y racionalizar el intrincado proceso de organizaci\u00f3n y gesti\u00f3n efectiva de eventos, conferencias y exhibiciones. Equipado con una gama completa de caracter\u00edsticas altamente avanzadas, como boletos, registro de asistentes, programaci\u00f3n y herramientas de promociones, la conferencia de eventos Anexz presenta una soluci\u00f3n con todo incluido que atiende a todos los aspectos imaginables de la configuraci\u00f3n de eventos. Con su grado inigualable de flexibilidad y adaptabilidad, esta notable plataforma ofrece una experiencia de evento verdaderamente incomparable que atiende perfectamente las necesidades y expectativas de los organizadores y los asistentes. Se despiden de las cargas enrevesadas y exasperantes que generalmente acompa\u00f1an la gesti\u00f3n de eventos, ya que la conferencia de eventos Anexits asume gentilmente la responsabilidad total de manejar cada minuto detalle, asegurando un evento fenomenalmente exitoso que supere todas las expectativas previas.<\/p>\n","protected":false},"featured_media":166026,"comment_status":"open","ping_status":"open","template":"","meta":[],"product_brand":[2337],"product_cat":[1267,1237,1238],"product_tag":[1391],"class_list":{"0":"post-114648","1":"product","2":"type-product","3":"status-publish","4":"has-post-thumbnail","6":"product_brand-themeforest","7":"product_cat-creativo","8":"product_cat-temas","9":"product_cat-wordpress-temas","10":"product_tag-themeforest","11":"member-discount","12":"discount-restricted","14":"first","15":"instock","16":"sale","17":"downloadable","18":"virtual","19":"sold-individually","20":"purchasable","21":"product-type-simple"},"_links":{"self":[{"href":"https:\/\/gpl-love.com\/es\/wp-json\/wp\/v2\/product\/114648","targetHints":{"allow":["GET"]}}],"collection":[{"href":"https:\/\/gpl-love.com\/es\/wp-json\/wp\/v2\/product"}],"about":[{"href":"https:\/\/gpl-love.com\/es\/wp-json\/wp\/v2\/types\/product"}],"replies":[{"embeddable":true,"href":"https:\/\/gpl-love.com\/es\/wp-json\/wp\/v2\/comments?post=114648"}],"wp:featuredmedia":[{"embeddable":true,"href":"https:\/\/gpl-love.com\/es\/wp-json\/wp\/v2\/media\/166026"}],"wp:attachment":[{"href":"https:\/\/gpl-love.com\/es\/wp-json\/wp\/v2\/media?parent=114648"}],"wp:term":[{"taxonomy":"product_brand","embeddable":true,"href":"https:\/\/gpl-love.com\/es\/wp-json\/wp\/v2\/product_brand?post=114648"},{"taxonomy":"product_cat","embeddable":true,"href":"https:\/\/gpl-love.com\/es\/wp-json\/wp\/v2\/product_cat?post=114648"},{"taxonomy":"product_tag","embeddable":true,"href":"https:\/\/gpl-love.com\/es\/wp-json\/wp\/v2\/product_tag?post=114648"}],"curies":[{"name":"wp","href":"https:\/\/api.w.org\/{rel}","templated":true}]}}