{"id":114646,"date":"2021-06-30T00:00:00","date_gmt":"2021-06-30T05:00:00","guid":{"rendered":"http:\/\/gpl-love.com\/es\/?post_type=product&#038;p=114646"},"modified":"2026-03-13T17:16:00","modified_gmt":"2026-03-13T22:16:00","slug":"atheus-modern-creative-agency-wordpress-theme","status":"publish","type":"product","link":"https:\/\/gpl-love.com\/es\/producto\/atheus-modern-creative-agency-wordpress-theme\/","title":{"rendered":"Atheus Modern Creative Agency WordPress Theme 1.1.0"},"content":{"rendered":"<h3>Atheus Modern Creative Agency WordPress Theme Caracteristicas<\/h3>\n<p>El tema de WordPress de Atheus Modern Creative Agency es un tema incre\u00edblemente vers\u00e1til y excepcionalmente profesional que ha sido dise\u00f1ado de manera intencional y meticulosamente para atender a empresas dentro de la industria creativa altamente din\u00e1mica y en constante evoluci\u00f3n. Este tema no solo cuenta con un dise\u00f1o inmaculadamente limpio e impresionantemente moderno, sino que tambi\u00e9n ofrece una amplia gama de caracter\u00edsticas totalmente personalizables que empoderan y permiten a los usuarios moda sin esfuerzo y curar un sitio web completamente \u00fanico y profundamente atractivo de su marca, producto o servicio.<\/p>\n<p>Uno de los muchos aspectos notables de este tema es su capacidad de respuesta incomparable, asegurando que, independientemente del dispositivo que se utilice, el sitio web brille de manera consistente y sin problemas en toda su gloria resplandeciente. Adem\u00e1s, el tema de WordPress de la agencia creativa moderna de Atheus se acompa\u00f1a de una exquisita variedad de plantillas y dise\u00f1os predise\u00f1ados, facilitando el proceso de creaci\u00f3n de sitios web y acelerando la realizaci\u00f3n de la visi\u00f3n creativa de uno.<\/p>\n<p>La experiencia del usuario de este tema extraordinario se mejora a\u00fan m\u00e1s por su naturaleza f\u00e1cil de usar y su perfecta personalizaci\u00f3n. Con la inclusi\u00f3n de un constructor de p\u00e1ginas intuitivo de arrastrar y soltar y una gran cantidad de opciones de temas avanzados, la agencia creativa moderna de Atheus WordPress Temo empodera y equipa a los usuarios con las herramientas y recursos necesarios para moldear y modificar sin esfuerzo su sitio web de acuerdo con sus preferencias \u00fanicas. y requisitos.<\/p>\n<p>Adem\u00e1s de sus caracter\u00edsticas de dise\u00f1o y personalizaci\u00f3n excepcionales, este tema notable tambi\u00e9n cuenta con una mir\u00edada de elementos y componentes suplementarios que sirven para elevar y aumentar la est\u00e9tica general y la funcionalidad del sitio web. Las caracter\u00edsticas tales como controles deslizantes, carteras y testimonios agregan una capa adicional de sofisticaci\u00f3n y profesionalismo, lo que permite a las agencias creativas mostrar efectivamente su asombroso cuerpo de trabajo y, en \u00faltima instancia, atraer y atraer a los posibles clientes.<\/p>\n<p>En conclusi\u00f3n, el extraordinario Atheus Modern Creative Agency WordPress Theme es inequ\u00edvocamente la elecci\u00f3n por excelencia para cualquier agencia creativa exigente que busque personificar y encarnar la verdadera esencia y el esp\u00edritu de su oficio. Su notable versatilidad, un dise\u00f1o profesional incomparable y una amplia gama de caracter\u00edsticas personalizables lo convierten en la plataforma ideal para mostrar la destreza creativa y cautivar y encantarse audiencias de todos los \u00e1mbitos de la vida.<\/p>\n<ul>\n<li>Dise\u00f1o elegante y moderno<\/li>\n<li>Dise\u00f1o receptivo para una visualizaci\u00f3n \u00f3ptima en todos los dispositivos<\/li>\n<li>Opciones de color personalizables para que coincidan con su marca<\/li>\n<li>Constructor de p\u00e1gina de arrastrar y soltar f\u00e1ciles de usar<\/li>\n<li>Plantillas preconstruidas para p\u00e1ginas de cartera, blog y servicios<\/li>\n<li>Fuentes de Google incorporadas para una tipograf\u00eda elegante<\/li>\n<li>Visual Composer y Slider Revolution incluida para mayor flexibilidad<\/li>\n<li>SEO optimizado para una mejor clasificaci\u00f3n del motor de b\u00fasqueda<\/li>\n<li>Traducci\u00f3n lista para audiencias globales<\/li>\n<li>Importador de contenido de demostraci\u00f3n de un solo clic para una configuraci\u00f3n r\u00e1pida<\/li>\n<li>Atenci\u00f3n al cliente y documentaci\u00f3n confiable proporcionada.<\/li>\n<\/ul>\n","protected":false},"excerpt":{"rendered":"<p>Presentamos el tema de WordPress de la agencia creativa moderna de Atheus, una soluci\u00f3n de vanguardia para agencias creativas pioneras que desean destacarse en el mundo digital. Este tema ofrece un dise\u00f1o elegante y moderno, con un dise\u00f1o personalizable que le permite expresar la marca y visi\u00f3n \u00fanicas de su agencia. Construido con c\u00f3digo amigable con SEO, el tema Atheus garantiza que su agencia ocupe un lugar alto en los resultados de b\u00fasqueda. Tambi\u00e9n cuenta con un dise\u00f1o receptivo, asegurando que su sitio web se vea genial en cualquier dispositivo, desde escritorios hasta tel\u00e9fonos inteligentes. Con el tema Atheus, tambi\u00e9n puede aprovechar la importaci\u00f3n de demostraci\u00f3n de un solo clic incluida, lo que hace que la configuraci\u00f3n sea muy f\u00e1cil. El tema tambi\u00e9n est\u00e1 listo para Gutenberg, lo que le permite crear contenido rico y din\u00e1mico con facilidad. Por \u00faltimo, este tema ofrece atenci\u00f3n al cliente premium y actualizaciones regulares, asegurando que su sitio web permanezca funcional y actualizado. Mejore su presencia en l\u00ednea con el tema de la agencia creativa moderna de Atheus WordPress.<\/p>\n","protected":false},"featured_media":165405,"comment_status":"open","ping_status":"open","template":"","meta":[],"product_brand":[2337],"product_cat":[1267,1237,1238],"product_tag":[1391],"class_list":{"0":"post-114646","1":"product","2":"type-product","3":"status-publish","4":"has-post-thumbnail","6":"product_brand-themeforest","7":"product_cat-creativo","8":"product_cat-temas","9":"product_cat-wordpress-temas","10":"product_tag-themeforest","11":"member-discount","12":"discount-restricted","14":"first","15":"instock","16":"sale","17":"downloadable","18":"virtual","19":"sold-individually","20":"purchasable","21":"product-type-simple"},"_links":{"self":[{"href":"https:\/\/gpl-love.com\/es\/wp-json\/wp\/v2\/product\/114646","targetHints":{"allow":["GET"]}}],"collection":[{"href":"https:\/\/gpl-love.com\/es\/wp-json\/wp\/v2\/product"}],"about":[{"href":"https:\/\/gpl-love.com\/es\/wp-json\/wp\/v2\/types\/product"}],"replies":[{"embeddable":true,"href":"https:\/\/gpl-love.com\/es\/wp-json\/wp\/v2\/comments?post=114646"}],"wp:featuredmedia":[{"embeddable":true,"href":"https:\/\/gpl-love.com\/es\/wp-json\/wp\/v2\/media\/165405"}],"wp:attachment":[{"href":"https:\/\/gpl-love.com\/es\/wp-json\/wp\/v2\/media?parent=114646"}],"wp:term":[{"taxonomy":"product_brand","embeddable":true,"href":"https:\/\/gpl-love.com\/es\/wp-json\/wp\/v2\/product_brand?post=114646"},{"taxonomy":"product_cat","embeddable":true,"href":"https:\/\/gpl-love.com\/es\/wp-json\/wp\/v2\/product_cat?post=114646"},{"taxonomy":"product_tag","embeddable":true,"href":"https:\/\/gpl-love.com\/es\/wp-json\/wp\/v2\/product_tag?post=114646"}],"curies":[{"name":"wp","href":"https:\/\/api.w.org\/{rel}","templated":true}]}}