{"id":114644,"date":"2024-09-13T00:00:00","date_gmt":"2024-09-13T05:00:00","guid":{"rendered":"http:\/\/gpl-love.com\/es\/?post_type=product&#038;p=114644"},"modified":"2026-04-10T11:21:56","modified_gmt":"2026-04-10T16:21:56","slug":"preloader-plugin-loftloader-pro","status":"publish","type":"product","link":"https:\/\/gpl-love.com\/es\/producto\/preloader-plugin-loftloader-pro\/","title":{"rendered":"Preloader Plugin LoftLoader Pro 2.5"},"content":{"rendered":"<h3>Preloader Plugin LoftLoader Pro Caracteristicas<\/h3>\n<p>Loftloader Pro, un complemento precargado excepcional, permite a los propietarios de sitios web elaborar una animaci\u00f3n de carga visualmente cautivadora para sus estimados sitios web. Al aprovechar el poder de este complemento, los propietarios de sitios web pueden adaptar sin esfuerzo su animaci\u00f3n precargable para cumplir con sus preferencias \u00fanicas, ya sea a trav\u00e9s de la integraci\u00f3n de diversas formas, colores o efectos de animaci\u00f3n. Adem\u00e1s, el complemento cuenta con una notable barra de progreso incorporada que muestra obedientemente el progreso de carga del sitio web. En particular, Loftloader Pro Garnicers por su optimizaci\u00f3n incomparable, facilitando los tiempos de carga r\u00e1pida y evitando cualquier impacto perjudicial en el rendimiento general del sitio web. En esencia, este complemento Preloader sirve como una opci\u00f3n impecable para los propietarios de sitios web exigentes que aspiran a elevar la experiencia de usuario de su sitio web al incorporar una animaci\u00f3n previa a la cgainta encantadora y totalmente personalizable.<\/p>\n<ul>\n<li>Complemento de precarga profesional para sitios web y aplicaciones<\/li>\n<li>F\u00e1cil de usar y personalizar con una variedad de opciones<\/li>\n<li>Elija entre m\u00e1s de 150 estilos de animaci\u00f3n para que coincida con su marca o dise\u00f1o de sitio web<\/li>\n<li>Agregue su propia animaci\u00f3n de preloader personalizada usando HTML y CSS<\/li>\n<li>Opci\u00f3n para mostrar el precargado en p\u00e1ginas espec\u00edficas o en todo el sitio<\/li>\n<li>Compatible con todos los navegadores modernos y dispositivos m\u00f3viles<\/li>\n<li>R\u00e1pido y liviano, dise\u00f1ado para un rendimiento \u00f3ptimo sin ralentizar su sitio<\/li>\n<li>Incluye caracter\u00edsticas avanzadas como la carga perezosa, la personalizaci\u00f3n de la ruleta y m\u00e1s<\/li>\n<li>Actualizaciones regulares y excelente atenci\u00f3n al cliente del equipo de desarrolladores<\/li>\n<li>Una herramienta imprescindible para dise\u00f1adores y desarrolladores web que buscan mejorar la experiencia del usuario en sus sitios o aplicaciones.<\/li>\n<\/ul>\n","protected":false},"excerpt":{"rendered":"<p>Loftloader Pro es un complemento precargado excepcional que garantiza una carga perfecta y expedita de su sitio web, repleta de calidad de primer nivel. Meticulosamente dise\u00f1ado con tecnolog\u00eda de \u00faltima generaci\u00f3n, este complemento se integra perfectamente en su sitio web, lo que permite la instalaci\u00f3n y personalizaci\u00f3n sin esfuerzo de acuerdo con la est\u00e9tica de marca y dise\u00f1o de su sitio web. Con la ayuda de Loftloader Pro, tiene el poder de cautivar y sorprender a su audiencia con una variedad de animaciones de carga creadas profesionalmente, elevando as\u00ed su experiencia de navegaci\u00f3n a un nivel de grandeza sin precedentes. Independientemente de si posee un blog personal o un sitio web de comercio electr\u00f3nico, este complemento optimizar\u00e1 meticulosamente el tiempo de carga de su sitio web, que finalmente culminar\u00e1 en un aumento de compromiso y conversiones.<\/p>\n","protected":false},"featured_media":167246,"comment_status":"open","ping_status":"open","template":"","meta":[],"product_brand":[2339],"product_cat":[1214,1206,1211],"product_tag":[1256],"class_list":{"0":"post-114644","1":"product","2":"type-product","3":"status-publish","4":"has-post-thumbnail","6":"product_brand-codecanyon","7":"product_cat-personalizacion","8":"product_cat-plugins","9":"product_cat-wordpress-plugins","10":"product_tag-codecanyon","11":"member-discount","12":"discount-restricted","14":"first","15":"instock","16":"sale","17":"downloadable","18":"virtual","19":"sold-individually","20":"purchasable","21":"product-type-simple"},"_links":{"self":[{"href":"https:\/\/gpl-love.com\/es\/wp-json\/wp\/v2\/product\/114644","targetHints":{"allow":["GET"]}}],"collection":[{"href":"https:\/\/gpl-love.com\/es\/wp-json\/wp\/v2\/product"}],"about":[{"href":"https:\/\/gpl-love.com\/es\/wp-json\/wp\/v2\/types\/product"}],"replies":[{"embeddable":true,"href":"https:\/\/gpl-love.com\/es\/wp-json\/wp\/v2\/comments?post=114644"}],"wp:featuredmedia":[{"embeddable":true,"href":"https:\/\/gpl-love.com\/es\/wp-json\/wp\/v2\/media\/167246"}],"wp:attachment":[{"href":"https:\/\/gpl-love.com\/es\/wp-json\/wp\/v2\/media?parent=114644"}],"wp:term":[{"taxonomy":"product_brand","embeddable":true,"href":"https:\/\/gpl-love.com\/es\/wp-json\/wp\/v2\/product_brand?post=114644"},{"taxonomy":"product_cat","embeddable":true,"href":"https:\/\/gpl-love.com\/es\/wp-json\/wp\/v2\/product_cat?post=114644"},{"taxonomy":"product_tag","embeddable":true,"href":"https:\/\/gpl-love.com\/es\/wp-json\/wp\/v2\/product_tag?post=114644"}],"curies":[{"name":"wp","href":"https:\/\/api.w.org\/{rel}","templated":true}]}}