{"id":114642,"date":"2026-04-10T00:00:00","date_gmt":"2026-04-10T05:00:00","guid":{"rendered":"http:\/\/gpl-love.com\/es\/?post_type=product&#038;p=114642"},"modified":"2026-04-10T11:15:58","modified_gmt":"2026-04-10T16:15:58","slug":"mapsvg-wordpress-map-plugin","status":"publish","type":"product","link":"https:\/\/gpl-love.com\/es\/producto\/mapsvg-wordpress-map-plugin\/","title":{"rendered":"MapSVG WordPress Map Plugin 8.12.2"},"content":{"rendered":"<h3>MapSVG WordPress Map Plugin Caracteristicas<\/h3>\n<p>MAPSVG es un complemento de WordPress incre\u00edblemente robusto y rico en funciones que le permite la capacidad de crear mapas altamente interactivos y totalmente personalizables para su sitio web. Este complemento excepcional le otorga la capacidad de acentuar sin esfuerzo varias regiones, incorporar marcadores y alfileres, y exhibir una gran cantidad de informaci\u00f3n, como las im\u00e1genes cautivadoras, cautivando videos y cautivando el texto cada vez que un usuario se involucra activamente con el mapa. Adem\u00e1s, la extraordinaria interfaz f\u00e1cil de usar de MAPSVG facilita la gesti\u00f3n de mapas sin problemas, la personalizaci\u00f3n del dise\u00f1o y la adici\u00f3n perfecta de elementos funcionales, todo sin requerir ninguna experiencia de codificaci\u00f3n. Ya sea que est\u00e9 en el proceso de elaborar un mapa para una ubicaci\u00f3n comercial, un evento deslumbrante o una gu\u00eda de viaje integral, tenga la seguridad de que MAPSVG demostrar\u00e1 ser la herramienta por excelencia que elevar\u00e1 sus mapas a alturas incomparables, cautivando y absorbiendo a su audiencia. en el proceso.<\/p>\n<ul>\n<li>Un potente complemento de mapa de WordPress que le permite crear mapas interactivos y personalizables para su sitio web.<\/li>\n<li>Una interfaz f\u00e1cil de usar que facilita el dise\u00f1o y personalizaci\u00f3n de sus mapas para satisfacer sus necesidades.<\/li>\n<li>Una gama de caracter\u00edsticas avanzadas, incluidos m\u00faltiples marcadores de mapas, informaci\u00f3n sobre herramientas personalizadas e iconos personalizados, que le permiten crear mapas interesantes e informativos.<\/li>\n<li>Integraci\u00f3n completa con Google Maps, lo que le permite utilizar todas las funciones y datos de Google Maps.<\/li>\n<li>Soporte integral para capas de datos personalizadas, lo que le permite agregar puntos de datos, capas, marcadores y regiones a sus mapas.<\/li>\n<li>Una gama de opciones de personalizaci\u00f3n, incluida la capacidad de cambiar el esquema de color, agregar im\u00e1genes y fuentes personalizadas, y m\u00e1s.<\/li>\n<li>Dise\u00f1o receptivo que garantiza que sus mapas se vean muy bien en cualquier dispositivo, ya sea una computadora de escritorio, tableta o tel\u00e9fono inteligente.<\/li>\n<li>Un extenso conjunto de documentaci\u00f3n y materiales de soporte que facilitan comenzar con MAPSVG y aprovechar todas sus caracter\u00edsticas.<\/li>\n<\/ul>\n","protected":false},"excerpt":{"rendered":"<p>El complemento MAPSVG WordPress MAP es un complemento notablemente vers\u00e1til que se ha creado meticulosamente para facilitar la creaci\u00f3n sin esfuerzo de mapas altamente interactivos y totalmente personalizables. Con su interfaz de arrastrar y soltar notablemente f\u00e1cil de usar y una gran cantidad de opciones de personalizaci\u00f3n notables a su disposici\u00f3n, tiene la capacidad de generar mapas interactivos sin esfuerzo que est\u00e1n hechos a medida para alinearse perfectamente con sus requisitos precisos. Adem\u00e1s, la naturaleza intuitiva de su interfaz le permite incorporar a la perfecci\u00f3n m\u00faltiples capas, personalizar marcadores al contenido de su coraz\u00f3n e incluso crear animaciones cautivadoras que tengan el poder de dar vida a un mapa est\u00e1tico dentro del vasto reino de WordPress. Adem\u00e1s, este complemento extraordinario est\u00e1 dotado de un grado impresionante de destreza en la destreza de visualizaci\u00f3n de datos, lo que le permite presentar sin esfuerzo incluso la informaci\u00f3n m\u00e1s compleja y complicada de una manera que es f\u00e1cilmente digerible y comprensible. Es una soluci\u00f3n indiscutiblemente ideal e incomparable para cualquier entidad comercial, instituci\u00f3n educativa o un individuo profundamente apasionado que posee un deseo insaciable de curar y desatar mapas atractivos, inmersivos e profundamente interactivos directamente en su propio sitio web de WordPress.<\/p>\n","protected":false},"featured_media":166692,"comment_status":"open","ping_status":"open","template":"","meta":[],"product_brand":[2337],"product_cat":[1214,1206,1211],"product_tag":[1391],"class_list":{"0":"post-114642","1":"product","2":"type-product","3":"status-publish","4":"has-post-thumbnail","6":"product_brand-themeforest","7":"product_cat-personalizacion","8":"product_cat-plugins","9":"product_cat-wordpress-plugins","10":"product_tag-themeforest","11":"member-discount","12":"discount-restricted","14":"first","15":"instock","16":"sale","17":"downloadable","18":"virtual","19":"sold-individually","20":"purchasable","21":"product-type-simple"},"_links":{"self":[{"href":"https:\/\/gpl-love.com\/es\/wp-json\/wp\/v2\/product\/114642","targetHints":{"allow":["GET"]}}],"collection":[{"href":"https:\/\/gpl-love.com\/es\/wp-json\/wp\/v2\/product"}],"about":[{"href":"https:\/\/gpl-love.com\/es\/wp-json\/wp\/v2\/types\/product"}],"replies":[{"embeddable":true,"href":"https:\/\/gpl-love.com\/es\/wp-json\/wp\/v2\/comments?post=114642"}],"wp:featuredmedia":[{"embeddable":true,"href":"https:\/\/gpl-love.com\/es\/wp-json\/wp\/v2\/media\/166692"}],"wp:attachment":[{"href":"https:\/\/gpl-love.com\/es\/wp-json\/wp\/v2\/media?parent=114642"}],"wp:term":[{"taxonomy":"product_brand","embeddable":true,"href":"https:\/\/gpl-love.com\/es\/wp-json\/wp\/v2\/product_brand?post=114642"},{"taxonomy":"product_cat","embeddable":true,"href":"https:\/\/gpl-love.com\/es\/wp-json\/wp\/v2\/product_cat?post=114642"},{"taxonomy":"product_tag","embeddable":true,"href":"https:\/\/gpl-love.com\/es\/wp-json\/wp\/v2\/product_tag?post=114642"}],"curies":[{"name":"wp","href":"https:\/\/api.w.org\/{rel}","templated":true}]}}