{"id":114640,"date":"2024-12-27T00:00:00","date_gmt":"2024-12-27T05:00:00","guid":{"rendered":"http:\/\/gpl-love.com\/es\/?post_type=product&#038;p=114640"},"modified":"2026-03-13T17:22:33","modified_gmt":"2026-03-13T22:22:33","slug":"impeka-creative-multi-purpose-wordpress-theme","status":"publish","type":"product","link":"https:\/\/gpl-love.com\/es\/producto\/impeka-creative-multi-purpose-wordpress-theme\/","title":{"rendered":"Impeka Creative Multi-Purpose WordPress Theme 2.0.6"},"content":{"rendered":"<h3>Impeka Creative Multi-Purpose WordPress Theme Caracteristicas<\/h3>\n<p>El tema de WordPress multiprop\u00f3sito Impeka Creative sirve como la mejor soluci\u00f3n para las personas que buscan una plantilla vers\u00e1til y visualmente atractiva para mejorar el atractivo de su sitio web. Con un dise\u00f1o contempor\u00e1neo y elegante, Impeka presenta una extensa gama de opciones de personalizaci\u00f3n y personalizaci\u00f3n. Su interfaz f\u00e1cil de usar garantiza la navegaci\u00f3n sin esfuerzo y la gesti\u00f3n de contenido, lo que la hace adecuada para profesionales experimentados y novatos. Impeka abarca una selecci\u00f3n diversa de dise\u00f1os preconstruidos, que abarca la cartera, el blog y las posibilidades de comercio electr\u00f3nico, estableci\u00e9ndolo como el tema de referencia para cualquier g\u00e9nero de sitio web. Adem\u00e1s, Impeka ofrece una variedad de complementos y widgets, aumentando a\u00fan m\u00e1s su potencial de personalizaci\u00f3n y capacidades funcionales. Gracias al tema de WordPress multiprop\u00f3sito Impeka Creative, elaborar un sitio web distintivo y pulido nunca ha sido m\u00e1s accesible.<\/p>\n<ul>\n<li>Un tema de WordPress flexible y vers\u00e1til adecuado para una amplia gama de sitios web<\/li>\n<li>Repleto de caracter\u00edsticas \u00fatiles, que incluyen m\u00e1s de 10 dise\u00f1os de demostraci\u00f3n, widgets personalizados y un poderoso panel de opciones de tema<\/li>\n<li>Construido utilizando las \u00faltimas tecnolog\u00edas web, incluidas HTML5, CSS3 y JQuery<\/li>\n<li>Dise\u00f1o totalmente receptivo, asegurando que su sitio web se vea genial en todos los dispositivos<\/li>\n<li>SEO optimizado, ayudando a su sitio web a clasificar m\u00e1s alto en los resultados de los motores de b\u00fasqueda<\/li>\n<li>Incluye un importador de demostraci\u00f3n de un solo clic, que facilita la ejecuci\u00f3n de su sitio web en poco tiempo<\/li>\n<li>Documentaci\u00f3n y apoyo integrales, ayud\u00e1ndole a aprovechar al m\u00e1ximo las caracter\u00edsticas que el tema tiene para ofrecer<\/li>\n<li>Compatible con complementos populares como WooCommerce, Yoast SEO y Contact Form 7<\/li>\n<li>Actualizado regularmente con nuevas funciones y mejoras, asegurando que su sitio web se mantenga actualizado con las \u00faltimas tendencias en dise\u00f1o web<\/li>\n<li>Apoyo las 24 horas del d\u00eda, los 7 d\u00edas de la semana, disponibles, asegurando que cualquier problema o pregunta que tenga se resuelva r\u00e1pidamente.<\/li>\n<\/ul>\n","protected":false},"excerpt":{"rendered":"<p>El tema de WordPress multiprop\u00f3sito Impeka Creative es una soluci\u00f3n de dise\u00f1o de sitios web extremadamente sofisticada y robusta que atiende perfectamente a las necesidades de empresarios, blogueros y profesionales creativos por igual. Con un dise\u00f1o que lo abarca, una variedad de elementos de dise\u00f1o impresionantes y funcionalidad de vanguardia, este tema es el ep\u00edtome de la perfecci\u00f3n para las personas que buscan crear sitios web excepcionales y visualmente cautivadores que se destacen sin esfuerzo de las masas. Si el objetivo de uno es construir una cartera deslumbrante, una pr\u00f3spera plataforma de comercio electr\u00f3nico o un sitio web comercial pr\u00f3spero, Impeka proporciona un conjunto integral de herramientas y caracter\u00edsticas para cumplir todas esas aspiraciones y manifestar una presencia en l\u00ednea impresionante. En virtud de sus plantillas totalmente personalizables, dise\u00f1o din\u00e1mico receptivo e interfaz intuitiva de usuario, \u00a1este tema est\u00e1 obligado a cautivar y cautivar a los clientes exigentes y a los clientes dedicados en igual medida!<\/p>\n","protected":false},"featured_media":166460,"comment_status":"open","ping_status":"open","template":"","meta":[],"product_brand":[2337],"product_cat":[1239,1237,1238],"product_tag":[1391],"class_list":{"0":"post-114640","1":"product","2":"type-product","3":"status-publish","4":"has-post-thumbnail","6":"product_brand-themeforest","7":"product_cat-de-multiples-fines","8":"product_cat-temas","9":"product_cat-wordpress-temas","10":"product_tag-themeforest","11":"member-discount","12":"discount-restricted","14":"first","15":"instock","16":"sale","17":"downloadable","18":"virtual","19":"sold-individually","20":"purchasable","21":"product-type-simple"},"_links":{"self":[{"href":"https:\/\/gpl-love.com\/es\/wp-json\/wp\/v2\/product\/114640","targetHints":{"allow":["GET"]}}],"collection":[{"href":"https:\/\/gpl-love.com\/es\/wp-json\/wp\/v2\/product"}],"about":[{"href":"https:\/\/gpl-love.com\/es\/wp-json\/wp\/v2\/types\/product"}],"replies":[{"embeddable":true,"href":"https:\/\/gpl-love.com\/es\/wp-json\/wp\/v2\/comments?post=114640"}],"wp:featuredmedia":[{"embeddable":true,"href":"https:\/\/gpl-love.com\/es\/wp-json\/wp\/v2\/media\/166460"}],"wp:attachment":[{"href":"https:\/\/gpl-love.com\/es\/wp-json\/wp\/v2\/media?parent=114640"}],"wp:term":[{"taxonomy":"product_brand","embeddable":true,"href":"https:\/\/gpl-love.com\/es\/wp-json\/wp\/v2\/product_brand?post=114640"},{"taxonomy":"product_cat","embeddable":true,"href":"https:\/\/gpl-love.com\/es\/wp-json\/wp\/v2\/product_cat?post=114640"},{"taxonomy":"product_tag","embeddable":true,"href":"https:\/\/gpl-love.com\/es\/wp-json\/wp\/v2\/product_tag?post=114640"}],"curies":[{"name":"wp","href":"https:\/\/api.w.org\/{rel}","templated":true}]}}