{"id":114638,"date":"2021-06-30T00:00:00","date_gmt":"2021-06-30T05:00:00","guid":{"rendered":"http:\/\/gpl-love.com\/es\/?post_type=product&#038;p=114638"},"modified":"2026-04-10T11:23:38","modified_gmt":"2026-04-10T16:23:38","slug":"sabai-discuss-q-y-a-forum-plugin-para-wordpress","status":"publish","type":"product","link":"https:\/\/gpl-love.com\/es\/producto\/sabai-discuss-q-y-a-forum-plugin-para-wordpress\/","title":{"rendered":"Sabai Discuss Q y A forum plugin para WordPress 1.4.11"},"content":{"rendered":"<h3>Sabai Discuss Q y A forum plugin para WordPress Caracteristicas<\/h3>\n<p>Sabai discutir Q y un complemento de foro para WordPress es una herramienta extremadamente poderosa que ofrece a los propietarios de sitios web un medio notablemente accesible y notablemente eficiente para establecer un foro de discusi\u00f3n en su sitio web. Este complemento permite a los visitantes del sitio web enviar consultas y obtener respuestas del propietario del sitio web u otros miembros de la comunidad, fomentando efectivamente un entorno de participaci\u00f3n activa y intercambio de conocimientos. El complemento en s\u00ed es excepcionalmente f\u00e1cil de usar, con conveniencia con una variedad de opciones personalizables que permiten a los propietarios de sitios web adaptar el foro para cumplir con sus requisitos \u00fanicos e individuales. Adem\u00e1s, vale la pena se\u00f1alar que Sabai discute Q y un complemento de foro responde totalmente a los dispositivos m\u00f3viles, lo que garantiza un acceso perfecto al foro desde cualquier dispositivo en cualquier momento. Adem\u00e1s, est\u00e1 equipado con caracter\u00edsticas esenciales de protecci\u00f3n de spam que garantizan efectivamente la limpieza y relevancia del contenido del foro. En conclusi\u00f3n, est\u00e1 muy claro que Sabai discuten Q y un complemento de foro es un activo verdaderamente invaluable para cualquier sitio web de WordPress que busque cultivar un sentido de participaci\u00f3n comunitaria y establecer un espacio dedicado al intercambio de ideas y conocimientos.<\/p>\n<ul>\n<li>Complemento de foro de preguntas y respuestas f\u00e1ciles de usar para sitios web de WordPress<\/li>\n<li>Permite a los visitantes del sitio web hacer preguntas y obtener respuestas de otros usuarios o administradores del sitio web.<\/li>\n<li>Se integra con WordPress sin problemas, sin necesidad de codificaci\u00f3n ni conocimiento t\u00e9cnico<\/li>\n<li>Totalmente personalizable para que coincida con la apariencia de su sitio web<\/li>\n<li>Incluye caracter\u00edsticas como herramientas de moderaci\u00f3n, notificaciones por correo electr\u00f3nico y sistema de reputaci\u00f3n de usuario<\/li>\n<li>Admite m\u00faltiples idiomas y est\u00e1 listo para la traducci\u00f3n<\/li>\n<li>Proporciona an\u00e1lisis detallados para rastrear la participaci\u00f3n del usuario y la actividad del foro<\/li>\n<li>Actualizado y mantenido regularmente para garantizar la compatibilidad con la \u00faltima versi\u00f3n de WordPress<\/li>\n<li>Ofrece una excelente atenci\u00f3n al cliente y documentaci\u00f3n para la resoluci\u00f3n de problemas y las preguntas frecuentes.<\/li>\n<li>Planes de precios flexibles para adaptarse a empresas de todos los tama\u00f1os y necesidades.<\/li>\n<\/ul>\n","protected":false},"excerpt":{"rendered":"<p>Sabai discutir Q y un complemento de foro para WordPress es una herramienta excepcional que atiende las necesidades de las personas que buscan aumentar su sitio web de WordPress con un foro integral y f\u00e1cil de usar. Al incorporar este complemento, los usuarios est\u00e1n facultados para fabricar foros de preguntas y respuestas hechas a medida para los visitantes de su sitio web, facilitando el proceso de env\u00edo y respuesta a consultas dentro del dominio del sitio web. Adem\u00e1s, Sabai discuse cuenta con una variedad de caracter\u00edsticas adicionales, incluidas las funcionalidades de votaci\u00f3n y comentarios, promoviendo as\u00ed el compromiso activo y significativo entre los visitantes, fomentando un clima propicio para la provisi\u00f3n de comentarios constructivos. Adem\u00e1s, este complemento es totalmente receptivo, lo que hace que su apariencia sea visualmente atractiva en todos los dispositivos. Si est\u00e1 en busca de un complemento de foro formidable de preguntas y respuestas para fortalecer su sitio web de WordPress, Sabai Discuss surge como una opci\u00f3n ejemplar.<\/p>\n","protected":false},"featured_media":167390,"comment_status":"open","ping_status":"open","template":"","meta":[],"product_brand":[2339],"product_cat":[1214,1206,1211],"product_tag":[1256],"class_list":{"0":"post-114638","1":"product","2":"type-product","3":"status-publish","4":"has-post-thumbnail","6":"product_brand-codecanyon","7":"product_cat-personalizacion","8":"product_cat-plugins","9":"product_cat-wordpress-plugins","10":"product_tag-codecanyon","11":"member-discount","12":"discount-restricted","14":"first","15":"instock","16":"sale","17":"downloadable","18":"virtual","19":"sold-individually","20":"purchasable","21":"product-type-simple"},"_links":{"self":[{"href":"https:\/\/gpl-love.com\/es\/wp-json\/wp\/v2\/product\/114638","targetHints":{"allow":["GET"]}}],"collection":[{"href":"https:\/\/gpl-love.com\/es\/wp-json\/wp\/v2\/product"}],"about":[{"href":"https:\/\/gpl-love.com\/es\/wp-json\/wp\/v2\/types\/product"}],"replies":[{"embeddable":true,"href":"https:\/\/gpl-love.com\/es\/wp-json\/wp\/v2\/comments?post=114638"}],"wp:featuredmedia":[{"embeddable":true,"href":"https:\/\/gpl-love.com\/es\/wp-json\/wp\/v2\/media\/167390"}],"wp:attachment":[{"href":"https:\/\/gpl-love.com\/es\/wp-json\/wp\/v2\/media?parent=114638"}],"wp:term":[{"taxonomy":"product_brand","embeddable":true,"href":"https:\/\/gpl-love.com\/es\/wp-json\/wp\/v2\/product_brand?post=114638"},{"taxonomy":"product_cat","embeddable":true,"href":"https:\/\/gpl-love.com\/es\/wp-json\/wp\/v2\/product_cat?post=114638"},{"taxonomy":"product_tag","embeddable":true,"href":"https:\/\/gpl-love.com\/es\/wp-json\/wp\/v2\/product_tag?post=114638"}],"curies":[{"name":"wp","href":"https:\/\/api.w.org\/{rel}","templated":true}]}}