{"id":114636,"date":"2023-01-12T00:00:00","date_gmt":"2023-01-12T05:00:00","guid":{"rendered":"http:\/\/gpl-love.com\/es\/?post_type=product&#038;p=114636"},"modified":"2026-04-10T11:33:02","modified_gmt":"2026-04-10T16:33:02","slug":"woocommerce-pdf-catalog-pro","status":"publish","type":"product","link":"https:\/\/gpl-love.com\/es\/producto\/woocommerce-pdf-catalog-pro\/","title":{"rendered":"WooCommerce PDF Catalog Pro 2.3.0"},"content":{"rendered":"<h3>WooCommerce PDF Catalog Pro Caracteristicas<\/h3>\n<p>WooCommerce PDF Catalog Pro, un complemento incre\u00edblemente potente y multifac\u00e9tico, permite a las empresas fabricar y personalizar los cat\u00e1logos de PDF sin esfuerzo para sus escaparates virtuales. Armados con este complemento, los usuarios tienen la capacidad de generar cat\u00e1logos r\u00e1pidamente que abarcan detalles intrincados del producto, listados de precios, im\u00e1genes cautivadoras y una variedad de otra informaci\u00f3n vital. Adem\u00e1s, este complemento cuenta con una variedad de funcionalidades avanzadas, incluida la oportunidad de adaptar a las plantillas para adaptarse a las preferencias individuales, diversas opciones de clasificaci\u00f3n y la capacidad de generar numerosos cat\u00e1logos adaptados a clasificaciones de productos \u00fanicas. No hace falta decir que WooCommerce PDF Catalog Pro es una herramienta indispensable para los establecimientos con el objetivo de elevar sus encuentros de compras en l\u00ednea y exhibir su mercanc\u00eda de una manera refinada y visualmente llamativa.<\/p>\n<ul>\n<li>Genera cat\u00e1logos PDF de aspecto profesional de sus productos WooCommerce<\/li>\n<li>Ofrece m\u00faltiples dise\u00f1os y estilos de cat\u00e1logo para elegir<\/li>\n<li>Portada personalizable con logotipo e informaci\u00f3n de la empresa<\/li>\n<li>Le permite especificar categor\u00edas de productos, atributos y etiquetas para incluir en sus cat\u00e1logos<\/li>\n<li>Le permite excluir productos o categor\u00edas espec\u00edficos de sus cat\u00e1logos<\/li>\n<li>Ofrece una actualizaci\u00f3n autom\u00e1tica de sus cat\u00e1logos dependiendo de la disponibilidad y los cambios de precios de su tienda<\/li>\n<li>Genera cat\u00e1logos PDF imprimibles y descargables que se pueden compartir en l\u00ednea o fuera de l\u00ednea<\/li>\n<li>Ofrece protecci\u00f3n con contrase\u00f1a PDF para asegurar sus cat\u00e1logos<\/li>\n<li>Proporciona documentaci\u00f3n detallada y soporte para una f\u00e1cil configuraci\u00f3n y uso<\/li>\n<li>Compatible con temas y complementos populares de WooCommerce.<\/li>\n<\/ul>\n","protected":false},"excerpt":{"rendered":"<p>WooCommerce PDF Cat\u00e1loga Pro ofrece una resoluci\u00f3n definitiva y de abarrotes para generar cat\u00e1logos PDF competentes adaptados para adaptarse a su tienda de WooCommerce. A trav\u00e9s de su interfaz f\u00e1cil de usar, tiene la capacidad de elegir de inmediato y personalizar las categor\u00edas de productos, establecer preferencias de precios y env\u00edos, y sin esfuerzos para que su cat\u00e1logo sea de buen esfuerzo con un esfuerzo m\u00ednimo. Ya sea que su intenci\u00f3n sea elaborar un cat\u00e1logo digital para atender a su estimada clientela o para la utilizaci\u00f3n interna, WooCommerce PDF Cat\u00e1logo Pro est\u00e1 equipado con una extensa variedad de caracter\u00edsticas y funcionalidades indispensables que garantizan triunfo y logros en sus esfuerzos.<\/p>\n","protected":false},"featured_media":168198,"comment_status":"open","ping_status":"open","template":"","meta":[],"product_brand":[2339],"product_cat":[1207,1248,1206],"product_tag":[1256],"class_list":{"0":"post-114636","1":"product","2":"type-product","3":"status-publish","4":"has-post-thumbnail","6":"product_brand-codecanyon","7":"product_cat-comercio-electronico-plugins","8":"product_cat-personalizacion-comercio-electronico-plugins","9":"product_cat-plugins","10":"product_tag-codecanyon","11":"member-discount","12":"discount-restricted","14":"first","15":"instock","16":"sale","17":"downloadable","18":"virtual","19":"sold-individually","20":"purchasable","21":"product-type-simple"},"_links":{"self":[{"href":"https:\/\/gpl-love.com\/es\/wp-json\/wp\/v2\/product\/114636","targetHints":{"allow":["GET"]}}],"collection":[{"href":"https:\/\/gpl-love.com\/es\/wp-json\/wp\/v2\/product"}],"about":[{"href":"https:\/\/gpl-love.com\/es\/wp-json\/wp\/v2\/types\/product"}],"replies":[{"embeddable":true,"href":"https:\/\/gpl-love.com\/es\/wp-json\/wp\/v2\/comments?post=114636"}],"wp:featuredmedia":[{"embeddable":true,"href":"https:\/\/gpl-love.com\/es\/wp-json\/wp\/v2\/media\/168198"}],"wp:attachment":[{"href":"https:\/\/gpl-love.com\/es\/wp-json\/wp\/v2\/media?parent=114636"}],"wp:term":[{"taxonomy":"product_brand","embeddable":true,"href":"https:\/\/gpl-love.com\/es\/wp-json\/wp\/v2\/product_brand?post=114636"},{"taxonomy":"product_cat","embeddable":true,"href":"https:\/\/gpl-love.com\/es\/wp-json\/wp\/v2\/product_cat?post=114636"},{"taxonomy":"product_tag","embeddable":true,"href":"https:\/\/gpl-love.com\/es\/wp-json\/wp\/v2\/product_tag?post=114636"}],"curies":[{"name":"wp","href":"https:\/\/api.w.org\/{rel}","templated":true}]}}