{"id":114632,"date":"2026-02-24T00:00:00","date_gmt":"2026-02-24T05:00:00","guid":{"rendered":"http:\/\/gpl-love.com\/es\/?post_type=product&#038;p=114632"},"modified":"2026-04-10T11:26:55","modified_gmt":"2026-04-10T16:26:55","slug":"superfly-responsive-menu-plugin","status":"publish","type":"product","link":"https:\/\/gpl-love.com\/es\/producto\/superfly-responsive-menu-plugin\/","title":{"rendered":"Superfly Responsive Menu Plugin 5.0.35"},"content":{"rendered":"<h3>Superfly Responsive Menu Plugin Caracteristicas<\/h3>\n<p>El complemento de men\u00fa de respuesta de Superfly es una herramienta incre\u00edblemente robusta y potente que otorga a los propietarios de sitios web la capacidad de fabricar men\u00fas altamente personalizables y visualmente cautivadores para sus respectivos sitios. Este complemento ejemplar ha sido ingeniosamente elaborado para operar sin problemas al un\u00edsono con WordPress, lo que brinda a los usuarios la conveniencia sin esfuerzo de instalarlo y configurarlo en unos pocos minutos. Superfly extiende una extensa gama de deliciosos estilos de men\u00fa y animaciones para que los propietarios de sitios web recojan, abarcando los gustos, el desplegable y los efectos de desvanecimiento, asegurando as\u00ed una experiencia inmersiva e inmersiva para los usuarios. Adem\u00e1s, este complemento est\u00e1 m\u00e1s equipado con una gran cantidad de caracter\u00edsticas avanzadas y de vanguardia, como la facilitaci\u00f3n perfecta de los men\u00fas de varios niveles y la facilitaci\u00f3n de un dise\u00f1o amigable para dispositivos m\u00f3viles, que culminan en su estado como el ep\u00edtome de la excelencia para los sitios web receptivos. En conclusi\u00f3n, no hay duda de que Superfly sigue siendo una opci\u00f3n ejemplar para los propietarios de sitios web que buscan reforzar la destreza de navegaci\u00f3n de su sitio y aumentar la experiencia general del usuario.<\/p>\n<ul>\n<li>Un complemento de men\u00fa f\u00e1cil de usar para su sitio web que responde en todos los dispositivos<\/li>\n<li>Proporciona un dise\u00f1o de men\u00fa elegante y moderno que es personalizable para adaptarse a su marca<\/li>\n<li>Admite men\u00fas de nivel m\u00faltiple con submenus y opciones desplegables<\/li>\n<li>Incluye una funcionalidad de b\u00fasqueda incorporada para que los usuarios encuentren r\u00e1pidamente lo que necesitan<\/li>\n<li>Ofrece una variedad de opciones de animaci\u00f3n para una experiencia de usuario perfecta<\/li>\n<li>Compatible con todos los principales navegadores web<\/li>\n<li>Incluye documentaci\u00f3n detallada y atenci\u00f3n al cliente<\/li>\n<li>Puede integrarse con los sistemas populares de gesti\u00f3n de contenido (CMS) como WordPress y Joomla<\/li>\n<\/ul>\n","protected":false},"excerpt":{"rendered":"<p>El complemento de men\u00fa receptivo de Superfly cuenta con una inmensa versatilidad, lo que permite a los usuarios fabricar men\u00fas visualmente cautivadores y notablemente receptivos para sus sitios web. Este complemento presenta una multitud de alternativas de dise\u00f1o personalizables y facilita la integraci\u00f3n perfecta con los sistemas de gesti\u00f3n de contenido prevalentes, lo que le convierte en una resoluci\u00f3n impecable para cualquier propietario del sitio web que aspira a aumentar su experiencia de usuario y refinar la navegaci\u00f3n del sitio. Ya sea que la intenci\u00f3n es construir un men\u00fa elegante y contempor\u00e1neo o un men\u00fa desplegable convencional, el complemento de men\u00fa receptivo de Superfly emerge como la m\u00e1xima panacea.<\/p>\n","protected":false},"featured_media":167662,"comment_status":"open","ping_status":"open","template":"","meta":[],"product_brand":[2339],"product_cat":[1214,1206,1211],"product_tag":[1256],"class_list":{"0":"post-114632","1":"product","2":"type-product","3":"status-publish","4":"has-post-thumbnail","6":"product_brand-codecanyon","7":"product_cat-personalizacion","8":"product_cat-plugins","9":"product_cat-wordpress-plugins","10":"product_tag-codecanyon","11":"member-discount","12":"discount-restricted","14":"first","15":"instock","16":"sale","17":"downloadable","18":"virtual","19":"sold-individually","20":"purchasable","21":"product-type-simple"},"_links":{"self":[{"href":"https:\/\/gpl-love.com\/es\/wp-json\/wp\/v2\/product\/114632","targetHints":{"allow":["GET"]}}],"collection":[{"href":"https:\/\/gpl-love.com\/es\/wp-json\/wp\/v2\/product"}],"about":[{"href":"https:\/\/gpl-love.com\/es\/wp-json\/wp\/v2\/types\/product"}],"replies":[{"embeddable":true,"href":"https:\/\/gpl-love.com\/es\/wp-json\/wp\/v2\/comments?post=114632"}],"wp:featuredmedia":[{"embeddable":true,"href":"https:\/\/gpl-love.com\/es\/wp-json\/wp\/v2\/media\/167662"}],"wp:attachment":[{"href":"https:\/\/gpl-love.com\/es\/wp-json\/wp\/v2\/media?parent=114632"}],"wp:term":[{"taxonomy":"product_brand","embeddable":true,"href":"https:\/\/gpl-love.com\/es\/wp-json\/wp\/v2\/product_brand?post=114632"},{"taxonomy":"product_cat","embeddable":true,"href":"https:\/\/gpl-love.com\/es\/wp-json\/wp\/v2\/product_cat?post=114632"},{"taxonomy":"product_tag","embeddable":true,"href":"https:\/\/gpl-love.com\/es\/wp-json\/wp\/v2\/product_tag?post=114632"}],"curies":[{"name":"wp","href":"https:\/\/api.w.org\/{rel}","templated":true}]}}