{"id":114630,"date":"2026-01-04T00:00:00","date_gmt":"2026-01-04T05:00:00","guid":{"rendered":"http:\/\/gpl-love.com\/es\/?post_type=product&#038;p=114630"},"modified":"2026-04-10T11:28:50","modified_gmt":"2026-04-10T16:28:50","slug":"tokoo-electronics-store-woocommerce-theme","status":"publish","type":"product","link":"https:\/\/gpl-love.com\/es\/producto\/tokoo-electronics-store-woocommerce-theme\/","title":{"rendered":"Tokoo Electronics Store WooCommerce Theme 1.2.1"},"content":{"rendered":"<h3>Tokoo Electronics Store WooCommerce Theme Caracteristicas<\/h3>\n<p>El tema de WooCommerce de la tienda Tokoo Electronics, que se adapta espec\u00edficamente a las tiendas de electr\u00f3nica en l\u00ednea, cuenta con un dise\u00f1o altamente receptivo y personalizable. A la luz de esto, otorga a su sitio web una est\u00e9tica moderna y profesional, facilitando as\u00ed la facilidad de navegaci\u00f3n para los clientes y asegurando que localen sin esfuerzo los productos deseados. Adem\u00e1s, el tema est\u00e1 amueblado con un tablero robusto que le brinda la capacidad sin precedentes para personalizar cada faceta de su tienda en l\u00ednea, desde fuentes y colores hasta dise\u00f1o y dise\u00f1o. Adem\u00e1s, abarca p\u00e1ginas de demostraci\u00f3n preconstruidas que se pueden importar y adaptarse f\u00e1cilmente para satisfacer sus requisitos espec\u00edficos. En particular, la instalaci\u00f3n y utilizaci\u00f3n del tema de WooCommerce de Tokoo Electronics son notablemente f\u00e1ciles de usar, mientras que su optimizaci\u00f3n para la velocidad y el SEO garantizan una presencia en l\u00ednea incomparable. En consecuencia, al aprovechar este tema, est\u00e1 facultado para actualizar una tienda de electr\u00f3nica en l\u00ednea profesional y pr\u00f3spera que se distingue notablemente en medio de una dura competencia.<\/p>\n<ul>\n<li>Un tema de comercio electr\u00f3nico profesional y elegante para su tienda electr\u00f3nica<\/li>\n<li>P\u00e1gina de inicio totalmente personalizable con m\u00faltiples opciones de dise\u00f1o<\/li>\n<li>F\u00e1cil integraci\u00f3n con WooCommerce para una experiencia de compra en l\u00ednea sin problemas<\/li>\n<li>Dise\u00f1ado con la experiencia del usuario en mente para mejorar la retenci\u00f3n de clientes<\/li>\n<li>M\u00faltiples p\u00e1ginas preconstruidas que incluyen p\u00e1ginas sobre, contactar y blog<\/li>\n<li>Compatible con complementos populares de WordPress para una funcionalidad adicional<\/li>\n<li>Optimizado para la velocidad y el rendimiento para reducir los tiempos de carga de la p\u00e1gina y aumentar las conversiones<\/li>\n<li>Viene con c\u00f3digos cortos incorporados para facilitar el formato de p\u00e1gina y publicaci\u00f3n<\/li>\n<li>Ideal para empresas electr\u00f3nicas peque\u00f1as y grandes con opciones personalizables para categor\u00edas de productos y dise\u00f1o de la tienda.<\/li>\n<\/ul>\n","protected":false},"excerpt":{"rendered":"<p>El tema de WooCommerce de la tienda Tokoo Electronics, una soluci\u00f3n ideal para cualquier emporio virtual especializado en bienes electr\u00f3nicos, tiene una variedad de atributos excepcionales que lo convierten en una herramienta indispensable para elaborar un sitio web visualmente cautivador y f\u00e1cil de usar. Con su dise\u00f1o de vanguardia, dise\u00f1o altamente personalizable y una variedad de caracter\u00edsticas ventajosas meticulosamente adaptadas para mejorar su empresa de comercio electr\u00f3nico, el tema de WooCommerce de Tokoo Electronics demuestra ser el ep\u00edtome del \u00e9xito en el \u00e1mbito de los negocios en l\u00ednea. Independientemente de si usted es un ne\u00f3fito en la industria o un comerciante estimado que anhela rejuvenecer su presencia virtual, tenga la seguridad de que el tema de WooCommerce de Tokoo Electronics acomodar\u00e1 ampliamente todas sus necesidades. Por lo tanto, no hay necesidad de retrasar m\u00e1s, \u00a1ahora es el momento de embarcarse en este viaje transformador! \u00a1Aproveche la oportunidad y se embarque en el esfuerzo que elevar\u00e1 su tienda en l\u00ednea a alturas sin precedentes!<\/p>\n","protected":false},"featured_media":167830,"comment_status":"open","ping_status":"open","template":"","meta":[],"product_brand":[2337],"product_cat":[1263,1264,1237],"product_tag":[1391],"class_list":{"0":"post-114630","1":"product","2":"type-product","3":"status-publish","4":"has-post-thumbnail","6":"product_brand-themeforest","7":"product_cat-comercio-electronico-temas","8":"product_cat-negocio","9":"product_cat-temas","10":"product_tag-themeforest","11":"member-discount","12":"discount-restricted","14":"first","15":"instock","16":"sale","17":"downloadable","18":"virtual","19":"sold-individually","20":"purchasable","21":"product-type-simple"},"_links":{"self":[{"href":"https:\/\/gpl-love.com\/es\/wp-json\/wp\/v2\/product\/114630","targetHints":{"allow":["GET"]}}],"collection":[{"href":"https:\/\/gpl-love.com\/es\/wp-json\/wp\/v2\/product"}],"about":[{"href":"https:\/\/gpl-love.com\/es\/wp-json\/wp\/v2\/types\/product"}],"replies":[{"embeddable":true,"href":"https:\/\/gpl-love.com\/es\/wp-json\/wp\/v2\/comments?post=114630"}],"wp:featuredmedia":[{"embeddable":true,"href":"https:\/\/gpl-love.com\/es\/wp-json\/wp\/v2\/media\/167830"}],"wp:attachment":[{"href":"https:\/\/gpl-love.com\/es\/wp-json\/wp\/v2\/media?parent=114630"}],"wp:term":[{"taxonomy":"product_brand","embeddable":true,"href":"https:\/\/gpl-love.com\/es\/wp-json\/wp\/v2\/product_brand?post=114630"},{"taxonomy":"product_cat","embeddable":true,"href":"https:\/\/gpl-love.com\/es\/wp-json\/wp\/v2\/product_cat?post=114630"},{"taxonomy":"product_tag","embeddable":true,"href":"https:\/\/gpl-love.com\/es\/wp-json\/wp\/v2\/product_tag?post=114630"}],"curies":[{"name":"wp","href":"https:\/\/api.w.org\/{rel}","templated":true}]}}