{"id":114616,"date":"2022-08-18T00:00:00","date_gmt":"2022-08-18T05:00:00","guid":{"rendered":"http:\/\/gpl-love.com\/es\/?post_type=product&#038;p=114616"},"modified":"2026-03-09T08:25:52","modified_gmt":"2026-03-09T13:25:52","slug":"woocommerce-store-exporter-deluxe","status":"publish","type":"product","link":"https:\/\/gpl-love.com\/es\/producto\/woocommerce-store-exporter-deluxe\/","title":{"rendered":"WooCommerce Store Exporter Deluxe 5.3.1"},"content":{"rendered":"<h3>WooCommerce Store Exporter Deluxe Caracteristicas<\/h3>\n<p>WooCommerce Store Exporter Deluxe, una herramienta altamente efectiva y eficiente, presenta a los propietarios de tiendas en l\u00ednea la oportunidad perfecta de extraer datos sin esfuerzo de su tienda WooCommerce. Esta notable herramienta permite a los usuarios exportar convenientemente una amplia gama de tipos de datos, incluidos, entre otros, pedidos, clientes, productos y mucho m\u00e1s. Tambi\u00e9n ofrece una variedad de formatos vers\u00e1tiles, como CSV, XML y Excel, asegurando una flexibilidad y compatibilidad \u00f3ptimas. Este complemento invaluable es particularmente ventajoso para los propietarios de tiendas que buscan migrar su tienda o transferir datos vitales a otra plataforma. Adem\u00e1s, las empresas que requieren un an\u00e1lisis en profundidad de los datos de su tienda encontrar\u00e1n que este complemento es un activo indispensable. En particular, el complemento muestra numerosas caracter\u00edsticas avanzadas, que incluyen soporte integral de campo personalizado, la conveniencia de las exportaciones programadas y la capacidad de extraer datos sin problemas de los rangos de fecha designados. Es innegable que con WooCommerce Store Exporter Deluxe, el proceso de exportaci\u00f3n de datos se ha vuelto notablemente simplificado y accesible, revolucionando la forma en que los propietarios de tiendas en l\u00ednea se involucran con sus datos.<\/p>\n<ul>\n<li>Exportar cualquier tipo de datos de su tienda WooCommerce con facilidad<\/li>\n<li>Elija entre una variedad de formatos de exportaci\u00f3n que incluyen CSV, Excel y XML<\/li>\n<li>Personalice sus datos de exportaci\u00f3n, incluidos campos de datos de productos espec\u00edficos o campos de datos del cliente.<\/li>\n<li>Programe exportaciones autom\u00e1ticas para actualizaciones o copias de seguridad regulares<\/li>\n<li>Soporte para exportar meta datos personalizados para la personalizaci\u00f3n avanzada<\/li>\n<li>Manejar f\u00e1cilmente las grandes exportaciones de datos con fragmentos inteligentes y gesti\u00f3n de memoria<\/li>\n<li>Control de salida de exportaci\u00f3n con opciones de filtrado avanzado para fechas de productos, categor\u00edas y m\u00e1s<\/li>\n<li>Integrado con otras extensiones populares de WooCommerce para una exportaci\u00f3n y gesti\u00f3n de datos sin problemas<\/li>\n<li>Actualizaciones gratuitas y soporte para la vida del producto.<\/li>\n<\/ul>\n","protected":false},"excerpt":{"rendered":"<p>WooCommerce Store Exporter Deluxe, un complemento incre\u00edblemente robusto, ofrece a los usuarios la capacidad de exportar sin esfuerzo sus datos de almacenamiento de WooCommerce a varios formatos de archivo, como CSV, XLS, XML y JSON. Este complemento excepcional no solo permite la creaci\u00f3n de plantillas de exportaci\u00f3n personalizadas, sino que tambi\u00e9n permite la programaci\u00f3n de exportaciones autom\u00e1ticas, en consecuencia, racionalizar los procesos y reducir la cantidad de tiempo y esfuerzo requeridos. Ya sea que se encuentre con la exportaci\u00f3n de la informaci\u00f3n del producto, los datos del cliente u detalles del pedido, no busque m\u00e1s que el exportador del exportador de la tienda WooCommerce, ya que garantiza una cobertura integral a este respecto. Adem\u00e1s, este complemento cuenta con una interfaz de dise\u00f1o intuitivo e incorpora opciones avanzadas, lo que lo hace f\u00e1cil de usar tanto para desarrolladores experimentados como para novatos.<\/p>\n","protected":false},"featured_media":168282,"comment_status":"open","ping_status":"open","template":"","meta":[],"product_brand":[2605],"product_cat":[1208,1207,1206],"product_tag":[2157],"class_list":{"0":"post-114616","1":"product","2":"type-product","3":"status-publish","4":"has-post-thumbnail","6":"product_brand-visser-labs","7":"product_cat-administracion","8":"product_cat-comercio-electronico-plugins","9":"product_cat-plugins","10":"product_tag-visser-labs","11":"member-discount","12":"discount-restricted","14":"first","15":"instock","16":"sale","17":"downloadable","18":"virtual","19":"sold-individually","20":"purchasable","21":"product-type-simple"},"_links":{"self":[{"href":"https:\/\/gpl-love.com\/es\/wp-json\/wp\/v2\/product\/114616","targetHints":{"allow":["GET"]}}],"collection":[{"href":"https:\/\/gpl-love.com\/es\/wp-json\/wp\/v2\/product"}],"about":[{"href":"https:\/\/gpl-love.com\/es\/wp-json\/wp\/v2\/types\/product"}],"replies":[{"embeddable":true,"href":"https:\/\/gpl-love.com\/es\/wp-json\/wp\/v2\/comments?post=114616"}],"wp:featuredmedia":[{"embeddable":true,"href":"https:\/\/gpl-love.com\/es\/wp-json\/wp\/v2\/media\/168282"}],"wp:attachment":[{"href":"https:\/\/gpl-love.com\/es\/wp-json\/wp\/v2\/media?parent=114616"}],"wp:term":[{"taxonomy":"product_brand","embeddable":true,"href":"https:\/\/gpl-love.com\/es\/wp-json\/wp\/v2\/product_brand?post=114616"},{"taxonomy":"product_cat","embeddable":true,"href":"https:\/\/gpl-love.com\/es\/wp-json\/wp\/v2\/product_cat?post=114616"},{"taxonomy":"product_tag","embeddable":true,"href":"https:\/\/gpl-love.com\/es\/wp-json\/wp\/v2\/product_tag?post=114616"}],"curies":[{"name":"wp","href":"https:\/\/api.w.org\/{rel}","templated":true}]}}