{"id":114614,"date":"2026-03-04T00:00:00","date_gmt":"2026-03-04T05:00:00","guid":{"rendered":"http:\/\/gpl-love.com\/es\/?post_type=product&#038;p=114614"},"modified":"2026-04-06T17:16:12","modified_gmt":"2026-04-06T22:16:12","slug":"woocommerce-ups-shipping-method","status":"publish","type":"product","link":"https:\/\/gpl-love.com\/es\/producto\/woocommerce-ups-shipping-method\/","title":{"rendered":"WooCommerce UPS Shipping Method 3.9.6"},"content":{"rendered":"<h3>WooCommerce UPS Shipping Method Caracteristicas<\/h3>\n<p>El m\u00e9todo de env\u00edo de WooCommerce UPS, un complemento altamente eficiente, ofrece una integraci\u00f3n impecable entre su tienda WooCommerce y el servicio de env\u00edo de UPS, asegurando una experiencia de usuario perfecta. Esta notable herramienta le permite calcular las tarifas de env\u00edo sin esfuerzo, generar etiquetas y monitorear efectivamente los env\u00edos, todos dentro de los l\u00edmites de su tienda en l\u00ednea. Con una funcionalidad de vanguardia, como las tarifas de env\u00edo en tiempo real, la impresi\u00f3n de etiquetas sin esfuerzo y el seguimiento integral de los paquetes, esta herramienta invaluable facilita un proceso de env\u00edo r\u00e1pido y eficiente, mejorando en \u00faltima instancia el viaje general del cliente. Sin lugar a dudas, el m\u00e9todo de env\u00edo de WooCommerce UPS es un activo indispensable para cualquier minorista en l\u00ednea que busque optimizar sus operaciones de env\u00edo y proporcionar a su estimada clientela opciones de env\u00edo incomparables.<\/p>\n<ul>\n<li>Integra las opciones de env\u00edo de UPS sin problemas en WooCommerce<\/li>\n<li>Muestra tarifas de env\u00edo en vivo directamente desde UPS<\/li>\n<li>Admite m\u00faltiples m\u00e9todos de env\u00edo de UPS (tierra, aire, internacional)<\/li>\n<li>Permite opciones de embalaje personalizadas y ajustes de peso<\/li>\n<li>Genera autom\u00e1ticamente las etiquetas de env\u00edo de UPS y los n\u00fameros de seguimiento<\/li>\n<li>Proporciona notificaciones de env\u00edo en tiempo real a los clientes<\/li>\n<li>Admite el punto de acceso de UPS \u00abHaga clic y recopila\u00bb para obtener una conveniente recolecci\u00f3n de paquetes<\/li>\n<li>Agilizar el proceso de env\u00edo, ahorrar tiempo y reducir los errores<\/li>\n<li>Aumenta la satisfacci\u00f3n del cliente con opciones de env\u00edo confiables y eficientes<\/li>\n<li>Actualizado regularmente con nuevas funciones y correcciones de errores por el desarrollador del complemento.<\/li>\n<\/ul>\n","protected":false},"excerpt":{"rendered":"<p>El m\u00e9todo de env\u00edo de WooCommerce UPS es un complemento robusto que se integra sin esfuerzo con su tienda en l\u00ednea, ofreciendo tarifas de env\u00edo precisas y confiables en tiempo real. Esta herramienta f\u00e1cil de usar le permite adaptar las preferencias de env\u00edo, determinar con precisi\u00f3n las tarifas de acuerdo con el peso y el destino, extender el env\u00edo complementario para productos u pedidos espec\u00edficos, y una multitud de otras funcionalidades avanzadas. Adem\u00e1s, se integra perfectamente con el seguimiento de UPS, asegurando que los clientes reciban actualizaciones de estado oportunas y actualizadas sobre sus env\u00edos. Eleve su proceso de env\u00edo hoy adoptando las notables capacidades del m\u00e9todo de env\u00edo de WooCommerce UPS.<\/p>\n","protected":false},"featured_media":168296,"comment_status":"open","ping_status":"open","template":"","meta":[],"product_brand":[2344],"product_cat":[1207,1248,1206],"product_tag":[1423],"class_list":{"0":"post-114614","1":"product","2":"type-product","3":"status-publish","4":"has-post-thumbnail","6":"product_brand-woocommerce","7":"product_cat-comercio-electronico-plugins","8":"product_cat-personalizacion-comercio-electronico-plugins","9":"product_cat-plugins","10":"product_tag-woocommerce","11":"member-discount","12":"discount-restricted","14":"first","15":"instock","16":"sale","17":"downloadable","18":"virtual","19":"sold-individually","20":"purchasable","21":"product-type-simple"},"_links":{"self":[{"href":"https:\/\/gpl-love.com\/es\/wp-json\/wp\/v2\/product\/114614","targetHints":{"allow":["GET"]}}],"collection":[{"href":"https:\/\/gpl-love.com\/es\/wp-json\/wp\/v2\/product"}],"about":[{"href":"https:\/\/gpl-love.com\/es\/wp-json\/wp\/v2\/types\/product"}],"replies":[{"embeddable":true,"href":"https:\/\/gpl-love.com\/es\/wp-json\/wp\/v2\/comments?post=114614"}],"wp:featuredmedia":[{"embeddable":true,"href":"https:\/\/gpl-love.com\/es\/wp-json\/wp\/v2\/media\/168296"}],"wp:attachment":[{"href":"https:\/\/gpl-love.com\/es\/wp-json\/wp\/v2\/media?parent=114614"}],"wp:term":[{"taxonomy":"product_brand","embeddable":true,"href":"https:\/\/gpl-love.com\/es\/wp-json\/wp\/v2\/product_brand?post=114614"},{"taxonomy":"product_cat","embeddable":true,"href":"https:\/\/gpl-love.com\/es\/wp-json\/wp\/v2\/product_cat?post=114614"},{"taxonomy":"product_tag","embeddable":true,"href":"https:\/\/gpl-love.com\/es\/wp-json\/wp\/v2\/product_tag?post=114614"}],"curies":[{"name":"wp","href":"https:\/\/api.w.org\/{rel}","templated":true}]}}