{"id":114612,"date":"2021-07-03T00:00:00","date_gmt":"2021-07-03T05:00:00","guid":{"rendered":"http:\/\/gpl-love.com\/es\/?post_type=product&#038;p=114612"},"modified":"2026-03-13T17:18:10","modified_gmt":"2026-03-13T22:18:10","slug":"croma-music-wordpress-theme","status":"publish","type":"product","link":"https:\/\/gpl-love.com\/es\/producto\/croma-music-wordpress-theme\/","title":{"rendered":"Croma Music WordPress Theme 3.5.9"},"content":{"rendered":"<h3>Croma Music WordPress Theme Caracteristicas<\/h3>\n<p>Dise\u00f1ado espec\u00edficamente para m\u00fasicos y sitios web relacionados con la m\u00fasica, el tema de Croma Music WordPress exuda una sensaci\u00f3n de elegancia y modernidad. Ofreciendo una impresionante variedad de opciones de personalizaci\u00f3n, este notable tema le permite establecer una presencia en l\u00ednea distintiva y cautivadora que encarna aut\u00e9nticamente su marca. Como testimonio de su versatilidad, este tema es totalmente receptivo, asegurando una apariencia impecable en cualquier dispositivo digital. Adem\u00e1s, cuenta con una multitud de caracter\u00edsticas impresionantes que incluyen una integraci\u00f3n de reproductor de audio sin costuras, una variedad de widgets personalizados y un constructor de p\u00e1ginas de arrastrar y soltar intuitivamente, todos los cuales contribuyen a la gesti\u00f3n de sitios web sin esfuerzo y eficiente. En \u00faltima instancia, el tema de WordPress de Croma Music es una elecci\u00f3n excepcional para los m\u00fasicos que buscan cultivar una personalidad en l\u00ednea sofisticada y pulida.<\/p>\n<ul>\n<li>Dise\u00f1o profesional y moderno perfecto para artistas musicales, bandas y sitios web relacionados con la m\u00fasica<\/li>\n<li>Dise\u00f1o totalmente receptivo y amigable para m\u00f3viles para una visualizaci\u00f3n \u00f3ptima en todos los dispositivos<\/li>\n<li>P\u00e1gina de inicio personalizable con varias secciones para mostrar su contenido y eventos<\/li>\n<li>Reproductor de m\u00fasica incorporado con soporte para m\u00faltiples listas de reproducci\u00f3n y canciones<\/li>\n<li>Constructor de p\u00e1gina f\u00e1cil de usar con funcionalidad de arrastrar y soltar para crear p\u00e1ginas personalizadas \u00fanicas<\/li>\n<li>Integraci\u00f3n con complementos populares de terceros como WooCommerce, Contact Form 7 y MailChimp<\/li>\n<li>Estilos de encabezado y pie de p\u00e1gina opcionales para elegir, incluida una opci\u00f3n de encabezado pegajoso para una f\u00e1cil navegaci\u00f3n<\/li>\n<li>M\u00faltiples esquemas de color para elegir para que coincidan con su marca y estilo<\/li>\n<li>Atenci\u00f3n al cliente y documentaci\u00f3n disponible para ayudar con cualquier pregunta o problema.<\/li>\n<\/ul>\n","protected":false},"excerpt":{"rendered":"<p>Experimente el poder y la versatilidad de nuestro tema de Croma Music WordPress, especialmente dise\u00f1ado para m\u00fasicos, bandas y productores de m\u00fasica. Con este tema receptivo y f\u00e1cil de usar, puede mostrar su talento musical de una manera altamente sofisticada. Cuenta con una multitud de caracter\u00edsticas que incluyen un reproductor de m\u00fasica interactivo, un sistema de gesti\u00f3n de eventos y gesti\u00f3n de discograf\u00eda.<\/p>\n<p>El tema de Croma Music WordPress le permite crear impresionantes presentaciones de \u00e1lbumes, asegurando que su m\u00fasica reciba la atenci\u00f3n que merece. El reproductor de m\u00fasica incorporado promete una experiencia de audio perfecta para los visitantes de su sitio. Adem\u00e1s, el sistema de gesti\u00f3n de eventos simplifica el proceso de exhibici\u00f3n y administraci\u00f3n de sus pr\u00f3ximos conciertos o conciertos, lo que facilita que sus fan\u00e1ticos se mantengan informados.<\/p>\n<p>El tema tambi\u00e9n incluye una funci\u00f3n integral de gesti\u00f3n de discograf\u00eda, perfecta para m\u00fasicos con una vasta colecci\u00f3n de pistas. Esta caracter\u00edstica le permite organizar y mostrar su trabajo de manera atractiva.<\/p>\n<p>Sin mencionar que el tema es totalmente receptivo, asegurando que su sitio web de m\u00fasica se vea incre\u00edble en todos los dispositivos. Tambi\u00e9n incluye complementos premium, que proporcionan mejoras<\/p>\n","protected":false},"featured_media":165680,"comment_status":"open","ping_status":"open","template":"","meta":[],"product_brand":[2337],"product_cat":[1267,1237,1238],"product_tag":[1391],"class_list":{"0":"post-114612","1":"product","2":"type-product","3":"status-publish","4":"has-post-thumbnail","6":"product_brand-themeforest","7":"product_cat-creativo","8":"product_cat-temas","9":"product_cat-wordpress-temas","10":"product_tag-themeforest","11":"member-discount","12":"discount-restricted","14":"first","15":"instock","16":"sale","17":"downloadable","18":"virtual","19":"sold-individually","20":"purchasable","21":"product-type-simple"},"_links":{"self":[{"href":"https:\/\/gpl-love.com\/es\/wp-json\/wp\/v2\/product\/114612","targetHints":{"allow":["GET"]}}],"collection":[{"href":"https:\/\/gpl-love.com\/es\/wp-json\/wp\/v2\/product"}],"about":[{"href":"https:\/\/gpl-love.com\/es\/wp-json\/wp\/v2\/types\/product"}],"replies":[{"embeddable":true,"href":"https:\/\/gpl-love.com\/es\/wp-json\/wp\/v2\/comments?post=114612"}],"wp:featuredmedia":[{"embeddable":true,"href":"https:\/\/gpl-love.com\/es\/wp-json\/wp\/v2\/media\/165680"}],"wp:attachment":[{"href":"https:\/\/gpl-love.com\/es\/wp-json\/wp\/v2\/media?parent=114612"}],"wp:term":[{"taxonomy":"product_brand","embeddable":true,"href":"https:\/\/gpl-love.com\/es\/wp-json\/wp\/v2\/product_brand?post=114612"},{"taxonomy":"product_cat","embeddable":true,"href":"https:\/\/gpl-love.com\/es\/wp-json\/wp\/v2\/product_cat?post=114612"},{"taxonomy":"product_tag","embeddable":true,"href":"https:\/\/gpl-love.com\/es\/wp-json\/wp\/v2\/product_tag?post=114612"}],"curies":[{"name":"wp","href":"https:\/\/api.w.org\/{rel}","templated":true}]}}