{"id":114608,"date":"2024-11-29T00:00:00","date_gmt":"2024-11-29T05:00:00","guid":{"rendered":"http:\/\/gpl-love.com\/es\/?post_type=product&#038;p=114608"},"modified":"2026-03-09T07:48:59","modified_gmt":"2026-03-09T12:48:59","slug":"materil-wordpress-material-design-admin-theme","status":"publish","type":"product","link":"https:\/\/gpl-love.com\/es\/producto\/materil-wordpress-material-design-admin-theme\/","title":{"rendered":"Materil WordPress Material Design Admin Theme 3.2"},"content":{"rendered":"<h3>Materil WordPress Material Design Admin Theme Caracteristicas<\/h3>\n<p>El tema administrador de dise\u00f1o de material de WordPress de Materil, que ha sido dise\u00f1ado espec\u00edficamente para WordPress, es un tema exquisito y contempor\u00e1neo. Este tema amalgama con precisi\u00f3n los principios de vanguardia del dise\u00f1o de materiales con una funcionalidad robusta, lo que resulta en una experiencia de usuario notablemente simplificada. Debido a su dise\u00f1o inmaculado y navegaci\u00f3n instintiva, los usuarios pueden atravesar sin esfuerzo el tablero y obtener acceso a todas las herramientas y caracter\u00edsticas indispensables. Adem\u00e1s, este tema ofrece un alto grado de personalizaci\u00f3n, lo que permite a los usuarios personalizar el dise\u00f1o de acuerdo con sus requisitos y preferencias individuales. En general, el tema administrador de dise\u00f1o de material de WordPress de Materil se destaca como una elecci\u00f3n excepcional para las personas que buscan un tema de WordPress de vanguardia, sofisticado y excepcionalmente eficiente.<\/p>\n<ul>\n<li>Tema administrador de dise\u00f1o de material de WordPress de alta calidad<\/li>\n<li>Dise\u00f1o limpio y moderno con dise\u00f1o receptivo<\/li>\n<li>F\u00e1cil de personalizar con varias opciones de color y configuraciones de temas<\/li>\n<li>Construido con principios de dise\u00f1o de materiales para una experiencia de usuario consistente e intuitiva<\/li>\n<li>Incluye m\u00faltiples p\u00e1ginas y elementos predise\u00f1ados para un desarrollo m\u00e1s r\u00e1pido.<\/li>\n<li>Compatibilidad con todos los principales navegadores y dispositivos<\/li>\n<li>Actualizaciones regulares y excelente atenci\u00f3n al cliente<\/li>\n<li>Optimizado para un rendimiento m\u00e1s r\u00e1pido y SEO amigable<\/li>\n<li>Caracter\u00edsticas avanzadas como soporte RTL, traducci\u00f3n multiling\u00fce y barras laterales ilimitadas<\/li>\n<li>Adecuado para varios tipos de sitios web y aplicaciones que incluyen comercio electr\u00f3nico, corporativo, cartera y m\u00e1s.<\/li>\n<\/ul>\n","protected":false},"excerpt":{"rendered":"<p>Prep\u00e1rese para el siguiente nivel de mejora de su interfaz administradora de WordPress con entrada: Materil, un tema administrativo extraordinario que encarna la esencia del dise\u00f1o de materiales. A trav\u00e9s de su dise\u00f1o sofisticado y contempor\u00e1neo, la gesti\u00f3n de su backend ser\u00e1 sin esfuerzo sin problemas. La inclusi\u00f3n de la navegaci\u00f3n intuitiva y los widgets adaptables simplifican la tarea de la gesti\u00f3n del sitio y garantiza una organizaci\u00f3n \u00f3ptima. Adem\u00e1s, deleitue el dise\u00f1o inmaculado y receptivo, que se adapta a la perfecci\u00f3n a cualquier dispositivo, al tiempo que disfruta de la abundancia de posibilidades de personalizaci\u00f3n avanzada que lo capacitan para forjar una interfaz de administraci\u00f3n distintiva y personalizada. Emb\u00e1rcate en un viaje transformador y eleva tu experiencia de WordPress adoptando el notable aporte: Materil hoy.<\/p>\n","protected":false},"featured_media":166706,"comment_status":"open","ping_status":"open","template":"","meta":[],"product_brand":[2339],"product_cat":[1214,1206,1211],"product_tag":[1256],"class_list":{"0":"post-114608","1":"product","2":"type-product","3":"status-publish","4":"has-post-thumbnail","6":"product_brand-codecanyon","7":"product_cat-personalizacion","8":"product_cat-plugins","9":"product_cat-wordpress-plugins","10":"product_tag-codecanyon","11":"member-discount","12":"discount-restricted","14":"first","15":"instock","16":"sale","17":"downloadable","18":"virtual","19":"sold-individually","20":"purchasable","21":"product-type-simple"},"_links":{"self":[{"href":"https:\/\/gpl-love.com\/es\/wp-json\/wp\/v2\/product\/114608","targetHints":{"allow":["GET"]}}],"collection":[{"href":"https:\/\/gpl-love.com\/es\/wp-json\/wp\/v2\/product"}],"about":[{"href":"https:\/\/gpl-love.com\/es\/wp-json\/wp\/v2\/types\/product"}],"replies":[{"embeddable":true,"href":"https:\/\/gpl-love.com\/es\/wp-json\/wp\/v2\/comments?post=114608"}],"wp:featuredmedia":[{"embeddable":true,"href":"https:\/\/gpl-love.com\/es\/wp-json\/wp\/v2\/media\/166706"}],"wp:attachment":[{"href":"https:\/\/gpl-love.com\/es\/wp-json\/wp\/v2\/media?parent=114608"}],"wp:term":[{"taxonomy":"product_brand","embeddable":true,"href":"https:\/\/gpl-love.com\/es\/wp-json\/wp\/v2\/product_brand?post=114608"},{"taxonomy":"product_cat","embeddable":true,"href":"https:\/\/gpl-love.com\/es\/wp-json\/wp\/v2\/product_cat?post=114608"},{"taxonomy":"product_tag","embeddable":true,"href":"https:\/\/gpl-love.com\/es\/wp-json\/wp\/v2\/product_tag?post=114608"}],"curies":[{"name":"wp","href":"https:\/\/api.w.org\/{rel}","templated":true}]}}