{"id":114606,"date":"2021-10-31T00:00:00","date_gmt":"2021-10-31T05:00:00","guid":{"rendered":"http:\/\/gpl-love.com\/es\/?post_type=product&#038;p=114606"},"modified":"2026-03-13T17:17:42","modified_gmt":"2026-03-13T22:17:42","slug":"chromium-auto-parts-shop-wordpress-woocommerce-theme","status":"publish","type":"product","link":"https:\/\/gpl-love.com\/es\/producto\/chromium-auto-parts-shop-wordpress-woocommerce-theme\/","title":{"rendered":"Chromium Auto Parts Shop WordPress WooCommerce Theme 1.3.28"},"content":{"rendered":"<h3>Chromium Auto Parts Shop WordPress WooCommerce Theme Caracteristicas<\/h3>\n<p>El tema de WordPress WooCommerce de Chromium Auto Parts es un tema inmensamente potente y multifac\u00e9tico que ha sido meticulosamente elaborado para satisfacer exclusivamente las necesidades de las tiendas de autopartes. Su capacidad de respuesta excepcional garantiza que su sitio web exude excelencia y mantendr\u00e1 su encanto est\u00e9tico independientemente del dispositivo en el que se acceda. Este tema ofrece una amplia gama de opciones de personalizaci\u00f3n, que le brinda la oportunidad de dise\u00f1ar un sitio web que incorpore impecablemente su marca y exhibiera efectivamente sus productos incomparables. Entre su mir\u00edada de atributos ventajosos se encuentran su p\u00e1gina de inicio personalizable, p\u00e1ginas de productos meticulosamente dise\u00f1adas y una funcionalidad de carreras de compras inmensamente conveniente. Al aprovechar el poder del tema de WordPress WooCommerce de Chromium Auto Parts, tiene la capacidad de forjar una presencia en l\u00ednea que sea profesional y altamente eficaz para su estimada empresa de autopartes.<\/p>\n<ul>\n<li>Un tema premium de WordPress WooCommerce dise\u00f1ado espec\u00edficamente para tiendas de autopartes<\/li>\n<li>Dise\u00f1o totalmente receptivo que se ve muy bien en todos los dispositivos<\/li>\n<li>Opciones de personalizaci\u00f3n f\u00e1ciles para que coincidan con la apariencia de su marca<\/li>\n<li>M\u00faltiples opciones de dise\u00f1o de la p\u00e1gina de inicio para elegir<\/li>\n<li>Funcionalidad de b\u00fasqueda de productos y de b\u00fasqueda de productos incorporados<\/li>\n<li>Integraci\u00f3n con pasarelas de pago populares para transacciones en l\u00ednea f\u00e1ciles<\/li>\n<li>Filtros avanzados y opciones de b\u00fasqueda de productos para ayudar a los clientes a encontrar lo que necesitan r\u00e1pidamente<\/li>\n<li>C\u00f3digo amigable para SEO para ayudar a mejorar las clasificaciones de los motores de b\u00fasqueda<\/li>\n<li>Integraci\u00f3n de redes sociales para ayudar a promocionar sus productos en plataformas populares<\/li>\n<li>Excelente soporte al cliente de los desarrolladores de temas.<\/li>\n<\/ul>\n","protected":false},"excerpt":{"rendered":"<p>Presentaci\u00f3n de la tienda de autopartes de Chromium WordPress WooCommerce Tema: una soluci\u00f3n premium para su tienda de autopartes en l\u00ednea. Este tema din\u00e1mico es totalmente compatible con WooCommerce, el popular complemento de comercio electr\u00f3nico de WordPress, asegurando transacciones en l\u00ednea perfectas. Con su dise\u00f1o de atenci\u00f3n, este tema de WordPress seguramente atraer\u00e1 a clientes potenciales, mientras que su interfaz f\u00e1cil de usar mejora las experiencias de compra en l\u00ednea.<\/p>\n<p>Chromium ofrece una gama de caracter\u00edsticas personalizables, lo que le permite adaptar el tema a la est\u00e9tica de su marca. Ya sea que est\u00e9 vendiendo accesorios para autom\u00f3viles, repuestos u otros productos relacionados con el autom\u00f3vil, este tema de WooCommerce est\u00e1 dise\u00f1ado para mostrar su inventario de manera profesional y organizada. Su dise\u00f1o receptivo garantiza que su tienda en l\u00ednea se vea genial en todos los dispositivos, desde escritorio hasta dispositivos m\u00f3viles.<\/p>\n<p>Beneficiarse de la estructura amigable con SEO de Chromium que ayuda a aumentar la visibilidad de su sitio en los motores de b\u00fasqueda, lo que puede conducir m\u00e1s tr\u00e1fico a su tienda. Adem\u00e1s, con su r\u00e1pida velocidad de carga, los clientes pueden navegar y comprar con facilidad, fomentando m\u00e1s ventas.<\/p>\n<p>Invierte en la tienda de autopartes de Chromium WordPress WooCommerce<\/p>\n","protected":false},"featured_media":165621,"comment_status":"open","ping_status":"open","template":"","meta":[],"product_brand":[2337],"product_cat":[1263,1264,1237],"product_tag":[1391],"class_list":{"0":"post-114606","1":"product","2":"type-product","3":"status-publish","4":"has-post-thumbnail","6":"product_brand-themeforest","7":"product_cat-comercio-electronico-temas","8":"product_cat-negocio","9":"product_cat-temas","10":"product_tag-themeforest","11":"member-discount","12":"discount-restricted","14":"first","15":"instock","16":"sale","17":"downloadable","18":"virtual","19":"sold-individually","20":"purchasable","21":"product-type-simple"},"_links":{"self":[{"href":"https:\/\/gpl-love.com\/es\/wp-json\/wp\/v2\/product\/114606","targetHints":{"allow":["GET"]}}],"collection":[{"href":"https:\/\/gpl-love.com\/es\/wp-json\/wp\/v2\/product"}],"about":[{"href":"https:\/\/gpl-love.com\/es\/wp-json\/wp\/v2\/types\/product"}],"replies":[{"embeddable":true,"href":"https:\/\/gpl-love.com\/es\/wp-json\/wp\/v2\/comments?post=114606"}],"wp:featuredmedia":[{"embeddable":true,"href":"https:\/\/gpl-love.com\/es\/wp-json\/wp\/v2\/media\/165621"}],"wp:attachment":[{"href":"https:\/\/gpl-love.com\/es\/wp-json\/wp\/v2\/media?parent=114606"}],"wp:term":[{"taxonomy":"product_brand","embeddable":true,"href":"https:\/\/gpl-love.com\/es\/wp-json\/wp\/v2\/product_brand?post=114606"},{"taxonomy":"product_cat","embeddable":true,"href":"https:\/\/gpl-love.com\/es\/wp-json\/wp\/v2\/product_cat?post=114606"},{"taxonomy":"product_tag","embeddable":true,"href":"https:\/\/gpl-love.com\/es\/wp-json\/wp\/v2\/product_tag?post=114606"}],"curies":[{"name":"wp","href":"https:\/\/api.w.org\/{rel}","templated":true}]}}