{"id":114604,"date":"2021-06-30T00:00:00","date_gmt":"2021-06-30T05:00:00","guid":{"rendered":"http:\/\/gpl-love.com\/es\/?post_type=product&#038;p=114604"},"modified":"2026-03-13T17:15:41","modified_gmt":"2026-03-13T22:15:41","slug":"amymovie-movie-y-cinema-wordpress-theme","status":"publish","type":"product","link":"https:\/\/gpl-love.com\/es\/producto\/amymovie-movie-y-cinema-wordpress-theme\/","title":{"rendered":"AmyMovie Movie y Cinema WordPress Theme 3.5.2"},"content":{"rendered":"<h3>AmyMovie Movie y Cinema WordPress Theme Caracteristicas<\/h3>\n<p>Amymovie es un tema de WordPress que ha sido meticulosamente dise\u00f1ado para satisfacer las necesidades espec\u00edficas de los sitios web de pel\u00edculas y cine. Cuenta con un dise\u00f1o visualmente cautivador y contempor\u00e1neo, que se complementa con su dise\u00f1o f\u00e1cil de usar. Esto lo convierte en la mejor opci\u00f3n para cualquier sitio web que desee exhibir su contenido relacionado con la pel\u00edcula de manera visualmente atractiva. El tema est\u00e1 lleno de una gran cantidad de caracter\u00edsticas impresionantes, como su capacidad de respuesta en diferentes dispositivos, la capacidad de personalizar los dise\u00f1os de acuerdo con las preferencias individuales, una colecci\u00f3n de widgets f\u00e1cilmente accesibles y un panel administrativo robusto que ofrece a los usuarios un control completo sobre cada faceta de su sitio web. Adem\u00e1s, viene equipado con funcionalidades incorporadas para trailers de pel\u00edculas, rese\u00f1as de pel\u00edculas y reserva de boletos, lo que es una opci\u00f3n ideal para las personas que buscan establecer un sitio web de pel\u00edculas integral y rico en funciones. En conclusi\u00f3n, AmyMovie es un tema incre\u00edblemente vers\u00e1til y potente garantizado para facilitar la creaci\u00f3n de una presencia en l\u00ednea profesional y cautivadora para su negocio de cine o cine.<\/p>\n<ul>\n<li>Un dise\u00f1o elegante y moderno que har\u00e1 que su pel\u00edcula o sitio web de cine se destaque de la competencia<\/li>\n<li>Un dise\u00f1o totalmente receptivo que se ver\u00e1 muy bien en cualquier dispositivo o tama\u00f1o de pantalla<\/li>\n<li>M\u00faltiples opciones de p\u00e1gina de inicio y control deslizante para elegir, lo que le permite crear una apariencia \u00fanica para su sitio web<\/li>\n<li>Horarios de pel\u00edculas mensuales y semanales con widgets f\u00e1ciles de usar que le permiten mostrar los \u00faltimos lanzamientos y los tiempos<\/li>\n<li>Funcionalidad de reserva de boletos incorporado, lo que permite a sus clientes comprar boletos directamente desde su sitio web<\/li>\n<li>M\u00faltiples plantillas y dise\u00f1os de p\u00e1ginas para exhibir las rese\u00f1as de su pel\u00edcula, la informaci\u00f3n del cine y m\u00e1s<\/li>\n<li>Opciones personalizables de encabezado y pie de p\u00e1gina, lo que le brinda un control completo sobre la apariencia de su sitio web<\/li>\n<li>Integraci\u00f3n f\u00e1cil con complementos populares de terceros como WooCommerce, por lo que puede vender f\u00e1cilmente mercanc\u00edas o concesiones de pel\u00edculas en l\u00ednea<\/li>\n<li>Atenci\u00f3n al cliente dedicada y documentaci\u00f3n para ayudarlo a aprovechar al m\u00e1ximo su tema de AmyMovie.<\/li>\n<\/ul>\n","protected":false},"excerpt":{"rendered":"<p>Sum\u00e9rgete en el mundo del cine con la pel\u00edcula Amymovie y el tema del cine WordPress. Este tema \u00fanico es perfecto para entusiastas de las pel\u00edculas, cineastas profesionales y aquellos que operan un cine. Con una interfaz f\u00e1cil de usar, tiene la capacidad de mostrar los pr\u00f3ximos lanzamientos de pel\u00edculas, compartir horarios de cine e incluso revisar pel\u00edculas. Este tema de WordPress es totalmente personalizable, lo que le permite personalizar su sitio web para que coincida con su estilo cinematogr\u00e1fico. Adem\u00e1s, su dise\u00f1o receptivo garantiza que su sitio se vea impresionante en cualquier dispositivo. El tema de AmyMovie tambi\u00e9n cuenta con caracter\u00edsticas amigables con SEO para aumentar su presencia en l\u00ednea. Entra en el centro de atenci\u00f3n y comparte tu pasi\u00f3n por las pel\u00edculas con el mundo usando la pel\u00edcula Amymovie y el tema del cine WordPress.<\/p>\n","protected":false},"featured_media":165366,"comment_status":"open","ping_status":"open","template":"","meta":[],"product_brand":[2337],"product_cat":[1267,1237,1238],"product_tag":[1391],"class_list":{"0":"post-114604","1":"product","2":"type-product","3":"status-publish","4":"has-post-thumbnail","6":"product_brand-themeforest","7":"product_cat-creativo","8":"product_cat-temas","9":"product_cat-wordpress-temas","10":"product_tag-themeforest","11":"member-discount","12":"discount-restricted","14":"first","15":"instock","16":"sale","17":"downloadable","18":"virtual","19":"sold-individually","20":"purchasable","21":"product-type-simple"},"_links":{"self":[{"href":"https:\/\/gpl-love.com\/es\/wp-json\/wp\/v2\/product\/114604","targetHints":{"allow":["GET"]}}],"collection":[{"href":"https:\/\/gpl-love.com\/es\/wp-json\/wp\/v2\/product"}],"about":[{"href":"https:\/\/gpl-love.com\/es\/wp-json\/wp\/v2\/types\/product"}],"replies":[{"embeddable":true,"href":"https:\/\/gpl-love.com\/es\/wp-json\/wp\/v2\/comments?post=114604"}],"wp:featuredmedia":[{"embeddable":true,"href":"https:\/\/gpl-love.com\/es\/wp-json\/wp\/v2\/media\/165366"}],"wp:attachment":[{"href":"https:\/\/gpl-love.com\/es\/wp-json\/wp\/v2\/media?parent=114604"}],"wp:term":[{"taxonomy":"product_brand","embeddable":true,"href":"https:\/\/gpl-love.com\/es\/wp-json\/wp\/v2\/product_brand?post=114604"},{"taxonomy":"product_cat","embeddable":true,"href":"https:\/\/gpl-love.com\/es\/wp-json\/wp\/v2\/product_cat?post=114604"},{"taxonomy":"product_tag","embeddable":true,"href":"https:\/\/gpl-love.com\/es\/wp-json\/wp\/v2\/product_tag?post=114604"}],"curies":[{"name":"wp","href":"https:\/\/api.w.org\/{rel}","templated":true}]}}