{"id":114602,"date":"2025-07-07T00:00:00","date_gmt":"2025-07-07T05:00:00","guid":{"rendered":"http:\/\/gpl-love.com\/es\/?post_type=product&#038;p=114602"},"modified":"2026-04-10T11:23:47","modified_gmt":"2026-04-10T16:23:47","slug":"schema-premium-structured-data-para-wordpress-plugin","status":"publish","type":"product","link":"https:\/\/gpl-love.com\/es\/producto\/schema-premium-structured-data-para-wordpress-plugin\/","title":{"rendered":"Schema Premium Structured Data para WordPress Plugin 1.2.7.3"},"content":{"rendered":"<h3>Schema Premium Structured Data para WordPress Plugin Caracteristicas<\/h3>\n<p>Los datos estructurados de esquema premium para el complemento de WordPress se presentan como una herramienta influyente y potente, que sirve para ayudar a los propietarios de sitios web en sus esfuerzos a elevar la optimizaci\u00f3n del motor de b\u00fasqueda de sus respectivos sitios web mediante su provisi\u00f3n de datos de datos estructurados avanzados. Este complemento en particular otorga a sus usuarios la conveniencia y la facilidad de incorporar el marcado de esquemas en las p\u00e1ginas y publicaciones de sus sitios web, facilitando as\u00ed el proceso de identificaci\u00f3n y comprensi\u00f3n del motor de b\u00fasqueda del contenido presente en los sitios antes mencionados. El complemento cuenta con una amplia gama de caracter\u00edsticas impresionantes, un marcado de esquema que abarca para m\u00faltiples tipos de contenido, campos de esquema personalizables, as\u00ed como generaci\u00f3n de marcado autom\u00e1tico de esquemas para contenido reci\u00e9n creado. Al optar por el esquema premium, los propietarios de sitios web obtienen la capacidad de mejorar sus clasificaciones de motores de b\u00fasqueda, aumentar su tr\u00e1fico de b\u00fasqueda org\u00e1nico y proporcionar informaci\u00f3n invaluable a los clientes.<\/p>\n<ul>\n<li>F\u00e1cil de instalar y usar complementos dise\u00f1ados espec\u00edficamente para sitios web de WordPress<\/li>\n<li>Permite a los propietarios del sitio agregar f\u00e1cilmente el marco de datos estructurados a su sitio sin ning\u00fan conocimiento de codificaci\u00f3n<\/li>\n<li>Ofrece marcados de esquema premium que est\u00e1n optimizados para los motores de b\u00fasqueda, mejorando la visibilidad del sitio web y la clasificaci\u00f3n del motor de b\u00fasqueda<\/li>\n<li>Incluye una gama de opciones de personalizaci\u00f3n, lo que permite a los propietarios de sitios adaptar su marcado de datos estructurados a su contenido y objetivos espec\u00edficos del sitio web.<\/li>\n<li>Actualizado constantemente para garantizar el cumplimiento de los nuevos est\u00e1ndares de esquema y los cambios en el panorama de optimizaci\u00f3n del motor de b\u00fasqueda<\/li>\n<li>Viene con documentaci\u00f3n detallada y atenci\u00f3n al cliente para ayudar con cualquier pregunta o problema que pueda surgir<\/li>\n<li>Se integra perfectamente con otros complementos y temas de WordPress, proporcionando una experiencia de usuario perfecta y coherente para los visitantes del sitio.<\/li>\n<\/ul>\n","protected":false},"excerpt":{"rendered":"<p>La entrada: los datos estructurados de esquema premium para el complemento de WordPress, una herramienta muy s\u00f3lida, ofrece asistencia invaluable tanto a los propietarios de sitios web como a los desarrolladores de incorporar sin esfuerzo el margen de datos estructurados en sus sitios web. La inclusi\u00f3n de datos estructurados facilita los motores de b\u00fasqueda para comprender el contenido presente en un sitio web, lo que mejora la clasificaci\u00f3n y la visibilidad del motor de b\u00fasqueda. Al utilizar este complemento, los usuarios pueden introducir de manera expedente y sin esfuerzo el marcado de esquema en sus p\u00e1ginas, publicaciones y varias otras formas de contenido. Adem\u00e1s, presenta una amplia gama de tipos de esquemas, que abarca negocios locales, art\u00edculo, producto, video y m\u00e1s, lo que lo convierte efectivamente en un instrumento adaptable y potente adecuado para cualquier sitio de WordPress. Independientemente de si posee una amplia competencia como desarrollador o simplemente se embarcan en su viaje de WordPress, la entrada: los datos estructurados premium de esquema para el complemento de WordPress son una herramienta indispensable para optimizar su sitio con respecto a los motores de b\u00fasqueda y aumentar su prominencia general en l\u00ednea.<\/p>\n","protected":false},"featured_media":167404,"comment_status":"open","ping_status":"open","template":"","meta":[],"product_brand":[2551],"product_cat":[1206,1360,1211],"product_tag":[2156],"class_list":{"0":"post-114602","1":"product","2":"type-product","3":"status-publish","4":"has-post-thumbnail","6":"product_brand-schema-press","7":"product_cat-plugins","8":"product_cat-seo","9":"product_cat-wordpress-plugins","10":"product_tag-schema-press","11":"member-discount","12":"discount-restricted","14":"first","15":"instock","16":"sale","17":"downloadable","18":"virtual","19":"sold-individually","20":"purchasable","21":"product-type-simple"},"_links":{"self":[{"href":"https:\/\/gpl-love.com\/es\/wp-json\/wp\/v2\/product\/114602","targetHints":{"allow":["GET"]}}],"collection":[{"href":"https:\/\/gpl-love.com\/es\/wp-json\/wp\/v2\/product"}],"about":[{"href":"https:\/\/gpl-love.com\/es\/wp-json\/wp\/v2\/types\/product"}],"replies":[{"embeddable":true,"href":"https:\/\/gpl-love.com\/es\/wp-json\/wp\/v2\/comments?post=114602"}],"wp:featuredmedia":[{"embeddable":true,"href":"https:\/\/gpl-love.com\/es\/wp-json\/wp\/v2\/media\/167404"}],"wp:attachment":[{"href":"https:\/\/gpl-love.com\/es\/wp-json\/wp\/v2\/media?parent=114602"}],"wp:term":[{"taxonomy":"product_brand","embeddable":true,"href":"https:\/\/gpl-love.com\/es\/wp-json\/wp\/v2\/product_brand?post=114602"},{"taxonomy":"product_cat","embeddable":true,"href":"https:\/\/gpl-love.com\/es\/wp-json\/wp\/v2\/product_cat?post=114602"},{"taxonomy":"product_tag","embeddable":true,"href":"https:\/\/gpl-love.com\/es\/wp-json\/wp\/v2\/product_tag?post=114602"}],"curies":[{"name":"wp","href":"https:\/\/api.w.org\/{rel}","templated":true}]}}