{"id":114594,"date":"2025-08-03T00:00:00","date_gmt":"2025-08-03T05:00:00","guid":{"rendered":"http:\/\/gpl-love.com\/es\/?post_type=product&#038;p=114594"},"modified":"2026-03-09T08:29:08","modified_gmt":"2026-03-09T13:29:08","slug":"wp-os-desktop-backend-wordpress-admin-theme","status":"publish","type":"product","link":"https:\/\/gpl-love.com\/es\/producto\/wp-os-desktop-backend-wordpress-admin-theme\/","title":{"rendered":"WP OS Desktop Backend WordPress Admin Theme 1.160"},"content":{"rendered":"<h3>WP OS Desktop Backend WordPress Admin Theme Caracteristicas<\/h3>\n<p>El tema de administraci\u00f3n de WordPress de escritorio del sistema operativo WP OS, un producto de vanguardia, cuenta con una interfaz sofisticada y f\u00e1cil de usar, facilitando la administraci\u00f3n perfecta de su sitio web de WordPress. Este tema se desarrolla exclusivamente para el backend de WordPress, que muestra un dise\u00f1o de estilo de escritorio distintivo y contempor\u00e1neo que no solo garantiza la navegaci\u00f3n sin esfuerzo, sino que tambi\u00e9n mejora el atractivo visual. Con su multitud de caracter\u00edsticas personalizables, que incluyen un men\u00fa totalmente adaptable y \u00e1reas de widgets, este tema ofrece un nivel de flexibilidad sin precedentes, lo que le permite adaptarlo con precisi\u00f3n para los requisitos \u00fanicos de su sitio web. Adem\u00e1s, el tema de administrador de WordPress de WP OS WP OSDOP prioriza el dise\u00f1o ligero y el rendimiento r\u00e1pido, garantizando la gesti\u00f3n de sitios web r\u00e1pida y eficiente. En resumen, este tema es un activo indispensable para discernir a los propietarios de sitios web de WordPress en busca de una soluci\u00f3n de gesti\u00f3n de backend s\u00f3lida y centrada en el usuario.<\/p>\n<ul>\n<li>Panel de administrador de WordPress aerodin\u00e1mico e intuitivo<\/li>\n<li>Esquema de color personalizable para que coincida con su marca o preferencia personal<\/li>\n<li>Dise\u00f1o receptivo para usar en dispositivos de escritorio y m\u00f3viles<\/li>\n<li>Dise\u00f1o limpio y organizado para una gesti\u00f3n eficiente de contenido<\/li>\n<li>Widgets personalizados y plantillas de p\u00e1gina para funcionalidades adicionales<\/li>\n<li>Caracter\u00edsticas de optimizaci\u00f3n de SEO incorporadas para mejorar el rendimiento del sitio web<\/li>\n<li>Soporte multiling\u00fce para audiencias globales<\/li>\n<li>Integraci\u00f3n f\u00e1cil con complementos y servicios de terceros<\/li>\n<li>Actualizaciones regulares y atenci\u00f3n al cliente en curso de desarrolladores experimentados<\/li>\n<li>Compatibilidad con todos los principales navegadores web para un rendimiento sin problemas.<\/li>\n<\/ul>\n","protected":false},"excerpt":{"rendered":"<p>El tema de administrador de Word WordPress de WP OS Desktop, un tema est\u00e9ticamente agradable y sofisticado, ha sido dise\u00f1ado espec\u00edficamente para el \u00e1rea de administraci\u00f3n de WordPress. Su objetivo principal es proporcionar a los usuarios una interfaz limpia y f\u00e1cil de usar que emule efectivamente la apariencia y la experiencia de un sistema operativo tradicional de escritorio. Esto facilita la utilizaci\u00f3n y navegaci\u00f3n sin esfuerzo, mejorando en \u00faltima instancia la experiencia general del usuario. Adem\u00e1s, este tema cuenta con una gran cantidad de caracter\u00edsticas personalizadas y opciones personalizables, como la capacidad de personalizar los widgets, la conveniencia de la funcionalidad de arrastrar y soltar y la inclusi\u00f3n de la tipograf\u00eda visualmente agradable. Todos estos elementos funcionan sin\u00e9rgicamente para permitir a los administradores del sitio web administrar efectivamente sus sitios de WordPress con una mayor eficiencia. El tema de administrador de Word WordPress de WP OS Desktop realmente abarca un dise\u00f1o contempor\u00e1neo y una funcionalidad avanzada, lo que lo hace ideal para las personas a cargo de la propiedad y la administraci\u00f3n del sitio que est\u00e1n ansiosas por cultivar un aire de profesionalismo y sofisticaci\u00f3n dentro de sus operaciones de backend.<\/p>\n","protected":false},"featured_media":168423,"comment_status":"open","ping_status":"open","template":"","meta":[],"product_brand":[2339],"product_cat":[1214,1206,1211],"product_tag":[1256],"class_list":{"0":"post-114594","1":"product","2":"type-product","3":"status-publish","4":"has-post-thumbnail","6":"product_brand-codecanyon","7":"product_cat-personalizacion","8":"product_cat-plugins","9":"product_cat-wordpress-plugins","10":"product_tag-codecanyon","11":"member-discount","12":"discount-restricted","14":"first","15":"instock","16":"sale","17":"downloadable","18":"virtual","19":"sold-individually","20":"purchasable","21":"product-type-simple"},"_links":{"self":[{"href":"https:\/\/gpl-love.com\/es\/wp-json\/wp\/v2\/product\/114594","targetHints":{"allow":["GET"]}}],"collection":[{"href":"https:\/\/gpl-love.com\/es\/wp-json\/wp\/v2\/product"}],"about":[{"href":"https:\/\/gpl-love.com\/es\/wp-json\/wp\/v2\/types\/product"}],"replies":[{"embeddable":true,"href":"https:\/\/gpl-love.com\/es\/wp-json\/wp\/v2\/comments?post=114594"}],"wp:featuredmedia":[{"embeddable":true,"href":"https:\/\/gpl-love.com\/es\/wp-json\/wp\/v2\/media\/168423"}],"wp:attachment":[{"href":"https:\/\/gpl-love.com\/es\/wp-json\/wp\/v2\/media?parent=114594"}],"wp:term":[{"taxonomy":"product_brand","embeddable":true,"href":"https:\/\/gpl-love.com\/es\/wp-json\/wp\/v2\/product_brand?post=114594"},{"taxonomy":"product_cat","embeddable":true,"href":"https:\/\/gpl-love.com\/es\/wp-json\/wp\/v2\/product_cat?post=114594"},{"taxonomy":"product_tag","embeddable":true,"href":"https:\/\/gpl-love.com\/es\/wp-json\/wp\/v2\/product_tag?post=114594"}],"curies":[{"name":"wp","href":"https:\/\/api.w.org\/{rel}","templated":true}]}}