{"id":114592,"date":"2024-12-07T00:00:00","date_gmt":"2024-12-07T05:00:00","guid":{"rendered":"http:\/\/gpl-love.com\/es\/?post_type=product&#038;p=114592"},"modified":"2026-04-10T11:22:14","modified_gmt":"2026-04-10T16:22:14","slug":"progrisaas-creative-landing-page-wordpress-theme","status":"publish","type":"product","link":"https:\/\/gpl-love.com\/es\/producto\/progrisaas-creative-landing-page-wordpress-theme\/","title":{"rendered":"ProgriSaaS Creative Landing Page WordPress Theme 1.1.8"},"content":{"rendered":"<h3>ProgriSaaS Creative Landing Page WordPress Theme Caracteristicas<\/h3>\n<p>El tema de WordPress de la p\u00e1gina de destino de Progrisaas, una soluci\u00f3n contempor\u00e1nea y de vanguardia, se presenta como una opci\u00f3n ideal tanto para las empresas como para las personas que buscan establecer una p\u00e1gina de destino pulida y visualmente cautivadora. Este tema inmensamente potente cuenta con una amplia gama de caracter\u00edsticas personalizables, lo que le otorga la oportunidad de dise\u00f1ar un dise\u00f1o que no solo sea distinto y personalizado, sino que tambi\u00e9n se alinea sin problemas con su identidad de marca y objetivos de comunicaci\u00f3n \u00fanicos. Dichas ventajas se ven aumentadas por el dise\u00f1o receptivo del tema y la interfaz f\u00e1cil de usar, lo que hace que la p\u00e1gina de destino creativa de Progrisaas WordPress sea una selecci\u00f3n impecable para aquellos que aspiran a involucrarse activamente con su p\u00fablico objetivo y transformar con \u00e9xito a simples visitantes en patrones leyales. Independientemente de si te encuentras al frente de una floreciente startup, una agencia creativa o un negocio ya establecido, este tema sirve como un instrumento indispensable, lo que te permite distinguir sin esfuerzo dentro de la vasta extensi\u00f3n de la esfera en l\u00ednea al tiempo que permite que simult\u00e1neamente lo permitan Realizaci\u00f3n de sus tan esperadas aspiraciones comerciales.<\/p>\n<ul>\n<li>Tema de WordPress premium de alta calidad<\/li>\n<li>Optimizado para crear impresionantes p\u00e1ginas de destino<\/li>\n<li>Dise\u00f1ado espec\u00edficamente para empresas en industrias creativas<\/li>\n<li>Construido con tecnolog\u00eda Progrisaas, asegurando velocidades de carga r\u00e1pidas y un rendimiento \u00f3ptimo<\/li>\n<li>Incluye una gama de plantillas y dise\u00f1os personalizables para diferentes tipos de p\u00e1ginas de destino<\/li>\n<li>Interfaz de arrastrar y soltar f\u00e1ciles de usar para la construcci\u00f3n de p\u00e1ginas sin esfuerzo<\/li>\n<li>Dise\u00f1o totalmente receptivo, asegurando una visualizaci\u00f3n perfecta en todos los tipos de dispositivos<\/li>\n<li>SEO amigable, con herramientas de optimizaci\u00f3n incorporadas para ayudar a mejorar la clasificaci\u00f3n de su motor de b\u00fasqueda<\/li>\n<li>Documentaci\u00f3n integral y atenci\u00f3n al cliente para ayudarlo a aprovechar al m\u00e1ximo su compra<\/li>\n<li>La funci\u00f3n de importaci\u00f3n de demostraci\u00f3n de un solo clic para configurar r\u00e1pidamente y comenzar con su p\u00e1gina de destino<\/li>\n<li>Actualizaciones y mejoras regulares para garantizar la compatibilidad continua con las \u00faltimas versiones y tendencias de WordPress.<\/li>\n<\/ul>\n","protected":false},"excerpt":{"rendered":"<p>El tema de WordPress de la p\u00e1gina de destino de Progrisaas, que se jactan de sus cualidades impecables, sirve como una soluci\u00f3n ideal para empresas o personas que buscan exhibir sus productos o servicios a trav\u00e9s de una p\u00e1gina de destino excepcionalmente profesional y visualmente cautivadora. Su dise\u00f1o elegante, junto con su capacidad para adaptarse a las preferencias individuales, garantiza que captura la atenci\u00f3n indivisa del p\u00fablico objetivo y conserva efectivamente su inter\u00e9s. Adem\u00e1s, abarca una gran cantidad de caracter\u00edsticas impresionantes, como la provisi\u00f3n para personalizar los esquemas de color, un dise\u00f1o receptivo que se ajusta perfectamente a varios dispositivos y un constructor de p\u00e1ginas f\u00e1cil de usar, lo que lo convierte experiencia para sus estimados visitantes. Independientemente de si usted es un propietario de un modesto establecimiento o un dise\u00f1ador web ansioso por mejorar la prominencia en l\u00ednea de su cliente, el tema de WordPress de la p\u00e1gina de destino Progrisaas representa el ep\u00edtome de la perfecci\u00f3n.<\/p>\n","protected":false},"featured_media":167268,"comment_status":"open","ping_status":"open","template":"","meta":[],"product_brand":[2337],"product_cat":[1267,1237,1238],"product_tag":[1391],"class_list":{"0":"post-114592","1":"product","2":"type-product","3":"status-publish","4":"has-post-thumbnail","6":"product_brand-themeforest","7":"product_cat-creativo","8":"product_cat-temas","9":"product_cat-wordpress-temas","10":"product_tag-themeforest","11":"member-discount","12":"discount-restricted","14":"first","15":"instock","16":"sale","17":"downloadable","18":"virtual","19":"sold-individually","20":"purchasable","21":"product-type-simple"},"_links":{"self":[{"href":"https:\/\/gpl-love.com\/es\/wp-json\/wp\/v2\/product\/114592","targetHints":{"allow":["GET"]}}],"collection":[{"href":"https:\/\/gpl-love.com\/es\/wp-json\/wp\/v2\/product"}],"about":[{"href":"https:\/\/gpl-love.com\/es\/wp-json\/wp\/v2\/types\/product"}],"replies":[{"embeddable":true,"href":"https:\/\/gpl-love.com\/es\/wp-json\/wp\/v2\/comments?post=114592"}],"wp:featuredmedia":[{"embeddable":true,"href":"https:\/\/gpl-love.com\/es\/wp-json\/wp\/v2\/media\/167268"}],"wp:attachment":[{"href":"https:\/\/gpl-love.com\/es\/wp-json\/wp\/v2\/media?parent=114592"}],"wp:term":[{"taxonomy":"product_brand","embeddable":true,"href":"https:\/\/gpl-love.com\/es\/wp-json\/wp\/v2\/product_brand?post=114592"},{"taxonomy":"product_cat","embeddable":true,"href":"https:\/\/gpl-love.com\/es\/wp-json\/wp\/v2\/product_cat?post=114592"},{"taxonomy":"product_tag","embeddable":true,"href":"https:\/\/gpl-love.com\/es\/wp-json\/wp\/v2\/product_tag?post=114592"}],"curies":[{"name":"wp","href":"https:\/\/api.w.org\/{rel}","templated":true}]}}