{"id":114588,"date":"2026-01-23T00:00:00","date_gmt":"2026-01-23T05:00:00","guid":{"rendered":"http:\/\/gpl-love.com\/es\/?post_type=product&#038;p=114588"},"modified":"2026-03-09T07:23:57","modified_gmt":"2026-03-09T12:23:57","slug":"clever-html5-radio-player-with-history","status":"publish","type":"product","link":"https:\/\/gpl-love.com\/es\/producto\/clever-html5-radio-player-with-history\/","title":{"rendered":"CLEVER HTML5 Radio Player With History 2.5.1"},"content":{"rendered":"<h3>CLEVER HTML5 Radio Player With History Caracteristicas<\/h3>\n<p>El inteligente reproductor de radio HTML5 con historia es un ejemplo en el \u00e1mbito de los reproductores de audio, proporcionando un medio sin esfuerzo para disfrutar de sus estaciones de radio preferidas. Este jugador cuenta con un dise\u00f1o sofisticado y f\u00e1cil de usar, otorg\u00e1ndole la capacidad de navegar sin esfuerzo a trav\u00e9s de una mir\u00edada de estaciones y g\u00e9neros. Adem\u00e1s, este jugador est\u00e1 equipado con una caracter\u00edstica de historial, que le brinda la conveniencia de acceder r\u00e1pidamente a las estaciones previamente disfrutadas. Con su utilizaci\u00f3n de la tecnolog\u00eda HTML5, este reproductor garantiza la compatibilidad con una extensa gama de dispositivos, lo que hace que sea f\u00e1cil de utilizar en su computadora personal, tableta o tel\u00e9fono inteligente. Al emitir un sonido de alta calidad y ofreciendo caracter\u00edsticas personalizables, el inteligente reproductor de radio HTML5 con historia sirve como la herramienta por excelencia para cualquier individuo con afinidad por la radio.<\/p>\n<ul>\n<li>Reproductor de radio HTML5 moderno y elegante<\/li>\n<li>Compatible con todos los principales navegadores<\/li>\n<li>Con una funci\u00f3n de historia incorporada para realizar un seguimiento de las canciones recientemente tocadas<\/li>\n<li>Interfaz f\u00e1cil de usar para navegaci\u00f3n sin costura<\/li>\n<li>Integraci\u00f3n simple para constructores y desarrolladores de sitios web<\/li>\n<li>Opciones de personalizaci\u00f3n completas para fines de marca<\/li>\n<li>Admite m\u00faltiples formatos de audio que incluyen MP3 y AAC<\/li>\n<li>M\u00faltiples opciones de retroceso para reproducci\u00f3n confiable<\/li>\n<li>M\u00f3vil receptivo para la escucha sobre la marcha<\/li>\n<li>Actualizaciones regulares y soporte t\u00e9cnico del desarrollador.<\/li>\n<\/ul>\n","protected":false},"excerpt":{"rendered":"<p>Experimente lo mejor del audio digital con nuestro inteligente reproductor de radio HTML5. Este reproductor de radio en l\u00ednea de primer nivel est\u00e1 dise\u00f1ado con la \u00faltima tecnolog\u00eda HTML5, asegurando una transmisi\u00f3n suave y audio de alta calidad. Una de sus caracter\u00edsticas destacadas es la funci\u00f3n de historia, que lo ayuda a realizar un seguimiento de todas sus pistas y estaciones favoritas. Esta caracter\u00edstica no solo mejora su experiencia auditiva, sino que tambi\u00e9n le permite volver a visitar sus momentos favoritos. El inteligente reproductor de radio HTML5 es f\u00e1cil de usar, compatible con todos los dispositivos y f\u00e1cil de instalar. No es solo un reproductor de radio; Es una soluci\u00f3n integral para todas sus necesidades de transmisi\u00f3n de audio. Descubra un nuevo mundo de audio digital con el inteligente reproductor de radio HTML5 con historia. \u00a1Prep\u00e1rate para una experiencia auditiva incomparable!<\/p>\n","protected":false},"featured_media":165632,"comment_status":"open","ping_status":"open","template":"","meta":[],"product_brand":[2339],"product_cat":[1214,1206,1211],"product_tag":[1256],"class_list":{"0":"post-114588","1":"product","2":"type-product","3":"status-publish","4":"has-post-thumbnail","6":"product_brand-codecanyon","7":"product_cat-personalizacion","8":"product_cat-plugins","9":"product_cat-wordpress-plugins","10":"product_tag-codecanyon","11":"member-discount","12":"discount-restricted","14":"first","15":"instock","16":"sale","17":"downloadable","18":"virtual","19":"sold-individually","20":"purchasable","21":"product-type-simple"},"_links":{"self":[{"href":"https:\/\/gpl-love.com\/es\/wp-json\/wp\/v2\/product\/114588","targetHints":{"allow":["GET"]}}],"collection":[{"href":"https:\/\/gpl-love.com\/es\/wp-json\/wp\/v2\/product"}],"about":[{"href":"https:\/\/gpl-love.com\/es\/wp-json\/wp\/v2\/types\/product"}],"replies":[{"embeddable":true,"href":"https:\/\/gpl-love.com\/es\/wp-json\/wp\/v2\/comments?post=114588"}],"wp:featuredmedia":[{"embeddable":true,"href":"https:\/\/gpl-love.com\/es\/wp-json\/wp\/v2\/media\/165632"}],"wp:attachment":[{"href":"https:\/\/gpl-love.com\/es\/wp-json\/wp\/v2\/media?parent=114588"}],"wp:term":[{"taxonomy":"product_brand","embeddable":true,"href":"https:\/\/gpl-love.com\/es\/wp-json\/wp\/v2\/product_brand?post=114588"},{"taxonomy":"product_cat","embeddable":true,"href":"https:\/\/gpl-love.com\/es\/wp-json\/wp\/v2\/product_cat?post=114588"},{"taxonomy":"product_tag","embeddable":true,"href":"https:\/\/gpl-love.com\/es\/wp-json\/wp\/v2\/product_tag?post=114588"}],"curies":[{"name":"wp","href":"https:\/\/api.w.org\/{rel}","templated":true}]}}