{"id":114586,"date":"2022-03-07T00:00:00","date_gmt":"2022-03-07T05:00:00","guid":{"rendered":"http:\/\/gpl-love.com\/es\/?post_type=product&#038;p=114586"},"modified":"2026-03-13T17:17:33","modified_gmt":"2026-03-13T22:17:33","slug":"cash-bay-loan-y-credit-money-wp-theme","status":"publish","type":"product","link":"https:\/\/gpl-love.com\/es\/producto\/cash-bay-loan-y-credit-money-wp-theme\/","title":{"rendered":"Cash Bay Loan y Credit Money WP Theme 1.1.0"},"content":{"rendered":"<h3>Cash Bay Loan y Credit Money WP Theme Caracteristicas<\/h3>\n<p>El tema WP de dinero y dinero de cr\u00e9dito de Cash Bay es un tema de WordPress excepcionalmente eficiente y f\u00e1cil de usar que ha sido dise\u00f1ado espec\u00edficamente para atender a las empresas que operan dentro de la industria de pr\u00e9stamos y cr\u00e9dito. Este tema en particular est\u00e1 equipado con una amplia gama de caracter\u00edsticas esenciales que est\u00e1n garantizadas para cumplir y superar los requisitos de su negocio, lo que le permite mostrar efectivamente su amplia gama de servicios, productos y, en \u00faltima instancia, mejorar la promoci\u00f3n de su marca en el entorno en l\u00ednea. . Lo que distingue a este tema de sus competidores es su dise\u00f1o altamente receptivo, su p\u00e1gina de inicio personalizable y una multitud de plantillas predise\u00f1adas que le brindan la oportunidad de crear sin esfuerzo un sitio web visualmente impresionante. Adem\u00e1s, el tema cuenta con un panel de administraci\u00f3n robusto, que le proporciona la capacidad de personalizar varios elementos de su sitio web con la mayor facilidad, incluidas, entre otros, fuentes, colores y dise\u00f1os, todo sin la necesidad de ninguna experiencia de codificaci\u00f3n previa. En conclusi\u00f3n, el tema WP de dinero y dinero de cr\u00e9dito de Cash Bay representa la soluci\u00f3n por excelencia para las empresas que buscan activamente establecer una presencia formidable en l\u00ednea y atraer una afluencia sustancial de posibles clientes a su sitio web.<\/p>\n<ul>\n<li>Tema de WordPress elegante y moderno dise\u00f1ado para empresas de pr\u00e9stamos y cr\u00e9dito<\/li>\n<li>Amplia gama de opciones de personalizaci\u00f3n para una apariencia personalizada<\/li>\n<li>Dise\u00f1o totalmente receptivo optimizado para dispositivos m\u00f3viles y de escritorio<\/li>\n<li>Calculadora de pr\u00e9stamos incorporada para ayudar a los clientes a estimar los pagos<\/li>\n<li>Integraci\u00f3n con pasarelas de pago populares para transacciones sin interrupciones<\/li>\n<li>Interfaz f\u00e1cil de usar para navegaci\u00f3n sin esfuerzo<\/li>\n<li>M\u00faltiples dise\u00f1os de p\u00e1gina de inicio y p\u00e1gina interior para mostrar servicios y productos<\/li>\n<li>Documentaci\u00f3n integral y atenci\u00f3n al cliente de primer nivel para una f\u00e1cil configuraci\u00f3n y mantenimiento<\/li>\n<li>Compatibilidad con complementos populares de WordPress para mejorar la funcionalidad y el rendimiento<\/li>\n<li>Rendimiento de alta velocidad y c\u00f3digo optimizado SEO para mejorar las clasificaciones de los motores de b\u00fasqueda<\/li>\n<\/ul>\n","protected":false},"excerpt":{"rendered":"<p>Latar el poder de la estabilidad financiera con el tema WP de dinero y dinero de cr\u00e9dito de Cash Bay. Este innovador tema de WordPress est\u00e1 dise\u00f1ado espec\u00edficamente para instituciones financieras, compa\u00f1\u00edas de pr\u00e9stamos y compa\u00f1\u00edas de tarjetas de cr\u00e9dito. Con su dise\u00f1o limpio y su interfaz f\u00e1cil de navegar, la gesti\u00f3n de sus servicios financieros nunca se ha simplificado m\u00e1s. Cash Bay ofrece funcionalidad excepcional, integraci\u00f3n perfecta y un rico conjunto de caracter\u00edsticas que lo ayudan a crear una plataforma atractiva y f\u00e1cil de usar. Desde calculadoras de pr\u00e9stamos hasta comparaciones de tarjetas de cr\u00e9dito, este tema viene equipado con herramientas que no solo mejoran la utilidad de su sitio web sino tambi\u00e9n su atractivo est\u00e9tico. El tema WP de dinero y dinero de cr\u00e9dito de Cash Bay es su clave para atraer clientes potenciales, impulsar el compromiso y promover sus servicios financieros con facilidad y eficiencia. \u00a1Experimenta la diferencia hoy!<\/p>\n","protected":false},"featured_media":165603,"comment_status":"open","ping_status":"open","template":"","meta":[],"product_brand":[2337],"product_cat":[1307,1237,1238],"product_tag":[1391],"class_list":{"0":"post-114586","1":"product","2":"type-product","3":"status-publish","4":"has-post-thumbnail","6":"product_brand-themeforest","7":"product_cat-negocio-wordpress-temas","8":"product_cat-temas","9":"product_cat-wordpress-temas","10":"product_tag-themeforest","11":"member-discount","12":"discount-restricted","14":"first","15":"instock","16":"sale","17":"downloadable","18":"virtual","19":"sold-individually","20":"purchasable","21":"product-type-simple"},"_links":{"self":[{"href":"https:\/\/gpl-love.com\/es\/wp-json\/wp\/v2\/product\/114586","targetHints":{"allow":["GET"]}}],"collection":[{"href":"https:\/\/gpl-love.com\/es\/wp-json\/wp\/v2\/product"}],"about":[{"href":"https:\/\/gpl-love.com\/es\/wp-json\/wp\/v2\/types\/product"}],"replies":[{"embeddable":true,"href":"https:\/\/gpl-love.com\/es\/wp-json\/wp\/v2\/comments?post=114586"}],"wp:featuredmedia":[{"embeddable":true,"href":"https:\/\/gpl-love.com\/es\/wp-json\/wp\/v2\/media\/165603"}],"wp:attachment":[{"href":"https:\/\/gpl-love.com\/es\/wp-json\/wp\/v2\/media?parent=114586"}],"wp:term":[{"taxonomy":"product_brand","embeddable":true,"href":"https:\/\/gpl-love.com\/es\/wp-json\/wp\/v2\/product_brand?post=114586"},{"taxonomy":"product_cat","embeddable":true,"href":"https:\/\/gpl-love.com\/es\/wp-json\/wp\/v2\/product_cat?post=114586"},{"taxonomy":"product_tag","embeddable":true,"href":"https:\/\/gpl-love.com\/es\/wp-json\/wp\/v2\/product_tag?post=114586"}],"curies":[{"name":"wp","href":"https:\/\/api.w.org\/{rel}","templated":true}]}}