{"id":114584,"date":"2021-06-29T00:00:00","date_gmt":"2021-06-29T05:00:00","guid":{"rendered":"http:\/\/gpl-love.com\/es\/?post_type=product&#038;p=114584"},"modified":"2026-03-13T17:15:13","modified_gmt":"2026-03-13T22:15:13","slug":"abc-tots-kindergarten-wordpres-theme","status":"publish","type":"product","link":"https:\/\/gpl-love.com\/es\/producto\/abc-tots-kindergarten-wordpres-theme\/","title":{"rendered":"Abc Tots Kindergarten WordPres Theme 1.6.5"},"content":{"rendered":"<h3>Abc Tots Kindergarten WordPres Theme Caracteristicas<\/h3>\n<p>El tema de WordPress de jard\u00edn de infantes ABC, reconocido por su versatilidad y estilo, sirve como una opci\u00f3n excepcional para sitios web dedicados a establecimientos preescolares o de jard\u00edn de infantes. Dise\u00f1ado con una gran conciencia de la esencia juguetona y vibrante sin\u00f3nimo de educaci\u00f3n temprana, este tema ofrece una variedad de caracter\u00edsticas personalizables que facilitan la creaci\u00f3n de una presencia en l\u00ednea exclusiva y cautivadora. Equipado con un constructor de p\u00e1ginas intuitivo y un dise\u00f1o que se adapta a la perfecci\u00f3n a varios dispositivos, el tema ABC Tots resulta ideal para exhibir el plan de estudios meticulosamente elaborado de su instituci\u00f3n, los estimados miembros de la facultad y las instalaciones de vanguardia. Ya sea que su objetivo sea para atraer a las futuras familias o mantener a los padres existentes bien informados y comprometidos activamente, este tema es una opci\u00f3n excepcional para cualquier centro de aprendizaje temprano.<\/p>\n<ul>\n<li>Dise\u00f1ado espec\u00edficamente para sitios web de jard\u00edn de infantes y educaci\u00f3n temprana<\/li>\n<li>Esquema de color brillante y juguet\u00f3n para atraer a los ni\u00f1os peque\u00f1os<\/li>\n<li>Dise\u00f1o f\u00e1cil de navegar para padres y maestros por igual<\/li>\n<li>P\u00e1gina de inicio personalizable con widgets de arrastrar y soltar para actualizaciones r\u00e1pidas y f\u00e1ciles<\/li>\n<li>Caracter\u00edsticas incorporadas exclusivas como formularios de inscripci\u00f3n en l\u00ednea, calendarios de eventos y galer\u00edas de fotos<\/li>\n<li>Dise\u00f1o receptivo para garantizar la compatibilidad en todos los dispositivos<\/li>\n<li>Compatible con los principales complementos de WordPress, incluidos WooCommerce y WPFORMS<\/li>\n<li>Incluye una variedad de opciones de fuentes e icono amigables para los ni\u00f1os para mejorar el atractivo visual<\/li>\n<li>Documentaci\u00f3n y apoyo integrales para ayudar con la personalizaci\u00f3n del tema y la soluci\u00f3n de problemas<\/li>\n<li>Actualizaciones regulares para garantizar un rendimiento y funcionalidad \u00f3ptimos.<\/li>\n<\/ul>\n","protected":false},"excerpt":{"rendered":"<p>El tema de WordPress de jard\u00edn de infantes ABC Tots es la soluci\u00f3n perfecta para aquellos que buscan crear un tema de WordPress del sitio web de jard\u00edn de infantes que encarna tanto el profesionalismo como la diversi\u00f3n. Este tema de WordPress de Kindergarten que receptiva proporciona una adaptabilidad integral en varios dispositivos y tama\u00f1os de pantalla, lo que lo convierte en un tema profesional de WordPress preescolar.<\/p>\n<p>Una caracter\u00edstica \u00fanica de este tema es que permite a los usuarios personalizar diferentes secciones de su p\u00e1gina de inicio, lo que lo convierte en un tema de sitio web preescolar personalizable. Los sorprendentes gr\u00e1ficos dentro de este tema, dise\u00f1ados espec\u00edficamente para un tema de WordPress con gr\u00e1ficos llamativos para el jard\u00edn de infantes, atienden tanto a padres como a ni\u00f1os, mejorando la experiencia general del usuario.<\/p>\n<p>El tema de WordPress de Kindergarten ABC Tots tambi\u00e9n es un tema de WordPress para la educaci\u00f3n infantil y se integra perfectamente con los complementos populares de WordPress, lo que lo convierte en un tema de jard\u00edn de infantes de WordPress con integraci\u00f3n de complementos. Este tema de WordPress de jard\u00edn de infantes f\u00e1ciles de usar es adecuado para principiantes y expertos de dise\u00f1o de sitios web, lo que lo convierte en un tema de WordPress amigable para los expertos para preescolar.<\/p>\n<p>Si est\u00e1 buscando crear un sitio web de educaci\u00f3n infantil cautivador, este tema de WordPress de Kindergarten orientado a la diversi\u00f3n es un ideal<\/p>\n","protected":false},"featured_media":165248,"comment_status":"open","ping_status":"open","template":"","meta":[],"product_brand":[2337],"product_cat":[1267,1237,1238],"product_tag":[1391],"class_list":{"0":"post-114584","1":"product","2":"type-product","3":"status-publish","4":"has-post-thumbnail","6":"product_brand-themeforest","7":"product_cat-creativo","8":"product_cat-temas","9":"product_cat-wordpress-temas","10":"product_tag-themeforest","11":"member-discount","12":"discount-restricted","14":"first","15":"instock","16":"sale","17":"downloadable","18":"virtual","19":"sold-individually","20":"purchasable","21":"product-type-simple"},"_links":{"self":[{"href":"https:\/\/gpl-love.com\/es\/wp-json\/wp\/v2\/product\/114584","targetHints":{"allow":["GET"]}}],"collection":[{"href":"https:\/\/gpl-love.com\/es\/wp-json\/wp\/v2\/product"}],"about":[{"href":"https:\/\/gpl-love.com\/es\/wp-json\/wp\/v2\/types\/product"}],"replies":[{"embeddable":true,"href":"https:\/\/gpl-love.com\/es\/wp-json\/wp\/v2\/comments?post=114584"}],"wp:featuredmedia":[{"embeddable":true,"href":"https:\/\/gpl-love.com\/es\/wp-json\/wp\/v2\/media\/165248"}],"wp:attachment":[{"href":"https:\/\/gpl-love.com\/es\/wp-json\/wp\/v2\/media?parent=114584"}],"wp:term":[{"taxonomy":"product_brand","embeddable":true,"href":"https:\/\/gpl-love.com\/es\/wp-json\/wp\/v2\/product_brand?post=114584"},{"taxonomy":"product_cat","embeddable":true,"href":"https:\/\/gpl-love.com\/es\/wp-json\/wp\/v2\/product_cat?post=114584"},{"taxonomy":"product_tag","embeddable":true,"href":"https:\/\/gpl-love.com\/es\/wp-json\/wp\/v2\/product_tag?post=114584"}],"curies":[{"name":"wp","href":"https:\/\/api.w.org\/{rel}","templated":true}]}}