{"id":114580,"date":"2026-02-05T00:00:00","date_gmt":"2026-02-05T05:00:00","guid":{"rendered":"http:\/\/gpl-love.com\/es\/?post_type=product&#038;p=114580"},"modified":"2026-03-09T08:25:15","modified_gmt":"2026-03-09T13:25:15","slug":"woocommerce-shipment-tracking","status":"publish","type":"product","link":"https:\/\/gpl-love.com\/es\/producto\/woocommerce-shipment-tracking\/","title":{"rendered":"WooCommerce Shipment Tracking 2.6.8"},"content":{"rendered":"<h3>WooCommerce Shipment Tracking Caracteristicas<\/h3>\n<p>El complemento de seguimiento de env\u00edo de WooCommerce se desarrolla espec\u00edficamente para atender a las empresas que utilizan WooCommerce como su plataforma de comercio electr\u00f3nico elegida. Su objetivo principal es permitir a los clientes rastrear sus env\u00edos en tiempo real, otorg\u00e1ndoles una sensaci\u00f3n de tranquilidad y una comprensi\u00f3n integral del progreso de su pedido. Este notable complemento se integra sin problemas con los servicios de mensajer\u00eda prominentes como UPS, FedEx y DHL, simplificando as\u00ed la tarea de administrar los datos de env\u00edo y seguimiento a trav\u00e9s de la conveniencia de una sola ubicaci\u00f3n centralizada. Adem\u00e1s, cuenta con la capacidad de generar sin esfuerzo notificaciones de correo electr\u00f3nico automatizadas tanto para clientes como para propietarios, asegurando que todas las partes involucradas permanezcan bien informadas con respecto a las \u00faltimas actualizaciones relacionadas con sus respectivos pedidos. En consecuencia, al incorporar la utilizaci\u00f3n del seguimiento de env\u00edos de WooCommerce, las empresas pueden optimizar efectivamente sus operaciones de env\u00edo, lo que finalmente conduce a la provisi\u00f3n de una experiencia del cliente mejorada y m\u00e1s gratificante.<\/p>\n<ul>\n<li>Proporciona informaci\u00f3n de seguimiento de env\u00edo para pedidos realizados a trav\u00e9s de WooCommerce<\/li>\n<li>Compatible con los principales transportistas de env\u00edo como UPS, FedEx, DHL, USPS y m\u00e1s<\/li>\n<li>Los clientes reciben actualizaciones en tiempo real sobre el estado de env\u00edo de su pedido<\/li>\n<li>Gesti\u00f3n de n\u00fameros de seguimiento f\u00e1cil con capacidad para importar\/exportar n\u00fameros de seguimiento a granel<\/li>\n<li>Notificaciones de correo electr\u00f3nico de seguimiento personalizable con encuestas de marca y seguimiento<\/li>\n<li>Detalles de seguimiento integrado en la p\u00e1gina del historial de pedidos del cliente<\/li>\n<li>Soporte multiling\u00fce para empresas globales<\/li>\n<li>An\u00e1lisis de seguimiento incorporado para monitorear el rendimiento del env\u00edo y mejorar la experiencia de entrega<\/li>\n<li>Interfaz f\u00e1cil de usar con configuraci\u00f3n y configuraci\u00f3n f\u00e1cil<\/li>\n<\/ul>\n","protected":false},"excerpt":{"rendered":"<p>El seguimiento de env\u00edos de WooCommerce, un complemento muy robusto, presenta a los clientes la oportunidad de monitorear sin esfuerzo el progreso de sus pedidos desde su sitio web. Al emplear esta herramienta de vanguardia, puede supervisar de manera efectiva los transportistas de env\u00edo y monitorear de cerca los paquetes. El complemento incluso automatiza el proceso de transmisi\u00f3n de detalles de seguimiento a los clientes por correo electr\u00f3nico, simplificando as\u00ed sus operaciones y garantizando una satisfacci\u00f3n \u00f3ptima del cliente. Sorprendentemente, el seguimiento de env\u00edos de WooCommerce se ha creado meticulosamente para integrarse sin problemas con WooCommerce, facilitando un proceso de configuraci\u00f3n y utilizaci\u00f3n sin esfuerzo. Independientemente de si usted es propietario de una empresa modesta o un minorista destacado, este complemento sirve como la soluci\u00f3n definitiva para garantizar que sus clientes est\u00e9n consistentemente bien informados y est\u00e1n extremadamente satisfechos.<\/p>\n","protected":false},"featured_media":168257,"comment_status":"open","ping_status":"open","template":"","meta":[],"product_brand":[2344],"product_cat":[1207,1248,1206],"product_tag":[1423],"class_list":{"0":"post-114580","1":"product","2":"type-product","3":"status-publish","4":"has-post-thumbnail","6":"product_brand-woocommerce","7":"product_cat-comercio-electronico-plugins","8":"product_cat-personalizacion-comercio-electronico-plugins","9":"product_cat-plugins","10":"product_tag-woocommerce","11":"member-discount","12":"discount-restricted","14":"first","15":"instock","16":"sale","17":"downloadable","18":"virtual","19":"sold-individually","20":"purchasable","21":"product-type-simple"},"_links":{"self":[{"href":"https:\/\/gpl-love.com\/es\/wp-json\/wp\/v2\/product\/114580","targetHints":{"allow":["GET"]}}],"collection":[{"href":"https:\/\/gpl-love.com\/es\/wp-json\/wp\/v2\/product"}],"about":[{"href":"https:\/\/gpl-love.com\/es\/wp-json\/wp\/v2\/types\/product"}],"replies":[{"embeddable":true,"href":"https:\/\/gpl-love.com\/es\/wp-json\/wp\/v2\/comments?post=114580"}],"wp:featuredmedia":[{"embeddable":true,"href":"https:\/\/gpl-love.com\/es\/wp-json\/wp\/v2\/media\/168257"}],"wp:attachment":[{"href":"https:\/\/gpl-love.com\/es\/wp-json\/wp\/v2\/media?parent=114580"}],"wp:term":[{"taxonomy":"product_brand","embeddable":true,"href":"https:\/\/gpl-love.com\/es\/wp-json\/wp\/v2\/product_brand?post=114580"},{"taxonomy":"product_cat","embeddable":true,"href":"https:\/\/gpl-love.com\/es\/wp-json\/wp\/v2\/product_cat?post=114580"},{"taxonomy":"product_tag","embeddable":true,"href":"https:\/\/gpl-love.com\/es\/wp-json\/wp\/v2\/product_tag?post=114580"}],"curies":[{"name":"wp","href":"https:\/\/api.w.org\/{rel}","templated":true}]}}