{"id":114551,"date":"2021-06-29T00:00:00","date_gmt":"2021-06-29T05:00:00","guid":{"rendered":"http:\/\/gpl-love.com\/es\/?post_type=product&#038;p=114551"},"modified":"2026-03-09T07:31:58","modified_gmt":"2026-03-09T12:31:58","slug":"enhanced-google-analytics-para-woocommerce","status":"publish","type":"product","link":"https:\/\/gpl-love.com\/es\/producto\/enhanced-google-analytics-para-woocommerce\/","title":{"rendered":"Enhanced Google Analytics para WooCommerce 4.1.0"},"content":{"rendered":"<h3>Enhanced Google Analytics para WooCommerce Caracteristicas<\/h3>\n<p>Google Analytics mejorados para WooCommerce es una herramienta excepcionalmente robusta e invaluable que permite a las empresas maximizar el potencial de su tienda en l\u00ednea al proporcionar informaci\u00f3n altamente completa sobre el comportamiento del cliente. Al aprovechar las capacidades de esta herramienta, los propietarios de las tiendas pueden monitorear y analizar meticulosamente una variedad de m\u00e9tricas cruciales que abarcan las vistas de los productos, las acciones de sujeci\u00f3n y el comportamiento de pago, facilitando as\u00ed la identificaci\u00f3n de \u00e1reas espec\u00edficas que requieren mejoras y brindar la oportunidad de tener la oportunidad de tener la oportunidad de Optimizar su tienda en l\u00ednea para mejorar dr\u00e1sticamente las tasas de conversi\u00f3n. Adem\u00e1s, el an\u00e1lisis de Google Analytics para WooCommerce tambi\u00e9n proporciona a las empresas acceso en tiempo real a datos invaluables relacionados con los indicadores clave de rendimiento, incluidos los ingresos, la tasa de conversi\u00f3n y el valor promedio del pedido, lo que capacita efectivamente a las empresas para tomar decisiones bien informadas y basadas en datos dirigidas al aumentar su retorno de la inversi\u00f3n. La integraci\u00f3n perfecta de esta herramienta con Google Analytics y WooCommerce garantiza un proceso de instalaci\u00f3n y configuraci\u00f3n sin problemas, al tiempo que proporciona al mismo tiempo a las empresas una soluci\u00f3n que abarca todo lo que aborda h\u00e1bilmente sus necesidades de optimizaci\u00f3n frente a su tienda en l\u00ednea.<\/p>\n<ul>\n<li>Proporciona an\u00e1lisis de datos integrales y precisos para las tiendas de WooCommerce a trav\u00e9s de la integraci\u00f3n con Google Analytics<\/li>\n<li>Ofrece informaci\u00f3n granular sobre el comportamiento del cliente, incluido el comportamiento de compra, el rendimiento del producto y las tasas de conversi\u00f3n<\/li>\n<li>Rastrea la demograf\u00eda de los clientes, los canales de adquisici\u00f3n y los datos de transacciones en tiempo real para una mejor toma de decisiones<\/li>\n<li>Permite el seguimiento personalizado de m\u00e9tricas y eventos clave, como el valor del pedido y la tasa de carrito abandonado, para un an\u00e1lisis m\u00e1s profundo<\/li>\n<li>Genera informes \u00fatiles sobre la participaci\u00f3n del cliente, el rendimiento del sitio y las campa\u00f1as de marketing para las estrategias de optimizaci\u00f3n y crecimiento<\/li>\n<li>F\u00e1cil proceso de instalaci\u00f3n y configuraci\u00f3n, con una integraci\u00f3n perfecta con cuentas de WooCommerce y Google Analytics<\/li>\n<li>Proporciona recomendaciones valiosas para mejorar su almac\u00e9n de comercio electr\u00f3nico en funci\u00f3n del an\u00e1lisis de datos y las mejores pr\u00e1cticas<\/li>\n<li>Ofrece una excelente atenci\u00f3n al cliente y actualizaciones regulares para mantenerse al d\u00eda con nuevas tendencias y tecnolog\u00edas en an\u00e1lisis de comercio electr\u00f3nico.<\/li>\n<\/ul>\n","protected":false},"excerpt":{"rendered":"<p>Google Analytics mejorados para WooCommerce es un complemento robusto que integra efectivamente Google Analytics en su tienda de comercio electr\u00f3nico, lo que le permite acceder a informes completos sobre m\u00e9tricas cruciales que incluyen ingresos, tasa de conversi\u00f3n y varios otros aspectos pertinentes. Al aprovechar Google Analytics mejorados, adquirir\u00e1 una visi\u00f3n profunda del comportamiento de sus clientes, lo que le permitir\u00e1 optimizar el rendimiento de su tienda e impulsar efectivamente la generaci\u00f3n de ingresos.<\/p>\n","protected":false},"featured_media":165985,"comment_status":"open","ping_status":"open","template":"","meta":[],"product_brand":[2339],"product_cat":[1206,1579,1211],"product_tag":[1256],"class_list":{"0":"post-114551","1":"product","2":"type-product","3":"status-publish","4":"has-post-thumbnail","6":"product_brand-codecanyon","7":"product_cat-plugins","8":"product_cat-rendimiento","9":"product_cat-wordpress-plugins","10":"product_tag-codecanyon","11":"member-discount","12":"discount-restricted","14":"first","15":"instock","16":"sale","17":"downloadable","18":"virtual","19":"sold-individually","20":"purchasable","21":"product-type-simple"},"_links":{"self":[{"href":"https:\/\/gpl-love.com\/es\/wp-json\/wp\/v2\/product\/114551","targetHints":{"allow":["GET"]}}],"collection":[{"href":"https:\/\/gpl-love.com\/es\/wp-json\/wp\/v2\/product"}],"about":[{"href":"https:\/\/gpl-love.com\/es\/wp-json\/wp\/v2\/types\/product"}],"replies":[{"embeddable":true,"href":"https:\/\/gpl-love.com\/es\/wp-json\/wp\/v2\/comments?post=114551"}],"wp:featuredmedia":[{"embeddable":true,"href":"https:\/\/gpl-love.com\/es\/wp-json\/wp\/v2\/media\/165985"}],"wp:attachment":[{"href":"https:\/\/gpl-love.com\/es\/wp-json\/wp\/v2\/media?parent=114551"}],"wp:term":[{"taxonomy":"product_brand","embeddable":true,"href":"https:\/\/gpl-love.com\/es\/wp-json\/wp\/v2\/product_brand?post=114551"},{"taxonomy":"product_cat","embeddable":true,"href":"https:\/\/gpl-love.com\/es\/wp-json\/wp\/v2\/product_cat?post=114551"},{"taxonomy":"product_tag","embeddable":true,"href":"https:\/\/gpl-love.com\/es\/wp-json\/wp\/v2\/product_tag?post=114551"}],"curies":[{"name":"wp","href":"https:\/\/api.w.org\/{rel}","templated":true}]}}