{"id":114549,"date":"2026-04-24T00:00:00","date_gmt":"2026-04-24T05:00:00","guid":{"rendered":"http:\/\/gpl-love.com\/es\/?post_type=product&#038;p=114549"},"modified":"2026-04-23T23:16:04","modified_gmt":"2026-04-24T04:16:04","slug":"scalability-pro-wordpress-plugin","status":"publish","type":"product","link":"https:\/\/gpl-love.com\/es\/producto\/scalability-pro-wordpress-plugin\/","title":{"rendered":"Scalability Pro WordPress Plugin 6.20.1"},"content":{"rendered":"<h3>Scalability Pro WordPress Plugin Caracteristicas<\/h3>\n<p>El complemento Scalability Pro WordPress, una herramienta muy potente, ofrece a los propietarios de sitios web un medio sin esfuerzo para mejorar el rendimiento y la eficacia de su sitio web. Su prop\u00f3sito radica en la optimizaci\u00f3n de la escalabilidad del sitio web de WordPress a trav\u00e9s de la optimizaci\u00f3n de la base de datos, la mejora del cach\u00e9 y la reducci\u00f3n de la carga del servidor. Adem\u00e1s, este complemento juega un papel crucial en el aumento de la velocidad y el rendimiento de sitios web expansivos que contienen innumerables p\u00e1ginas, publicaciones y medios de comunicaci\u00f3n. Al utilizar este complemento, los propietarios de sitios web pueden garantizar la capacidad de su sitio web para manejar vol\u00famenes sustanciales de tr\u00e1fico y ofrecer una experiencia de usuario ininterrumpida a todos los visitantes. El complemento Scalability Pro WordPress es una herramienta indispensable para las personas que buscan elevar la escalabilidad y el rendimiento de su sitio web de WordPress.<\/p>\n<ul>\n<li>Mejorar el rendimiento del sitio web con el complemento de WordPress de escalabilidad Pro<\/li>\n<li>Mejorar la capacidad de su sitio web para manejar los vol\u00famenes de alto tr\u00e1fico<\/li>\n<li>Agilizar las consultas de la base de datos de su sitio web para tiempos de carga m\u00e1s r\u00e1pidos<\/li>\n<li>Reduzca el uso de CPU y memoria para evitar bloqueos<\/li>\n<li>Personalizar la configuraci\u00f3n del complemento para adaptarse a las necesidades espec\u00edficas de su sitio web<\/li>\n<li>Monitorear el rendimiento y ajustar la configuraci\u00f3n en consecuencia<\/li>\n<li>Compatible con una variedad de proveedores de alojamiento y temas de WordPress<\/li>\n<li>Instalaci\u00f3n f\u00e1cil e integraci\u00f3n perfecta con su configuraci\u00f3n existente de WordPress<\/li>\n<li>Disfrute de una mayor participaci\u00f3n de los visitantes y mejor\u00f3 la clasificaci\u00f3n de Google con tiempos de carga m\u00e1s r\u00e1pidos.<\/li>\n<\/ul>\n","protected":false},"excerpt":{"rendered":"<p>El complemento Scalability Pro WordPress, reconocido por su potencia, sirve como un activo invaluable para reforzar la capacidad de su sitio web para administrar el mayor tr\u00e1fico y los requisitos de escala sin comprometer su rendimiento. Al integrar este complemento en su sitio web, puede garantizar su capacidad para acomodar una base de usuarios m\u00e1s grande y procesar un mayor volumen de datos, todo mientras se mantiene tiempos de carga expeditos y una funcionalidad perfecta. Con una gama integral de caracter\u00edsticas de vanguardia, como el almacenamiento en cach\u00e9 avanzado, la optimizaci\u00f3n y las opciones de personalizaci\u00f3n, el complemento de WordPress de escalabilidad Pro surge como un instrumento indispensable para empresas y plataformas en l\u00ednea que anhelan ampliar su huella digital y expandir su alcance de audiencia. No pierda tiempo y se embarque en su viaje hacia una escalabilidad elevada y un rendimiento mejorado para su sitio web de WordPress adoptando este complemento transformador hoy.<\/p>\n","protected":false},"featured_media":167402,"comment_status":"open","ping_status":"open","template":"","meta":[],"product_brand":[2550],"product_cat":[1206,1579,1211],"product_tag":[2153],"class_list":{"0":"post-114549","1":"product","2":"type-product","3":"status-publish","4":"has-post-thumbnail","6":"product_brand-wpintense","7":"product_cat-plugins","8":"product_cat-rendimiento","9":"product_cat-wordpress-plugins","10":"product_tag-wpintense","11":"member-discount","12":"discount-restricted","14":"first","15":"instock","16":"sale","17":"downloadable","18":"virtual","19":"sold-individually","20":"purchasable","21":"product-type-simple"},"_links":{"self":[{"href":"https:\/\/gpl-love.com\/es\/wp-json\/wp\/v2\/product\/114549","targetHints":{"allow":["GET"]}}],"collection":[{"href":"https:\/\/gpl-love.com\/es\/wp-json\/wp\/v2\/product"}],"about":[{"href":"https:\/\/gpl-love.com\/es\/wp-json\/wp\/v2\/types\/product"}],"replies":[{"embeddable":true,"href":"https:\/\/gpl-love.com\/es\/wp-json\/wp\/v2\/comments?post=114549"}],"wp:featuredmedia":[{"embeddable":true,"href":"https:\/\/gpl-love.com\/es\/wp-json\/wp\/v2\/media\/167402"}],"wp:attachment":[{"href":"https:\/\/gpl-love.com\/es\/wp-json\/wp\/v2\/media?parent=114549"}],"wp:term":[{"taxonomy":"product_brand","embeddable":true,"href":"https:\/\/gpl-love.com\/es\/wp-json\/wp\/v2\/product_brand?post=114549"},{"taxonomy":"product_cat","embeddable":true,"href":"https:\/\/gpl-love.com\/es\/wp-json\/wp\/v2\/product_cat?post=114549"},{"taxonomy":"product_tag","embeddable":true,"href":"https:\/\/gpl-love.com\/es\/wp-json\/wp\/v2\/product_tag?post=114549"}],"curies":[{"name":"wp","href":"https:\/\/api.w.org\/{rel}","templated":true}]}}